{"id":11606,"date":"2026-01-11T13:20:30","date_gmt":"2026-01-11T12:20:30","guid":{"rendered":"https:\/\/bobooaza.pl\/index.php\/produkt\/albero-mio-mata-do-przewijania-miekka-434-sloniki\/"},"modified":"2026-01-19T21:54:47","modified_gmt":"2026-01-19T20:54:47","slug":"albero-mio-mata-do-przewijania-miekka-434-sloniki","status":"publish","type":"product","link":"https:\/\/www.bobooaza.pl\/index.php\/produkt\/albero-mio-mata-do-przewijania-miekka-434-sloniki\/","title":{"rendered":"ALBERO MIO Mata do przewijania mi\u0119kka 434 S\u0141ONIKI"},"content":{"rendered":"<p>Mi\u0119kka mata do przewijania ALBERO MIO 434 S\u0142oniki to komfortowe i bezpieczne rozwi\u0105zanie do codziennej piel\u0119gnacji niemowl\u0119cia. Jej wymiary 70 x 47 cm sprawiaj\u0105, \u017ce idealnie pasuje na komod\u0119 lub p\u00f3\u0142koprzewijak, tworz\u0105c wygodn\u0105 przestrze\u0144 do przewijania bez dodatkowego usztywnienia. Mi\u0119kkie wype\u0142nienie z pianki zwi\u0119ksza wygod\u0119 dziecka, a odpowiednio wyprofilowane boki pomagaj\u0105 chroni\u0107 maluszka przed zsuni\u0119ciem si\u0119 z maty.<\/p>\n<p>Powierzchnia maty wykonana jest z delikatnej dla sk\u00f3ry dziecka folii, wolnej od ftalan\u00f3w i w 100% z poliestru, dzi\u0119ki czemu jest bezpieczna nawet przy codziennym u\u017cytkowaniu. Produkt zosta\u0142 wyprodukowany w Polsce z wysokiej jako\u015bci materia\u0142\u00f3w posiadaj\u0105cych certyfikaty potwierdzaj\u0105ce bezpiecze\u0144stwo dla najm\u0142odszych, co gwarantuje trwa\u0142o\u015b\u0107 oraz niezawodno\u015b\u0107.<\/p>\n<p>Uroczy wz\u00f3r S\u0142onik\u00f3w nadaje macie przyjazny, radosny charakter i \u015bwietnie komponuje si\u0119 z wystrojem pokoju dzieci\u0119cego. Ekologiczny nadruk jest bezpieczny dla dziecka, jednak przy intensywnym u\u017cytkowaniu mo\u017ce z czasem delikatnie blakn\u0105\u0107. Mata powinna by\u0107 stosowana wy\u0142\u0105cznie pod sta\u0142\u0105 opiek\u0105 osoby doros\u0142ej.<\/p>\n","protected":false},"excerpt":{"rendered":"<p>Mi\u0119kka mata do przewijania ALBERO MIO 434 S\u0142oniki to komfortowe i bezpieczne rozwi\u0105zanie do codziennej piel\u0119gnacji niemowl\u0119cia. Jej wymiary 70 x 47 cm sprawiaj\u0105, \u017ce idealnie pasuje na komod\u0119 lub p\u00f3\u0142koprzewijak, tworz\u0105c wygodn\u0105 przestrze\u0144 do przewijania bez dodatkowego usztywnienia. Mi\u0119kkie wype\u0142nienie z pianki zwi\u0119ksza wygod\u0119 dziecka, a odpowiednio wyprofilowane boki pomagaj\u0105 chroni\u0107 maluszka przed zsuni\u0119ciem [&hellip;]<\/p>\n","protected":false},"featured_media":11605,"comment_status":"open","ping_status":"closed","template":"","meta":[],"product_brand":[],"product_cat":[75,76,68],"product_tag":[],"class_list":{"0":"post-11606","1":"product","2":"type-product","3":"status-publish","4":"has-post-thumbnail","6":"product_cat-przewijanie-maty-i-podklady","7":"product_cat-dziecko","8":"product_cat-higiena-i-pielegnacja","10":"first","11":"instock","12":"taxable","13":"shipping-taxable","14":"purchasable","15":"product-type-simple"},"_links":{"self":[{"href":"https:\/\/www.bobooaza.pl\/index.php\/wp-json\/wp\/v2\/product\/11606","targetHints":{"allow":["GET"]}}],"collection":[{"href":"https:\/\/www.bobooaza.pl\/index.php\/wp-json\/wp\/v2\/product"}],"about":[{"href":"https:\/\/www.bobooaza.pl\/index.php\/wp-json\/wp\/v2\/types\/product"}],"replies":[{"embeddable":true,"href":"https:\/\/www.bobooaza.pl\/index.php\/wp-json\/wp\/v2\/comments?post=11606"}],"wp:featuredmedia":[{"embeddable":true,"href":"https:\/\/www.bobooaza.pl\/index.php\/wp-json\/wp\/v2\/media\/11605"}],"wp:attachment":[{"href":"https:\/\/www.bobooaza.pl\/index.php\/wp-json\/wp\/v2\/media?parent=11606"}],"wp:term":[{"taxonomy":"product_brand","embeddable":true,"href":"https:\/\/www.bobooaza.pl\/index.php\/wp-json\/wp\/v2\/product_brand?post=11606"},{"taxonomy":"product_cat","embeddable":true,"href":"https:\/\/www.bobooaza.pl\/index.php\/wp-json\/wp\/v2\/product_cat?post=11606"},{"taxonomy":"product_tag","embeddable":true,"href":"https:\/\/www.bobooaza.pl\/index.php\/wp-json\/wp\/v2\/product_tag?post=11606"}],"curies":[{"name":"wp","href":"https:\/\/api.w.org\/{rel}","templated":true}]}}