{"id":11612,"date":"2026-01-11T13:20:49","date_gmt":"2026-01-11T12:20:49","guid":{"rendered":"https:\/\/bobooaza.pl\/index.php\/produkt\/albero-mio-mata-do-przewijania-niemowlat-70x50-437-good-night-wloknina\/"},"modified":"2026-01-11T13:25:38","modified_gmt":"2026-01-11T12:25:38","slug":"albero-mio-mata-do-przewijania-niemowlat-70x50-437-good-night-wloknina","status":"publish","type":"product","link":"https:\/\/www.bobooaza.pl\/index.php\/produkt\/albero-mio-mata-do-przewijania-niemowlat-70x50-437-good-night-wloknina\/","title":{"rendered":"ALBERO MIO Mata do przewijania niemowl\u0105t 70&#215;50 437 Good night (w\u0142\u00f3knina)"},"content":{"rendered":"<p>Mi\u0119kka mata do przewijania niemowl\u0105t ALBERO MIO 437 Good Night o wymiarach 70 x 50 cm (+\/- 1 cm) to praktyczna mata p\u0142aska przeznaczona do po\u0142o\u017cenia na komodzie lub innych meblach do przewijania.<\/p>\n<p>Mata s\u0142u\u017cy do codziennej piel\u0119gnacji dziecka i nie posiada wyprofilowanych ani podwy\u017cszonych bok\u00f3w. Powierzchnia maty wykonana jest z folii bez ftalan\u00f3w, bezpiecznej dla sk\u00f3ry maluszka. Wype\u0142nienie stanowi mi\u0119kka, puszysta w\u0142\u00f3knina silikonowa, zapewniaj\u0105ca komfort i ochron\u0119 podczas przewijania.<\/p>\n<p>Produkt nale\u017cy stosowa\u0107 wy\u0142\u0105cznie pod opiek\u0105 osoby doros\u0142ej. Wyprodukowano go w Polsce z materia\u0142\u00f3w wysokiej jako\u015bci posiadaj\u0105cych certyfikaty bezpiecze\u0144stwa dla dzieci.<\/p>\n<p>Ekologiczny nadruk, mimo \u017ce bezpieczny, mo\u017ce przy cz\u0119stym u\u017cytkowaniu delikatnie blakn\u0105\u0107.<\/p>\n","protected":false},"excerpt":{"rendered":"<p>Mi\u0119kka mata do przewijania niemowl\u0105t ALBERO MIO 437 Good Night o wymiarach 70 x 50 cm (+\/- 1 cm) to praktyczna mata p\u0142aska przeznaczona do po\u0142o\u017cenia na komodzie lub innych meblach do przewijania. Mata s\u0142u\u017cy do codziennej piel\u0119gnacji dziecka i nie posiada wyprofilowanych ani podwy\u017cszonych bok\u00f3w. Powierzchnia maty wykonana jest z folii bez ftalan\u00f3w, bezpiecznej [&hellip;]<\/p>\n","protected":false},"featured_media":11611,"comment_status":"open","ping_status":"closed","template":"","meta":[],"product_brand":[],"product_cat":[75,76,68],"product_tag":[],"class_list":{"0":"post-11612","1":"product","2":"type-product","3":"status-publish","4":"has-post-thumbnail","6":"product_cat-przewijanie-maty-i-podklady","7":"product_cat-dziecko","8":"product_cat-higiena-i-pielegnacja","10":"first","11":"instock","12":"taxable","13":"shipping-taxable","14":"purchasable","15":"product-type-simple"},"_links":{"self":[{"href":"https:\/\/www.bobooaza.pl\/index.php\/wp-json\/wp\/v2\/product\/11612","targetHints":{"allow":["GET"]}}],"collection":[{"href":"https:\/\/www.bobooaza.pl\/index.php\/wp-json\/wp\/v2\/product"}],"about":[{"href":"https:\/\/www.bobooaza.pl\/index.php\/wp-json\/wp\/v2\/types\/product"}],"replies":[{"embeddable":true,"href":"https:\/\/www.bobooaza.pl\/index.php\/wp-json\/wp\/v2\/comments?post=11612"}],"wp:featuredmedia":[{"embeddable":true,"href":"https:\/\/www.bobooaza.pl\/index.php\/wp-json\/wp\/v2\/media\/11611"}],"wp:attachment":[{"href":"https:\/\/www.bobooaza.pl\/index.php\/wp-json\/wp\/v2\/media?parent=11612"}],"wp:term":[{"taxonomy":"product_brand","embeddable":true,"href":"https:\/\/www.bobooaza.pl\/index.php\/wp-json\/wp\/v2\/product_brand?post=11612"},{"taxonomy":"product_cat","embeddable":true,"href":"https:\/\/www.bobooaza.pl\/index.php\/wp-json\/wp\/v2\/product_cat?post=11612"},{"taxonomy":"product_tag","embeddable":true,"href":"https:\/\/www.bobooaza.pl\/index.php\/wp-json\/wp\/v2\/product_tag?post=11612"}],"curies":[{"name":"wp","href":"https:\/\/api.w.org\/{rel}","templated":true}]}}