{"id":11616,"date":"2026-01-11T13:21:01","date_gmt":"2026-01-11T12:21:01","guid":{"rendered":"https:\/\/bobooaza.pl\/index.php\/produkt\/albero-mio-mata-do-przewijania-niemowlat-wloknina-70x50-440-baletnica\/"},"modified":"2026-01-19T21:54:48","modified_gmt":"2026-01-19T20:54:48","slug":"albero-mio-mata-do-przewijania-niemowlat-wloknina-70x50-440-baletnica","status":"publish","type":"product","link":"https:\/\/www.bobooaza.pl\/index.php\/produkt\/albero-mio-mata-do-przewijania-niemowlat-wloknina-70x50-440-baletnica\/","title":{"rendered":"ALBERO MIO Mata do przewijania niemowl\u0105t (w\u0142\u00f3knina) 70&#215;50 440 Baletnica"},"content":{"rendered":"<p>Mi\u0119kka mata do przewijania niemowl\u0105t ALBERO MIO 440 Baletnica o wymiarach 70 x 50 cm (+\/- 1 cm) to praktyczne i bezpieczne rozwi\u0105zanie do codziennej piel\u0119gnacji dziecka. Produkt przeznaczony jest do po\u0142o\u017cenia na komodzie lub innych meblach do przewijania i nie posiada wyprofilowanych, podwy\u017cszonych bok\u00f3w, dlatego nazywany jest mat\u0105 p\u0142ask\u0105.<\/p>\n<p>Powierzchnia maty wykonana jest z folii bez ftalan\u00f3w, bezpiecznej dla sk\u00f3ry dziecka. Wn\u0119trze wype\u0142niono mi\u0119kk\u0105, puszyst\u0105 w\u0142\u00f3knin\u0105 silikonow\u0105, kt\u00f3ra zapewnia komfort i ochron\u0119 maluszka.<\/p>\n<p>Mata jest lekka i \u0142atwa w u\u017cytkowaniu, nale\u017cy jednak stosowa\u0107 j\u0105 wy\u0142\u0105cznie pod opiek\u0105 osoby doros\u0142ej. Produkt zosta\u0142 wyprodukowany w Polsce z wysokiej jako\u015bci materia\u0142\u00f3w posiadaj\u0105cych certyfikaty bezpiecze\u0144stwa dla najm\u0142odszych.<\/p>\n<p>Ekologiczny nadruk, mimo \u017ce bezpieczny dla dziecka, mo\u017ce przy intensywnym u\u017cytkowaniu delikatnie blakn\u0105\u0107.<\/p>\n","protected":false},"excerpt":{"rendered":"<p>Mi\u0119kka mata do przewijania niemowl\u0105t ALBERO MIO 440 Baletnica o wymiarach 70 x 50 cm (+\/- 1 cm) to praktyczne i bezpieczne rozwi\u0105zanie do codziennej piel\u0119gnacji dziecka. Produkt przeznaczony jest do po\u0142o\u017cenia na komodzie lub innych meblach do przewijania i nie posiada wyprofilowanych, podwy\u017cszonych bok\u00f3w, dlatego nazywany jest mat\u0105 p\u0142ask\u0105. Powierzchnia maty wykonana jest z [&hellip;]<\/p>\n","protected":false},"featured_media":11615,"comment_status":"open","ping_status":"closed","template":"","meta":[],"product_brand":[],"product_cat":[75,76,68],"product_tag":[],"class_list":{"0":"post-11616","1":"product","2":"type-product","3":"status-publish","4":"has-post-thumbnail","6":"product_cat-przewijanie-maty-i-podklady","7":"product_cat-dziecko","8":"product_cat-higiena-i-pielegnacja","10":"first","11":"instock","12":"taxable","13":"shipping-taxable","14":"purchasable","15":"product-type-simple"},"_links":{"self":[{"href":"https:\/\/www.bobooaza.pl\/index.php\/wp-json\/wp\/v2\/product\/11616","targetHints":{"allow":["GET"]}}],"collection":[{"href":"https:\/\/www.bobooaza.pl\/index.php\/wp-json\/wp\/v2\/product"}],"about":[{"href":"https:\/\/www.bobooaza.pl\/index.php\/wp-json\/wp\/v2\/types\/product"}],"replies":[{"embeddable":true,"href":"https:\/\/www.bobooaza.pl\/index.php\/wp-json\/wp\/v2\/comments?post=11616"}],"wp:featuredmedia":[{"embeddable":true,"href":"https:\/\/www.bobooaza.pl\/index.php\/wp-json\/wp\/v2\/media\/11615"}],"wp:attachment":[{"href":"https:\/\/www.bobooaza.pl\/index.php\/wp-json\/wp\/v2\/media?parent=11616"}],"wp:term":[{"taxonomy":"product_brand","embeddable":true,"href":"https:\/\/www.bobooaza.pl\/index.php\/wp-json\/wp\/v2\/product_brand?post=11616"},{"taxonomy":"product_cat","embeddable":true,"href":"https:\/\/www.bobooaza.pl\/index.php\/wp-json\/wp\/v2\/product_cat?post=11616"},{"taxonomy":"product_tag","embeddable":true,"href":"https:\/\/www.bobooaza.pl\/index.php\/wp-json\/wp\/v2\/product_tag?post=11616"}],"curies":[{"name":"wp","href":"https:\/\/api.w.org\/{rel}","templated":true}]}}