{"id":11618,"date":"2026-01-11T13:22:12","date_gmt":"2026-01-11T12:22:12","guid":{"rendered":"https:\/\/bobooaza.pl\/index.php\/produkt\/b-o-509-podklad-do-przewijania-60x90-10-szt\/"},"modified":"2026-01-19T20:20:46","modified_gmt":"2026-01-19T19:20:46","slug":"b-o-509-podklad-do-przewijania-60x90-10-szt","status":"publish","type":"product","link":"https:\/\/www.bobooaza.pl\/index.php\/produkt\/b-o-509-podklad-do-przewijania-60x90-10-szt\/","title":{"rendered":"B.O.509 Podk\u0142ad do przewijania 60&#215;90 10 szt."},"content":{"rendered":"<p>Podk\u0142ady higieniczne B.O.509 do przewijania maj\u0105 wymiary 60 \u00d7 90 cm i s\u0105 pakowane po 10 sztuk. Doskonale sprawdzaj\u0105 si\u0119 podczas przewijania niemowl\u0105t, a tak\u017ce dla kobiet w okresie po\u0142ogu. Podk\u0142ady s\u0105 superch\u0142onne dzi\u0119ki zawarto\u015bci superabsorbentu, kt\u00f3ry szybko wch\u0142ania wilgo\u0107 i neutralizuje nieprzyjemne zapachy. Zewn\u0119trzna folia chroni przed zabrudzeniami, a paski samoprzylepne zapobiegaj\u0105 przesuwaniu si\u0119 podk\u0142adu. Warstwa wierzchnia jest oddychaj\u0105ca, a ca\u0142o\u015b\u0107 bardzo cienka i mi\u0119kka, co zapewnia komfort u\u017cytkowania.<\/p>\n","protected":false},"excerpt":{"rendered":"<p>Podk\u0142ady higieniczne B.O.509 do przewijania maj\u0105 wymiary 60 \u00d7 90 cm i s\u0105 pakowane po 10 sztuk. Doskonale sprawdzaj\u0105 si\u0119 podczas przewijania niemowl\u0105t, a tak\u017ce dla kobiet w okresie po\u0142ogu. Podk\u0142ady s\u0105 superch\u0142onne dzi\u0119ki zawarto\u015bci superabsorbentu, kt\u00f3ry szybko wch\u0142ania wilgo\u0107 i neutralizuje nieprzyjemne zapachy. Zewn\u0119trzna folia chroni przed zabrudzeniami, a paski samoprzylepne zapobiegaj\u0105 przesuwaniu si\u0119 [&hellip;]<\/p>\n","protected":false},"featured_media":11617,"comment_status":"open","ping_status":"closed","template":"","meta":[],"product_brand":[],"product_cat":[75,76,68],"product_tag":[],"class_list":{"0":"post-11618","1":"product","2":"type-product","3":"status-publish","4":"has-post-thumbnail","6":"product_cat-przewijanie-maty-i-podklady","7":"product_cat-dziecko","8":"product_cat-higiena-i-pielegnacja","10":"first","11":"instock","12":"taxable","13":"shipping-taxable","14":"purchasable","15":"product-type-simple"},"_links":{"self":[{"href":"https:\/\/www.bobooaza.pl\/index.php\/wp-json\/wp\/v2\/product\/11618","targetHints":{"allow":["GET"]}}],"collection":[{"href":"https:\/\/www.bobooaza.pl\/index.php\/wp-json\/wp\/v2\/product"}],"about":[{"href":"https:\/\/www.bobooaza.pl\/index.php\/wp-json\/wp\/v2\/types\/product"}],"replies":[{"embeddable":true,"href":"https:\/\/www.bobooaza.pl\/index.php\/wp-json\/wp\/v2\/comments?post=11618"}],"wp:featuredmedia":[{"embeddable":true,"href":"https:\/\/www.bobooaza.pl\/index.php\/wp-json\/wp\/v2\/media\/11617"}],"wp:attachment":[{"href":"https:\/\/www.bobooaza.pl\/index.php\/wp-json\/wp\/v2\/media?parent=11618"}],"wp:term":[{"taxonomy":"product_brand","embeddable":true,"href":"https:\/\/www.bobooaza.pl\/index.php\/wp-json\/wp\/v2\/product_brand?post=11618"},{"taxonomy":"product_cat","embeddable":true,"href":"https:\/\/www.bobooaza.pl\/index.php\/wp-json\/wp\/v2\/product_cat?post=11618"},{"taxonomy":"product_tag","embeddable":true,"href":"https:\/\/www.bobooaza.pl\/index.php\/wp-json\/wp\/v2\/product_tag?post=11618"}],"curies":[{"name":"wp","href":"https:\/\/api.w.org\/{rel}","templated":true}]}}