{"id":11620,"date":"2026-01-11T13:27:29","date_gmt":"2026-01-11T12:27:29","guid":{"rendered":"https:\/\/bobooaza.pl\/index.php\/produkt\/nivea-baby-80571-chusteczki-toddies-a57\/"},"modified":"2026-01-11T13:39:32","modified_gmt":"2026-01-11T12:39:32","slug":"nivea-baby-80571-chusteczki-toddies-a57","status":"publish","type":"product","link":"https:\/\/www.bobooaza.pl\/index.php\/produkt\/nivea-baby-80571-chusteczki-toddies-a57\/","title":{"rendered":"NIVEA BABY 80571 Chusteczki Toddies A57"},"content":{"rendered":"<p>Chusteczki NIVEA BABY Toddies A57 s\u0105 biodegradowalne i wielofunkcyjne, delikatnie oczyszczaj\u0105 buzi\u0119, r\u0105czki oraz okolice oko\u0142opieluszkowe dziecka. Zosta\u0142y stworzone, aby wspiera\u0107 proces nauki samodzielnego korzystania z toalety lub nocnika. Zawieraj\u0105 w 100% naturalny ekstrakt z migda\u0142\u00f3w i s\u0105 wykonane w 100% z w\u0142\u00f3kien ro\u015blinnych. Formu\u0142a jest wega\u0144ska, biodegradowalna i nie zawiera mikroplastiku. Tolerancja dla wra\u017cliwej sk\u00f3ry niemowl\u0105t i dzieci zosta\u0142a potwierdzona dermatologicznie, a produkt jest rekomendowany przez Instytut Centrum Zdrowia Matki Polki. Chusteczki nie zawieraj\u0105 kompozycji zapachowej ani mikroplastik\u00f3w, co minimalizuje ryzyko alergii. Sk\u0142ad obejmuje wod\u0119, gliceryn\u0119, kwas mlekowy, konserwanty oraz ekstrakt z migda\u0142\u00f3w.<\/p>\n","protected":false},"excerpt":{"rendered":"<p>Chusteczki NIVEA BABY Toddies A57 s\u0105 biodegradowalne i wielofunkcyjne, delikatnie oczyszczaj\u0105 buzi\u0119, r\u0105czki oraz okolice oko\u0142opieluszkowe dziecka. Zosta\u0142y stworzone, aby wspiera\u0107 proces nauki samodzielnego korzystania z toalety lub nocnika. Zawieraj\u0105 w 100% naturalny ekstrakt z migda\u0142\u00f3w i s\u0105 wykonane w 100% z w\u0142\u00f3kien ro\u015blinnych. Formu\u0142a jest wega\u0144ska, biodegradowalna i nie zawiera mikroplastiku. Tolerancja dla wra\u017cliwej [&hellip;]<\/p>\n","protected":false},"featured_media":11619,"comment_status":"open","ping_status":"closed","template":"","meta":[],"product_brand":[],"product_cat":[102,76,68],"product_tag":[],"class_list":{"0":"post-11620","1":"product","2":"type-product","3":"status-publish","4":"has-post-thumbnail","6":"product_cat-chusteczki-nawilzane","7":"product_cat-dziecko","8":"product_cat-higiena-i-pielegnacja","10":"first","11":"instock","12":"taxable","13":"shipping-taxable","14":"purchasable","15":"product-type-simple"},"_links":{"self":[{"href":"https:\/\/www.bobooaza.pl\/index.php\/wp-json\/wp\/v2\/product\/11620","targetHints":{"allow":["GET"]}}],"collection":[{"href":"https:\/\/www.bobooaza.pl\/index.php\/wp-json\/wp\/v2\/product"}],"about":[{"href":"https:\/\/www.bobooaza.pl\/index.php\/wp-json\/wp\/v2\/types\/product"}],"replies":[{"embeddable":true,"href":"https:\/\/www.bobooaza.pl\/index.php\/wp-json\/wp\/v2\/comments?post=11620"}],"wp:featuredmedia":[{"embeddable":true,"href":"https:\/\/www.bobooaza.pl\/index.php\/wp-json\/wp\/v2\/media\/11619"}],"wp:attachment":[{"href":"https:\/\/www.bobooaza.pl\/index.php\/wp-json\/wp\/v2\/media?parent=11620"}],"wp:term":[{"taxonomy":"product_brand","embeddable":true,"href":"https:\/\/www.bobooaza.pl\/index.php\/wp-json\/wp\/v2\/product_brand?post=11620"},{"taxonomy":"product_cat","embeddable":true,"href":"https:\/\/www.bobooaza.pl\/index.php\/wp-json\/wp\/v2\/product_cat?post=11620"},{"taxonomy":"product_tag","embeddable":true,"href":"https:\/\/www.bobooaza.pl\/index.php\/wp-json\/wp\/v2\/product_tag?post=11620"}],"curies":[{"name":"wp","href":"https:\/\/api.w.org\/{rel}","templated":true}]}}