{"id":11625,"date":"2026-01-11T13:27:44","date_gmt":"2026-01-11T12:27:44","guid":{"rendered":"https:\/\/bobooaza.pl\/index.php\/produkt\/canpol-14-200-chusteczki-nawilzana-dla-niemowlat-i-dzieci-60-szt\/"},"modified":"2026-01-11T13:39:33","modified_gmt":"2026-01-11T12:39:33","slug":"canpol-14-200-chusteczki-nawilzana-dla-niemowlat-i-dzieci-60-szt","status":"publish","type":"product","link":"https:\/\/www.bobooaza.pl\/index.php\/produkt\/canpol-14-200-chusteczki-nawilzana-dla-niemowlat-i-dzieci-60-szt\/","title":{"rendered":"CANPOL 14\/200 Chusteczki nawil\u017cana dla niemowl\u0105t i dzieci 60 szt."},"content":{"rendered":"<p>Chusteczki nawil\u017cane CANPOL 14\/200 dla niemowl\u0105t i dzieci zawieraj\u0105 60 sztuk i s\u0105 przeznaczone do codziennej piel\u0119gnacji sk\u00f3ry wra\u017cliwej, tak\u017ce od pierwszego dnia \u017cycia. Zawieraj\u0105 99% czystej wody oraz cztery sk\u0142adniki aktywne, w tym trehaloz\u0119, kt\u00f3ra nawil\u017ca i \u0142agodzi sk\u00f3r\u0119, oraz kwas mlekowy, kt\u00f3ry odbudowuje pH sk\u00f3ry i przywraca jej optymalny fizjologiczny odczyn. Chusteczki wykonane s\u0105 z mi\u0119kkiej, delikatnej, a jednocze\u015bnie wytrzyma\u0142ej wiskozy pochodzenia naturalnego, silnie nas\u0105czone, skutecznie oczyszczaj\u0105 sk\u00f3r\u0119 dziecka. S\u0105 ca\u0142kowicie biodegradowalne, a opakowanie wykonane z monofolii nadaje si\u0119 w 100% do recyklingu. Dzi\u0119ki szczelnemu paskowi zamykaj\u0105cemu \u0142atwo je przechowywa\u0107, a po wielokrotnym otwarciu nie wysychaj\u0105. Produkt wyprodukowany w Polsce.<\/p>\n","protected":false},"excerpt":{"rendered":"<p>Chusteczki nawil\u017cane CANPOL 14\/200 dla niemowl\u0105t i dzieci zawieraj\u0105 60 sztuk i s\u0105 przeznaczone do codziennej piel\u0119gnacji sk\u00f3ry wra\u017cliwej, tak\u017ce od pierwszego dnia \u017cycia. Zawieraj\u0105 99% czystej wody oraz cztery sk\u0142adniki aktywne, w tym trehaloz\u0119, kt\u00f3ra nawil\u017ca i \u0142agodzi sk\u00f3r\u0119, oraz kwas mlekowy, kt\u00f3ry odbudowuje pH sk\u00f3ry i przywraca jej optymalny fizjologiczny odczyn. Chusteczki wykonane [&hellip;]<\/p>\n","protected":false},"featured_media":11624,"comment_status":"open","ping_status":"closed","template":"","meta":[],"product_brand":[],"product_cat":[102,76,68],"product_tag":[],"class_list":{"0":"post-11625","1":"product","2":"type-product","3":"status-publish","4":"has-post-thumbnail","6":"product_cat-chusteczki-nawilzane","7":"product_cat-dziecko","8":"product_cat-higiena-i-pielegnacja","10":"first","11":"instock","12":"taxable","13":"shipping-taxable","14":"purchasable","15":"product-type-simple"},"_links":{"self":[{"href":"https:\/\/www.bobooaza.pl\/index.php\/wp-json\/wp\/v2\/product\/11625","targetHints":{"allow":["GET"]}}],"collection":[{"href":"https:\/\/www.bobooaza.pl\/index.php\/wp-json\/wp\/v2\/product"}],"about":[{"href":"https:\/\/www.bobooaza.pl\/index.php\/wp-json\/wp\/v2\/types\/product"}],"replies":[{"embeddable":true,"href":"https:\/\/www.bobooaza.pl\/index.php\/wp-json\/wp\/v2\/comments?post=11625"}],"wp:featuredmedia":[{"embeddable":true,"href":"https:\/\/www.bobooaza.pl\/index.php\/wp-json\/wp\/v2\/media\/11624"}],"wp:attachment":[{"href":"https:\/\/www.bobooaza.pl\/index.php\/wp-json\/wp\/v2\/media?parent=11625"}],"wp:term":[{"taxonomy":"product_brand","embeddable":true,"href":"https:\/\/www.bobooaza.pl\/index.php\/wp-json\/wp\/v2\/product_brand?post=11625"},{"taxonomy":"product_cat","embeddable":true,"href":"https:\/\/www.bobooaza.pl\/index.php\/wp-json\/wp\/v2\/product_cat?post=11625"},{"taxonomy":"product_tag","embeddable":true,"href":"https:\/\/www.bobooaza.pl\/index.php\/wp-json\/wp\/v2\/product_tag?post=11625"}],"curies":[{"name":"wp","href":"https:\/\/api.w.org\/{rel}","templated":true}]}}