{"id":11629,"date":"2026-01-11T13:32:02","date_gmt":"2026-01-11T12:32:02","guid":{"rendered":"https:\/\/bobooaza.pl\/index.php\/produkt\/canpol-9-814-zestaw-pielegnacyjny-do-paznokci-dla-niemowlat-i-dzieci-blue\/"},"modified":"2026-01-11T13:39:34","modified_gmt":"2026-01-11T12:39:34","slug":"canpol-9-814-zestaw-pielegnacyjny-do-paznokci-dla-niemowlat-i-dzieci-blue","status":"publish","type":"product","link":"https:\/\/www.bobooaza.pl\/index.php\/produkt\/canpol-9-814-zestaw-pielegnacyjny-do-paznokci-dla-niemowlat-i-dzieci-blue\/","title":{"rendered":"CANPOL 9\/814 Zestaw piel\u0119gnacyjny do paznokci dla niemowl\u0105t i dzieci blue"},"content":{"rendered":"<p>Zestaw piel\u0119gnacyjny do paznokci Canpol 9\/814 blue to kompletny zestaw dla niemowl\u0105t i dzieci, zapakowany w praktyczne wodoodporne etui, umo\u017cliwiaj\u0105ce higieniczne przechowywanie i \u0142atwe przenoszenie. Sk\u0142ada si\u0119 z no\u017cyczek, obcinacza do paznokci, delikatnego pilniczka i p\u0119sety. No\u017cyczki i c\u0105\u017cki wykonane s\u0105 ze stali nierdzewnej, a zaokr\u0105glone ko\u0144c\u00f3wki zapobiegaj\u0105 skaleczeniu dziecka. Pilniczek umo\u017cliwia wyg\u0142adzenie paznokci i chroni przed zadrapaniami. Zestaw jest bezpieczny dla dzieci od pierwszych dni \u017cycia, nie zawiera Bisfenolu A i dost\u0119pny jest w dw\u00f3ch wersjach kolorystycznych. Mo\u017cna go stosowa\u0107 od momentu narodzin dziecka.<\/p>\n","protected":false},"excerpt":{"rendered":"<p>Zestaw piel\u0119gnacyjny do paznokci Canpol 9\/814 blue to kompletny zestaw dla niemowl\u0105t i dzieci, zapakowany w praktyczne wodoodporne etui, umo\u017cliwiaj\u0105ce higieniczne przechowywanie i \u0142atwe przenoszenie. Sk\u0142ada si\u0119 z no\u017cyczek, obcinacza do paznokci, delikatnego pilniczka i p\u0119sety. No\u017cyczki i c\u0105\u017cki wykonane s\u0105 ze stali nierdzewnej, a zaokr\u0105glone ko\u0144c\u00f3wki zapobiegaj\u0105 skaleczeniu dziecka. Pilniczek umo\u017cliwia wyg\u0142adzenie paznokci i [&hellip;]<\/p>\n","protected":false},"featured_media":11628,"comment_status":"open","ping_status":"closed","template":"","meta":[],"product_brand":[],"product_cat":[76,68,101],"product_tag":[],"class_list":{"0":"post-11629","1":"product","2":"type-product","3":"status-publish","4":"has-post-thumbnail","6":"product_cat-dziecko","7":"product_cat-higiena-i-pielegnacja","8":"product_cat-zestawy-pielegnacyjne","10":"first","11":"instock","12":"taxable","13":"shipping-taxable","14":"purchasable","15":"product-type-simple"},"_links":{"self":[{"href":"https:\/\/www.bobooaza.pl\/index.php\/wp-json\/wp\/v2\/product\/11629","targetHints":{"allow":["GET"]}}],"collection":[{"href":"https:\/\/www.bobooaza.pl\/index.php\/wp-json\/wp\/v2\/product"}],"about":[{"href":"https:\/\/www.bobooaza.pl\/index.php\/wp-json\/wp\/v2\/types\/product"}],"replies":[{"embeddable":true,"href":"https:\/\/www.bobooaza.pl\/index.php\/wp-json\/wp\/v2\/comments?post=11629"}],"wp:featuredmedia":[{"embeddable":true,"href":"https:\/\/www.bobooaza.pl\/index.php\/wp-json\/wp\/v2\/media\/11628"}],"wp:attachment":[{"href":"https:\/\/www.bobooaza.pl\/index.php\/wp-json\/wp\/v2\/media?parent=11629"}],"wp:term":[{"taxonomy":"product_brand","embeddable":true,"href":"https:\/\/www.bobooaza.pl\/index.php\/wp-json\/wp\/v2\/product_brand?post=11629"},{"taxonomy":"product_cat","embeddable":true,"href":"https:\/\/www.bobooaza.pl\/index.php\/wp-json\/wp\/v2\/product_cat?post=11629"},{"taxonomy":"product_tag","embeddable":true,"href":"https:\/\/www.bobooaza.pl\/index.php\/wp-json\/wp\/v2\/product_tag?post=11629"}],"curies":[{"name":"wp","href":"https:\/\/api.w.org\/{rel}","templated":true}]}}