{"id":11637,"date":"2026-01-11T13:32:15","date_gmt":"2026-01-11T12:32:15","guid":{"rendered":"https:\/\/bobooaza.pl\/index.php\/produkt\/akuku-a0015-zestaw-pielegnacyjny-grey-hooligans\/"},"modified":"2026-01-27T22:44:16","modified_gmt":"2026-01-27T21:44:16","slug":"akuku-a0015-zestaw-pielegnacyjny-grey-hooligans","status":"publish","type":"product","link":"https:\/\/www.bobooaza.pl\/index.php\/produkt\/akuku-a0015-zestaw-pielegnacyjny-grey-hooligans\/","title":{"rendered":"AKUKU A0015 Zestaw piel\u0119gnacyjny Grey HOOLIGANS"},"content":{"rendered":"<p>Zestaw piel\u0119gnacyjny AKUKU A0015 Grey HOOLIGANS to kompletny zestaw do codziennej piel\u0119gnacji niemowl\u0119cia, zapakowany w wygodn\u0105 i praktyczn\u0105 kosmetyczk\u0119. Zawiera no\u017cyczki o cienkich metalowych ostrzach i zaokr\u0105glonych kraw\u0119dziach, c\u0105\u017cki, pilniczek, mi\u0119kk\u0105 szczotk\u0119, grzebyk z antypo\u015blizgowym uchwytem oraz gruszk\u0119 do nosa do udra\u017cniania dr\u00f3g oddechowych i usuwania wody oraz woskowiny z uszu niemowlaka. No\u017cyczki i c\u0105\u017cki umo\u017cliwiaj\u0105 bezpieczne obcinanie paznokci, pilniczek wyg\u0142adza nier\u00f3wno\u015bci, a szczotka i grzebyk dbaj\u0105 o w\u0142osy dziecka. Zaleca si\u0119 obcinanie paznokci podczas snu dziecka, aby zminimalizowa\u0107 ryzyko niespodziewanych ruch\u00f3w. Zestaw nale\u017cy przechowywa\u0107 w miejscu niedost\u0119pnym dla dzieci, nie u\u017cywa\u0107 \u015brodk\u00f3w dezynfekuj\u0105cych i wyrzuci\u0107 przy pierwszych oznakach zu\u017cycia lub uszkodzenia.<\/p>\n","protected":false},"excerpt":{"rendered":"<p>Zestaw piel\u0119gnacyjny AKUKU A0015 Grey HOOLIGANS to kompletny zestaw do codziennej piel\u0119gnacji niemowl\u0119cia, zapakowany w wygodn\u0105 i praktyczn\u0105 kosmetyczk\u0119. Zawiera no\u017cyczki o cienkich metalowych ostrzach i zaokr\u0105glonych kraw\u0119dziach, c\u0105\u017cki, pilniczek, mi\u0119kk\u0105 szczotk\u0119, grzebyk z antypo\u015blizgowym uchwytem oraz gruszk\u0119 do nosa do udra\u017cniania dr\u00f3g oddechowych i usuwania wody oraz woskowiny z uszu niemowlaka. No\u017cyczki i c\u0105\u017cki [&hellip;]<\/p>\n","protected":false},"featured_media":11633,"comment_status":"open","ping_status":"closed","template":"","meta":[],"product_brand":[],"product_cat":[76,68,101],"product_tag":[],"class_list":{"0":"post-11637","1":"product","2":"type-product","3":"status-publish","4":"has-post-thumbnail","6":"product_cat-dziecko","7":"product_cat-higiena-i-pielegnacja","8":"product_cat-zestawy-pielegnacyjne","10":"first","11":"instock","12":"taxable","13":"shipping-taxable","14":"purchasable","15":"product-type-simple"},"_links":{"self":[{"href":"https:\/\/www.bobooaza.pl\/index.php\/wp-json\/wp\/v2\/product\/11637","targetHints":{"allow":["GET"]}}],"collection":[{"href":"https:\/\/www.bobooaza.pl\/index.php\/wp-json\/wp\/v2\/product"}],"about":[{"href":"https:\/\/www.bobooaza.pl\/index.php\/wp-json\/wp\/v2\/types\/product"}],"replies":[{"embeddable":true,"href":"https:\/\/www.bobooaza.pl\/index.php\/wp-json\/wp\/v2\/comments?post=11637"}],"wp:featuredmedia":[{"embeddable":true,"href":"https:\/\/www.bobooaza.pl\/index.php\/wp-json\/wp\/v2\/media\/11633"}],"wp:attachment":[{"href":"https:\/\/www.bobooaza.pl\/index.php\/wp-json\/wp\/v2\/media?parent=11637"}],"wp:term":[{"taxonomy":"product_brand","embeddable":true,"href":"https:\/\/www.bobooaza.pl\/index.php\/wp-json\/wp\/v2\/product_brand?post=11637"},{"taxonomy":"product_cat","embeddable":true,"href":"https:\/\/www.bobooaza.pl\/index.php\/wp-json\/wp\/v2\/product_cat?post=11637"},{"taxonomy":"product_tag","embeddable":true,"href":"https:\/\/www.bobooaza.pl\/index.php\/wp-json\/wp\/v2\/product_tag?post=11637"}],"curies":[{"name":"wp","href":"https:\/\/api.w.org\/{rel}","templated":true}]}}