{"id":11656,"date":"2026-01-11T13:44:57","date_gmt":"2026-01-11T12:44:57","guid":{"rendered":"https:\/\/bobooaza.pl\/index.php\/produkt\/canpol-2-424-szczotka-grzebien-do-wlosow-miekka-niebieska\/"},"modified":"2026-01-11T13:53:44","modified_gmt":"2026-01-11T12:53:44","slug":"canpol-2-424-szczotka-grzebien-do-wlosow-miekka-niebieska","status":"publish","type":"product","link":"https:\/\/www.bobooaza.pl\/index.php\/produkt\/canpol-2-424-szczotka-grzebien-do-wlosow-miekka-niebieska\/","title":{"rendered":"CANPOL 2\/424 Szczotka + grzebie\u0144 do w\u0142os\u00f3w mi\u0119kka niebieska"},"content":{"rendered":"<p>Szczotka i grzebie\u0144 CANPOL 2\/424 w kolorze niebieskim to zestaw do codziennej piel\u0119gnacji w\u0142os\u00f3w dziecka, wykonany ze szczotki z naturalnego, mi\u0119kkiego w\u0142osia i grzebienia z zaokr\u0105glonymi z\u0105bkami, kt\u00f3re nie podra\u017cniaj\u0105 wra\u017cliwej sk\u00f3ry malucha. Szczotka delikatnie masuje g\u0142\u00f3wk\u0119 dziecka, nie elektryzuj\u0105c w\u0142os\u00f3w. Produkt nie zawiera BPA i jest przeznaczony dla dzieci od urodzenia.<\/p>\n","protected":false},"excerpt":{"rendered":"<p>Szczotka i grzebie\u0144 CANPOL 2\/424 w kolorze niebieskim to zestaw do codziennej piel\u0119gnacji w\u0142os\u00f3w dziecka, wykonany ze szczotki z naturalnego, mi\u0119kkiego w\u0142osia i grzebienia z zaokr\u0105glonymi z\u0105bkami, kt\u00f3re nie podra\u017cniaj\u0105 wra\u017cliwej sk\u00f3ry malucha. Szczotka delikatnie masuje g\u0142\u00f3wk\u0119 dziecka, nie elektryzuj\u0105c w\u0142os\u00f3w. Produkt nie zawiera BPA i jest przeznaczony dla dzieci od urodzenia.<\/p>\n","protected":false},"featured_media":11655,"comment_status":"open","ping_status":"closed","template":"","meta":[],"product_brand":[],"product_cat":[73,76,100,68],"product_tag":[],"class_list":{"0":"post-11656","1":"product","2":"type-product","3":"status-publish","4":"has-post-thumbnail","6":"product_cat-kapiel","7":"product_cat-dziecko","8":"product_cat-grzebienie-i-szczotki","9":"product_cat-higiena-i-pielegnacja","11":"first","12":"instock","13":"taxable","14":"shipping-taxable","15":"purchasable","16":"product-type-simple"},"_links":{"self":[{"href":"https:\/\/www.bobooaza.pl\/index.php\/wp-json\/wp\/v2\/product\/11656","targetHints":{"allow":["GET"]}}],"collection":[{"href":"https:\/\/www.bobooaza.pl\/index.php\/wp-json\/wp\/v2\/product"}],"about":[{"href":"https:\/\/www.bobooaza.pl\/index.php\/wp-json\/wp\/v2\/types\/product"}],"replies":[{"embeddable":true,"href":"https:\/\/www.bobooaza.pl\/index.php\/wp-json\/wp\/v2\/comments?post=11656"}],"wp:featuredmedia":[{"embeddable":true,"href":"https:\/\/www.bobooaza.pl\/index.php\/wp-json\/wp\/v2\/media\/11655"}],"wp:attachment":[{"href":"https:\/\/www.bobooaza.pl\/index.php\/wp-json\/wp\/v2\/media?parent=11656"}],"wp:term":[{"taxonomy":"product_brand","embeddable":true,"href":"https:\/\/www.bobooaza.pl\/index.php\/wp-json\/wp\/v2\/product_brand?post=11656"},{"taxonomy":"product_cat","embeddable":true,"href":"https:\/\/www.bobooaza.pl\/index.php\/wp-json\/wp\/v2\/product_cat?post=11656"},{"taxonomy":"product_tag","embeddable":true,"href":"https:\/\/www.bobooaza.pl\/index.php\/wp-json\/wp\/v2\/product_tag?post=11656"}],"curies":[{"name":"wp","href":"https:\/\/api.w.org\/{rel}","templated":true}]}}