{"id":11664,"date":"2026-01-11T13:45:06","date_gmt":"2026-01-11T12:45:06","guid":{"rendered":"https:\/\/bobooaza.pl\/index.php\/produkt\/akuku-a0307-szczotka-i-grzebien-z-naturalnym-wlosiem-biala\/"},"modified":"2026-01-19T20:20:49","modified_gmt":"2026-01-19T19:20:49","slug":"akuku-a0307-szczotka-i-grzebien-z-naturalnym-wlosiem-biala","status":"publish","type":"product","link":"https:\/\/www.bobooaza.pl\/index.php\/produkt\/akuku-a0307-szczotka-i-grzebien-z-naturalnym-wlosiem-biala\/","title":{"rendered":"AKUKU A0307 Szczotka i grzebie\u0144 z naturalnym w\u0142osiem bia\u0142a"},"content":{"rendered":"<p>Szczotka i grzebie\u0144 AKUKU A0307 w kolorze bia\u0142ym to delikatny zestaw do piel\u0119gnacji w\u0142os\u00f3w niemowl\u0105t. Szczotka wykonana jest z naturalnego, mi\u0119kkiego w\u0142osia, kt\u00f3re nie elektryzuje w\u0142os\u00f3w, a grzebie\u0144 ma zaokr\u0105glone ko\u0144ce, chroni\u0105c delikatn\u0105 sk\u00f3r\u0119 dziecka.<\/p>\n","protected":false},"excerpt":{"rendered":"<p>Szczotka i grzebie\u0144 AKUKU A0307 w kolorze bia\u0142ym to delikatny zestaw do piel\u0119gnacji w\u0142os\u00f3w niemowl\u0105t. Szczotka wykonana jest z naturalnego, mi\u0119kkiego w\u0142osia, kt\u00f3re nie elektryzuje w\u0142os\u00f3w, a grzebie\u0144 ma zaokr\u0105glone ko\u0144ce, chroni\u0105c delikatn\u0105 sk\u00f3r\u0119 dziecka.<\/p>\n","protected":false},"featured_media":11663,"comment_status":"open","ping_status":"closed","template":"","meta":[],"product_brand":[],"product_cat":[73,76,100,68],"product_tag":[],"class_list":{"0":"post-11664","1":"product","2":"type-product","3":"status-publish","4":"has-post-thumbnail","6":"product_cat-kapiel","7":"product_cat-dziecko","8":"product_cat-grzebienie-i-szczotki","9":"product_cat-higiena-i-pielegnacja","11":"first","12":"instock","13":"taxable","14":"shipping-taxable","15":"purchasable","16":"product-type-simple"},"_links":{"self":[{"href":"https:\/\/www.bobooaza.pl\/index.php\/wp-json\/wp\/v2\/product\/11664","targetHints":{"allow":["GET"]}}],"collection":[{"href":"https:\/\/www.bobooaza.pl\/index.php\/wp-json\/wp\/v2\/product"}],"about":[{"href":"https:\/\/www.bobooaza.pl\/index.php\/wp-json\/wp\/v2\/types\/product"}],"replies":[{"embeddable":true,"href":"https:\/\/www.bobooaza.pl\/index.php\/wp-json\/wp\/v2\/comments?post=11664"}],"wp:featuredmedia":[{"embeddable":true,"href":"https:\/\/www.bobooaza.pl\/index.php\/wp-json\/wp\/v2\/media\/11663"}],"wp:attachment":[{"href":"https:\/\/www.bobooaza.pl\/index.php\/wp-json\/wp\/v2\/media?parent=11664"}],"wp:term":[{"taxonomy":"product_brand","embeddable":true,"href":"https:\/\/www.bobooaza.pl\/index.php\/wp-json\/wp\/v2\/product_brand?post=11664"},{"taxonomy":"product_cat","embeddable":true,"href":"https:\/\/www.bobooaza.pl\/index.php\/wp-json\/wp\/v2\/product_cat?post=11664"},{"taxonomy":"product_tag","embeddable":true,"href":"https:\/\/www.bobooaza.pl\/index.php\/wp-json\/wp\/v2\/product_tag?post=11664"}],"curies":[{"name":"wp","href":"https:\/\/api.w.org\/{rel}","templated":true}]}}