{"id":11666,"date":"2026-01-11T13:45:07","date_gmt":"2026-01-11T12:45:07","guid":{"rendered":"https:\/\/bobooaza.pl\/index.php\/produkt\/b-o-570-03-szczotka-i-grzebien-do-wlosow-dla-dzieci-i-niemowlat-miekkie-wlosie-biala-take-care\/"},"modified":"2026-01-19T20:20:50","modified_gmt":"2026-01-19T19:20:50","slug":"b-o-570-03-szczotka-i-grzebien-do-wlosow-dla-dzieci-i-niemowlat-miekkie-wlosie-biala-take-care","status":"publish","type":"product","link":"https:\/\/www.bobooaza.pl\/index.php\/produkt\/b-o-570-03-szczotka-i-grzebien-do-wlosow-dla-dzieci-i-niemowlat-miekkie-wlosie-biala-take-care\/","title":{"rendered":"B.O.570\/03 Szczotka i grzebie\u0144 do w\u0142os\u00f3w dla dzieci i niemowl\u0105t mi\u0119kkie w\u0142osie bia\u0142a TAKE CARE"},"content":{"rendered":"<p>Szczotka i grzebie\u0144 B.O.570\/03 TAKE CARE w kolorze bia\u0142ym to zestaw przeznaczony do piel\u0119gnacji w\u0142os\u00f3w niemowl\u0105t i dzieci. Szczotka posiada mi\u0119kkie, cienkie w\u0142osie, kt\u00f3re delikatnie masuje sk\u00f3r\u0119 g\u0142owy i nie elektryzuje w\u0142os\u00f3w dzi\u0119ki w\u0142a\u015bciwo\u015bciom antystatycznym. Grzebie\u0144 ma zaokr\u0105glone z\u0105bki, co chroni wra\u017cliw\u0105 sk\u00f3r\u0119 dziecka. Oba elementy wyposa\u017cono w ergonomiczny uchwyt z antypo\u015blizgow\u0105 gum\u0105, u\u0142atwiaj\u0105cy pewne i wygodne czesanie. Wymiary szczotki to 15,5 \u00d7 4 cm, a grzebienia 13 \u00d7 3 cm.<\/p>\n","protected":false},"excerpt":{"rendered":"<p>Szczotka i grzebie\u0144 B.O.570\/03 TAKE CARE w kolorze bia\u0142ym to zestaw przeznaczony do piel\u0119gnacji w\u0142os\u00f3w niemowl\u0105t i dzieci. Szczotka posiada mi\u0119kkie, cienkie w\u0142osie, kt\u00f3re delikatnie masuje sk\u00f3r\u0119 g\u0142owy i nie elektryzuje w\u0142os\u00f3w dzi\u0119ki w\u0142a\u015bciwo\u015bciom antystatycznym. Grzebie\u0144 ma zaokr\u0105glone z\u0105bki, co chroni wra\u017cliw\u0105 sk\u00f3r\u0119 dziecka. Oba elementy wyposa\u017cono w ergonomiczny uchwyt z antypo\u015blizgow\u0105 gum\u0105, u\u0142atwiaj\u0105cy pewne [&hellip;]<\/p>\n","protected":false},"featured_media":11665,"comment_status":"open","ping_status":"closed","template":"","meta":[],"product_brand":[],"product_cat":[73,76,100,68],"product_tag":[],"class_list":{"0":"post-11666","1":"product","2":"type-product","3":"status-publish","4":"has-post-thumbnail","6":"product_cat-kapiel","7":"product_cat-dziecko","8":"product_cat-grzebienie-i-szczotki","9":"product_cat-higiena-i-pielegnacja","11":"first","12":"instock","13":"taxable","14":"shipping-taxable","15":"purchasable","16":"product-type-simple"},"_links":{"self":[{"href":"https:\/\/www.bobooaza.pl\/index.php\/wp-json\/wp\/v2\/product\/11666","targetHints":{"allow":["GET"]}}],"collection":[{"href":"https:\/\/www.bobooaza.pl\/index.php\/wp-json\/wp\/v2\/product"}],"about":[{"href":"https:\/\/www.bobooaza.pl\/index.php\/wp-json\/wp\/v2\/types\/product"}],"replies":[{"embeddable":true,"href":"https:\/\/www.bobooaza.pl\/index.php\/wp-json\/wp\/v2\/comments?post=11666"}],"wp:featuredmedia":[{"embeddable":true,"href":"https:\/\/www.bobooaza.pl\/index.php\/wp-json\/wp\/v2\/media\/11665"}],"wp:attachment":[{"href":"https:\/\/www.bobooaza.pl\/index.php\/wp-json\/wp\/v2\/media?parent=11666"}],"wp:term":[{"taxonomy":"product_brand","embeddable":true,"href":"https:\/\/www.bobooaza.pl\/index.php\/wp-json\/wp\/v2\/product_brand?post=11666"},{"taxonomy":"product_cat","embeddable":true,"href":"https:\/\/www.bobooaza.pl\/index.php\/wp-json\/wp\/v2\/product_cat?post=11666"},{"taxonomy":"product_tag","embeddable":true,"href":"https:\/\/www.bobooaza.pl\/index.php\/wp-json\/wp\/v2\/product_tag?post=11666"}],"curies":[{"name":"wp","href":"https:\/\/api.w.org\/{rel}","templated":true}]}}