{"id":11672,"date":"2026-01-11T13:45:11","date_gmt":"2026-01-11T12:45:11","guid":{"rendered":"https:\/\/bobooaza.pl\/index.php\/produkt\/b-o-568-04-szczotka-i-grzebien-do-wlosow-naturalne-super-miekkie-wlosie-rozowa-take-care\/"},"modified":"2026-01-19T20:20:52","modified_gmt":"2026-01-19T19:20:52","slug":"b-o-568-04-szczotka-i-grzebien-do-wlosow-naturalne-super-miekkie-wlosie-rozowa-take-care","status":"publish","type":"product","link":"https:\/\/www.bobooaza.pl\/index.php\/produkt\/b-o-568-04-szczotka-i-grzebien-do-wlosow-naturalne-super-miekkie-wlosie-rozowa-take-care\/","title":{"rendered":"B.O.568\/04 Szczotka i grzebie\u0144 do w\u0142os\u00f3w naturalne super mi\u0119kkie w\u0142osie R\u00d3\u017bOWA TAKE CARE"},"content":{"rendered":"<p>Szczotka i grzebie\u0144 B.O.568\/04 TAKE CARE w kolorze r\u00f3\u017cowym to zestaw do piel\u0119gnacji w\u0142os\u00f3w noworodk\u00f3w i niemowl\u0105t. Szczotka wykonana jest z naturalnego, super mi\u0119kkiego w\u0142osia koziego, kt\u00f3re delikatnie masuje sk\u00f3r\u0119 g\u0142owy, nie elektryzuje w\u0142os\u00f3w i posiada w\u0142a\u015bciwo\u015bci antystatyczne. Grzebie\u0144 ma zaokr\u0105glone z\u0105bki, kt\u00f3re chroni\u0105 wra\u017cliw\u0105 sk\u00f3r\u0119 dziecka. Oba elementy maj\u0105 ergonomiczny uchwyt zapewniaj\u0105cy wygodne i pewne czesanie. Wymiary szczotki to 15,5 \u00d7 4 cm, a grzebienia 13 \u00d7 3 cm.<\/p>\n","protected":false},"excerpt":{"rendered":"<p>Szczotka i grzebie\u0144 B.O.568\/04 TAKE CARE w kolorze r\u00f3\u017cowym to zestaw do piel\u0119gnacji w\u0142os\u00f3w noworodk\u00f3w i niemowl\u0105t. Szczotka wykonana jest z naturalnego, super mi\u0119kkiego w\u0142osia koziego, kt\u00f3re delikatnie masuje sk\u00f3r\u0119 g\u0142owy, nie elektryzuje w\u0142os\u00f3w i posiada w\u0142a\u015bciwo\u015bci antystatyczne. Grzebie\u0144 ma zaokr\u0105glone z\u0105bki, kt\u00f3re chroni\u0105 wra\u017cliw\u0105 sk\u00f3r\u0119 dziecka. Oba elementy maj\u0105 ergonomiczny uchwyt zapewniaj\u0105cy wygodne i [&hellip;]<\/p>\n","protected":false},"featured_media":11671,"comment_status":"open","ping_status":"closed","template":"","meta":[],"product_brand":[],"product_cat":[73,76,100,68],"product_tag":[],"class_list":{"0":"post-11672","1":"product","2":"type-product","3":"status-publish","4":"has-post-thumbnail","6":"product_cat-kapiel","7":"product_cat-dziecko","8":"product_cat-grzebienie-i-szczotki","9":"product_cat-higiena-i-pielegnacja","11":"first","12":"instock","13":"taxable","14":"shipping-taxable","15":"purchasable","16":"product-type-simple"},"_links":{"self":[{"href":"https:\/\/www.bobooaza.pl\/index.php\/wp-json\/wp\/v2\/product\/11672","targetHints":{"allow":["GET"]}}],"collection":[{"href":"https:\/\/www.bobooaza.pl\/index.php\/wp-json\/wp\/v2\/product"}],"about":[{"href":"https:\/\/www.bobooaza.pl\/index.php\/wp-json\/wp\/v2\/types\/product"}],"replies":[{"embeddable":true,"href":"https:\/\/www.bobooaza.pl\/index.php\/wp-json\/wp\/v2\/comments?post=11672"}],"wp:featuredmedia":[{"embeddable":true,"href":"https:\/\/www.bobooaza.pl\/index.php\/wp-json\/wp\/v2\/media\/11671"}],"wp:attachment":[{"href":"https:\/\/www.bobooaza.pl\/index.php\/wp-json\/wp\/v2\/media?parent=11672"}],"wp:term":[{"taxonomy":"product_brand","embeddable":true,"href":"https:\/\/www.bobooaza.pl\/index.php\/wp-json\/wp\/v2\/product_brand?post=11672"},{"taxonomy":"product_cat","embeddable":true,"href":"https:\/\/www.bobooaza.pl\/index.php\/wp-json\/wp\/v2\/product_cat?post=11672"},{"taxonomy":"product_tag","embeddable":true,"href":"https:\/\/www.bobooaza.pl\/index.php\/wp-json\/wp\/v2\/product_tag?post=11672"}],"curies":[{"name":"wp","href":"https:\/\/api.w.org\/{rel}","templated":true}]}}