{"id":11682,"date":"2026-01-11T13:45:17","date_gmt":"2026-01-11T12:45:17","guid":{"rendered":"https:\/\/bobooaza.pl\/index.php\/produkt\/chicco-00006569200000-szczotkagrzebien-naturalne-wlosie-niebieska\/"},"modified":"2026-01-19T21:54:50","modified_gmt":"2026-01-19T20:54:50","slug":"chicco-00006569200000-szczotkagrzebien-naturalne-wlosie-niebieska","status":"publish","type":"product","link":"https:\/\/www.bobooaza.pl\/index.php\/produkt\/chicco-00006569200000-szczotkagrzebien-naturalne-wlosie-niebieska\/","title":{"rendered":"CHICCO 00006569200000 Szczotka+grzebie\u0144 naturalne w\u0142osie niebieska"},"content":{"rendered":"<p>Szczotka i grzebie\u0144 CHICCO 00006569200000 w kolorze niebieskim to zestaw do codziennej piel\u0119gnacji w\u0142os\u00f3w niemowl\u0105t. Szczotka wykonana jest z naturalnego w\u0142osia, a grzebie\u0144 ma zaokr\u0105glone ko\u0144c\u00f3wki, kt\u00f3re delikatnie czesz\u0105 w\u0142osy i chroni\u0105 wra\u017cliw\u0105 sk\u00f3r\u0119 dziecka. Du\u017cy, por\u0119czny uchwyt zapewnia pewny chwyt podczas u\u017cywania. Produkt przeznaczony dla dzieci od urodzenia (0m+).<\/p>\n","protected":false},"excerpt":{"rendered":"<p>Szczotka i grzebie\u0144 CHICCO 00006569200000 w kolorze niebieskim to zestaw do codziennej piel\u0119gnacji w\u0142os\u00f3w niemowl\u0105t. Szczotka wykonana jest z naturalnego w\u0142osia, a grzebie\u0144 ma zaokr\u0105glone ko\u0144c\u00f3wki, kt\u00f3re delikatnie czesz\u0105 w\u0142osy i chroni\u0105 wra\u017cliw\u0105 sk\u00f3r\u0119 dziecka. Du\u017cy, por\u0119czny uchwyt zapewnia pewny chwyt podczas u\u017cywania. Produkt przeznaczony dla dzieci od urodzenia (0m+).<\/p>\n","protected":false},"featured_media":11680,"comment_status":"open","ping_status":"closed","template":"","meta":[],"product_brand":[],"product_cat":[73,76,100,68],"product_tag":[],"class_list":{"0":"post-11682","1":"product","2":"type-product","3":"status-publish","4":"has-post-thumbnail","6":"product_cat-kapiel","7":"product_cat-dziecko","8":"product_cat-grzebienie-i-szczotki","9":"product_cat-higiena-i-pielegnacja","11":"first","12":"instock","13":"taxable","14":"shipping-taxable","15":"purchasable","16":"product-type-simple"},"_links":{"self":[{"href":"https:\/\/www.bobooaza.pl\/index.php\/wp-json\/wp\/v2\/product\/11682","targetHints":{"allow":["GET"]}}],"collection":[{"href":"https:\/\/www.bobooaza.pl\/index.php\/wp-json\/wp\/v2\/product"}],"about":[{"href":"https:\/\/www.bobooaza.pl\/index.php\/wp-json\/wp\/v2\/types\/product"}],"replies":[{"embeddable":true,"href":"https:\/\/www.bobooaza.pl\/index.php\/wp-json\/wp\/v2\/comments?post=11682"}],"wp:featuredmedia":[{"embeddable":true,"href":"https:\/\/www.bobooaza.pl\/index.php\/wp-json\/wp\/v2\/media\/11680"}],"wp:attachment":[{"href":"https:\/\/www.bobooaza.pl\/index.php\/wp-json\/wp\/v2\/media?parent=11682"}],"wp:term":[{"taxonomy":"product_brand","embeddable":true,"href":"https:\/\/www.bobooaza.pl\/index.php\/wp-json\/wp\/v2\/product_brand?post=11682"},{"taxonomy":"product_cat","embeddable":true,"href":"https:\/\/www.bobooaza.pl\/index.php\/wp-json\/wp\/v2\/product_cat?post=11682"},{"taxonomy":"product_tag","embeddable":true,"href":"https:\/\/www.bobooaza.pl\/index.php\/wp-json\/wp\/v2\/product_tag?post=11682"}],"curies":[{"name":"wp","href":"https:\/\/api.w.org\/{rel}","templated":true}]}}