{"id":11689,"date":"2026-01-11T14:41:26","date_gmt":"2026-01-11T13:41:26","guid":{"rendered":"https:\/\/bobooaza.pl\/index.php\/produkt\/duet-baby-426-recznik-z-kapturem-animal-dark-120x100-cm\/"},"modified":"2026-01-11T14:43:18","modified_gmt":"2026-01-11T13:43:18","slug":"duet-baby-426-recznik-z-kapturem-animal-dark-120x100-cm","status":"publish","type":"product","link":"https:\/\/www.bobooaza.pl\/index.php\/produkt\/duet-baby-426-recznik-z-kapturem-animal-dark-120x100-cm\/","title":{"rendered":"DUET BABY 426 R\u0119cznik z kapturem ANIMAL Dark 120&#215;100 cm"},"content":{"rendered":"<p>R\u0119cznik k\u0105pielowy DUET BABY 426 z kapturem w rozmiarze 120\u00d7100 cm wykonany jest w ca\u0142o\u015bci z bawe\u0142ny (100%). Produkt doskonale ch\u0142onie wod\u0119, jest mi\u0119kki i delikatny dla sk\u00f3ry dziecka, a kapturek pozwala wygodnie osuszy\u0107 g\u0142\u00f3wk\u0119 po k\u0105pieli.<\/p>\n","protected":false},"excerpt":{"rendered":"<p>R\u0119cznik k\u0105pielowy DUET BABY 426 z kapturem w rozmiarze 120\u00d7100 cm wykonany jest w ca\u0142o\u015bci z bawe\u0142ny (100%). Produkt doskonale ch\u0142onie wod\u0119, jest mi\u0119kki i delikatny dla sk\u00f3ry dziecka, a kapturek pozwala wygodnie osuszy\u0107 g\u0142\u00f3wk\u0119 po k\u0105pieli.<\/p>\n","protected":false},"featured_media":11686,"comment_status":"open","ping_status":"closed","template":"","meta":[],"product_brand":[],"product_cat":[74,73,76,68,82],"product_tag":[],"class_list":{"0":"post-11689","1":"product","2":"type-product","3":"status-publish","4":"has-post-thumbnail","6":"product_cat-akcesoria-do-kapieli","7":"product_cat-kapiel","8":"product_cat-dziecko","9":"product_cat-higiena-i-pielegnacja","10":"product_cat-reczniki-kapielowe","12":"first","13":"instock","14":"taxable","15":"shipping-taxable","16":"purchasable","17":"product-type-simple"},"_links":{"self":[{"href":"https:\/\/www.bobooaza.pl\/index.php\/wp-json\/wp\/v2\/product\/11689","targetHints":{"allow":["GET"]}}],"collection":[{"href":"https:\/\/www.bobooaza.pl\/index.php\/wp-json\/wp\/v2\/product"}],"about":[{"href":"https:\/\/www.bobooaza.pl\/index.php\/wp-json\/wp\/v2\/types\/product"}],"replies":[{"embeddable":true,"href":"https:\/\/www.bobooaza.pl\/index.php\/wp-json\/wp\/v2\/comments?post=11689"}],"wp:featuredmedia":[{"embeddable":true,"href":"https:\/\/www.bobooaza.pl\/index.php\/wp-json\/wp\/v2\/media\/11686"}],"wp:attachment":[{"href":"https:\/\/www.bobooaza.pl\/index.php\/wp-json\/wp\/v2\/media?parent=11689"}],"wp:term":[{"taxonomy":"product_brand","embeddable":true,"href":"https:\/\/www.bobooaza.pl\/index.php\/wp-json\/wp\/v2\/product_brand?post=11689"},{"taxonomy":"product_cat","embeddable":true,"href":"https:\/\/www.bobooaza.pl\/index.php\/wp-json\/wp\/v2\/product_cat?post=11689"},{"taxonomy":"product_tag","embeddable":true,"href":"https:\/\/www.bobooaza.pl\/index.php\/wp-json\/wp\/v2\/product_tag?post=11689"}],"curies":[{"name":"wp","href":"https:\/\/api.w.org\/{rel}","templated":true}]}}