{"id":11691,"date":"2026-01-11T14:41:27","date_gmt":"2026-01-11T13:41:27","guid":{"rendered":"https:\/\/bobooaza.pl\/index.php\/produkt\/b-o-346-05-okrycie-kapielowe-bambusowe-recznik-z-kapturkiem-natural-bamboo-100x100\/"},"modified":"2026-01-11T14:43:19","modified_gmt":"2026-01-11T13:43:19","slug":"b-o-346-05-okrycie-kapielowe-bambusowe-recznik-z-kapturkiem-natural-bamboo-100x100","status":"publish","type":"product","link":"https:\/\/www.bobooaza.pl\/index.php\/produkt\/b-o-346-05-okrycie-kapielowe-bambusowe-recznik-z-kapturkiem-natural-bamboo-100x100\/","title":{"rendered":"B.O.346\/05 Okrycie k\u0105pielowe bambusowe- r\u0119cznik z kapturkiem NATURAL BAMBOO 100X100"},"content":{"rendered":"<p>Okrycie k\u0105pielowe bambusowe B.O.346\/05 z kapturkiem w rozmiarze 100\u00d7100 cm wykonane jest z wysokiej jako\u015bci delikatnej wiskozy bambusowej (70%) z domieszk\u0105 bawe\u0142ny (30%). Doskonale wch\u0142ania wilgo\u0107, chroni dziecko przed wych\u0142odzeniem i jest odpowiednie dla dzieci ze sk\u00f3rnymi problemami, poniewa\u017c w\u0142\u00f3knina bambusowa ma w\u0142a\u015bciwo\u015bci hipoalergiczne. Du\u017cy rozmiar pozwala otuli\u0107 zar\u00f3wno noworodka, jak i starsze dziecko. Materia\u0142 posiada certyfikat \u00d6EKO-TEX Standard 100, gramatura wynosi 360 gsm. Produkt przeznaczony dla dzieci od pierwszych chwil \u017cycia (0 m+). Przed pierwszym u\u017cyciem zaleca si\u0119 pranie wst\u0119pne w 40\u00b0C bez u\u017cycia \u015brodk\u00f3w zmi\u0119kczaj\u0105cych. Wymiary okrycia to 100\u00d7100 cm, a opakowania 26\u00d738\u00d73 cm.<\/p>\n","protected":false},"excerpt":{"rendered":"<p>Okrycie k\u0105pielowe bambusowe B.O.346\/05 z kapturkiem w rozmiarze 100\u00d7100 cm wykonane jest z wysokiej jako\u015bci delikatnej wiskozy bambusowej (70%) z domieszk\u0105 bawe\u0142ny (30%). Doskonale wch\u0142ania wilgo\u0107, chroni dziecko przed wych\u0142odzeniem i jest odpowiednie dla dzieci ze sk\u00f3rnymi problemami, poniewa\u017c w\u0142\u00f3knina bambusowa ma w\u0142a\u015bciwo\u015bci hipoalergiczne. Du\u017cy rozmiar pozwala otuli\u0107 zar\u00f3wno noworodka, jak i starsze dziecko. Materia\u0142 [&hellip;]<\/p>\n","protected":false},"featured_media":11690,"comment_status":"open","ping_status":"closed","template":"","meta":[],"product_brand":[],"product_cat":[74,73,76,68,82],"product_tag":[],"class_list":{"0":"post-11691","1":"product","2":"type-product","3":"status-publish","4":"has-post-thumbnail","6":"product_cat-akcesoria-do-kapieli","7":"product_cat-kapiel","8":"product_cat-dziecko","9":"product_cat-higiena-i-pielegnacja","10":"product_cat-reczniki-kapielowe","12":"first","13":"instock","14":"taxable","15":"shipping-taxable","16":"purchasable","17":"product-type-simple"},"_links":{"self":[{"href":"https:\/\/www.bobooaza.pl\/index.php\/wp-json\/wp\/v2\/product\/11691","targetHints":{"allow":["GET"]}}],"collection":[{"href":"https:\/\/www.bobooaza.pl\/index.php\/wp-json\/wp\/v2\/product"}],"about":[{"href":"https:\/\/www.bobooaza.pl\/index.php\/wp-json\/wp\/v2\/types\/product"}],"replies":[{"embeddable":true,"href":"https:\/\/www.bobooaza.pl\/index.php\/wp-json\/wp\/v2\/comments?post=11691"}],"wp:featuredmedia":[{"embeddable":true,"href":"https:\/\/www.bobooaza.pl\/index.php\/wp-json\/wp\/v2\/media\/11690"}],"wp:attachment":[{"href":"https:\/\/www.bobooaza.pl\/index.php\/wp-json\/wp\/v2\/media?parent=11691"}],"wp:term":[{"taxonomy":"product_brand","embeddable":true,"href":"https:\/\/www.bobooaza.pl\/index.php\/wp-json\/wp\/v2\/product_brand?post=11691"},{"taxonomy":"product_cat","embeddable":true,"href":"https:\/\/www.bobooaza.pl\/index.php\/wp-json\/wp\/v2\/product_cat?post=11691"},{"taxonomy":"product_tag","embeddable":true,"href":"https:\/\/www.bobooaza.pl\/index.php\/wp-json\/wp\/v2\/product_tag?post=11691"}],"curies":[{"name":"wp","href":"https:\/\/api.w.org\/{rel}","templated":true}]}}