{"id":11697,"date":"2026-01-11T14:41:38","date_gmt":"2026-01-11T13:41:38","guid":{"rendered":"https:\/\/bobooaza.pl\/index.php\/produkt\/b-o-346-03-okrycie-kapielowe-bambusowe-recznik-z-kapturkiem-100x100-szare-take-care\/"},"modified":"2026-02-12T13:35:31","modified_gmt":"2026-02-12T12:35:31","slug":"b-o-346-03-okrycie-kapielowe-bambusowe-recznik-z-kapturkiem-100x100-szare-take-care","status":"publish","type":"product","link":"https:\/\/www.bobooaza.pl\/index.php\/produkt\/b-o-346-03-okrycie-kapielowe-bambusowe-recznik-z-kapturkiem-100x100-szare-take-care\/","title":{"rendered":"B.O.346\/03 Okrycie k\u0105pielowe bambusowe &#8211; r\u0119cznik z kapturkiem 100&#215;100 szare TAKE CARE"},"content":{"rendered":"<p>Okrycie k\u0105pielowe bambusowe B.O.346\/03 Take Care to r\u0119cznik z kapturkiem o wymiarach 100&#215;100 cm, wykonany z delikatnej mieszanki w\u0142\u00f3kien bambusowych i bawe\u0142ny. Bambus nadaje mu wyj\u0105tkow\u0105 mi\u0119kko\u015b\u0107 i puszysto\u015b\u0107, a przy tym w\u0142a\u015bciwo\u015bci antybakteryjne, odporno\u015b\u0107 na zapachy oraz dzia\u0142anie hipoalergiczne, co czyni go idealnym dla wra\u017cliwej sk\u00f3ry niemowl\u0105t. Doskonale absorbuje wilgo\u0107, latem daje uczucie ch\u0142odu, a zim\u0105 ogrzewa. Kapturek jest podszyty dodatkow\u0105 warstw\u0105 bawe\u0142ny dla komfortu g\u0142\u00f3wki dziecka. R\u0119cznik jest szybkoschn\u0105cy, odporny na zapachy i wyposa\u017cony w haczyk do zawieszenia. Dodatkowo ozdobiony jest aplikacj\u0105 ze zwierz\u0105tkami, co czyni go praktycznym i estetycznym produktem do codziennej piel\u0119gnacji dziecka.<\/p>\n","protected":false},"excerpt":{"rendered":"<p>Okrycie k\u0105pielowe bambusowe B.O.346\/03 Take Care to r\u0119cznik z kapturkiem o wymiarach 100&#215;100 cm, wykonany z delikatnej mieszanki w\u0142\u00f3kien bambusowych i bawe\u0142ny. Bambus nadaje mu wyj\u0105tkow\u0105 mi\u0119kko\u015b\u0107 i puszysto\u015b\u0107, a przy tym w\u0142a\u015bciwo\u015bci antybakteryjne, odporno\u015b\u0107 na zapachy oraz dzia\u0142anie hipoalergiczne, co czyni go idealnym dla wra\u017cliwej sk\u00f3ry niemowl\u0105t. Doskonale absorbuje wilgo\u0107, latem daje uczucie ch\u0142odu, [&hellip;]<\/p>\n","protected":false},"featured_media":11696,"comment_status":"open","ping_status":"closed","template":"","meta":[],"product_brand":[],"product_cat":[74,73,76,68,82],"product_tag":[],"class_list":{"0":"post-11697","1":"product","2":"type-product","3":"status-publish","4":"has-post-thumbnail","6":"product_cat-akcesoria-do-kapieli","7":"product_cat-kapiel","8":"product_cat-dziecko","9":"product_cat-higiena-i-pielegnacja","10":"product_cat-reczniki-kapielowe","12":"first","13":"instock","14":"taxable","15":"shipping-taxable","16":"purchasable","17":"product-type-simple"},"_links":{"self":[{"href":"https:\/\/www.bobooaza.pl\/index.php\/wp-json\/wp\/v2\/product\/11697","targetHints":{"allow":["GET"]}}],"collection":[{"href":"https:\/\/www.bobooaza.pl\/index.php\/wp-json\/wp\/v2\/product"}],"about":[{"href":"https:\/\/www.bobooaza.pl\/index.php\/wp-json\/wp\/v2\/types\/product"}],"replies":[{"embeddable":true,"href":"https:\/\/www.bobooaza.pl\/index.php\/wp-json\/wp\/v2\/comments?post=11697"}],"wp:featuredmedia":[{"embeddable":true,"href":"https:\/\/www.bobooaza.pl\/index.php\/wp-json\/wp\/v2\/media\/11696"}],"wp:attachment":[{"href":"https:\/\/www.bobooaza.pl\/index.php\/wp-json\/wp\/v2\/media?parent=11697"}],"wp:term":[{"taxonomy":"product_brand","embeddable":true,"href":"https:\/\/www.bobooaza.pl\/index.php\/wp-json\/wp\/v2\/product_brand?post=11697"},{"taxonomy":"product_cat","embeddable":true,"href":"https:\/\/www.bobooaza.pl\/index.php\/wp-json\/wp\/v2\/product_cat?post=11697"},{"taxonomy":"product_tag","embeddable":true,"href":"https:\/\/www.bobooaza.pl\/index.php\/wp-json\/wp\/v2\/product_tag?post=11697"}],"curies":[{"name":"wp","href":"https:\/\/api.w.org\/{rel}","templated":true}]}}