{"id":11707,"date":"2026-01-11T14:41:43","date_gmt":"2026-01-11T13:41:43","guid":{"rendered":"https:\/\/bobooaza.pl\/index.php\/produkt\/duet-baby-326-recznik-z-kapturkiem-animal-120x100-cm\/"},"modified":"2026-01-19T21:54:55","modified_gmt":"2026-01-19T20:54:55","slug":"duet-baby-326-recznik-z-kapturkiem-animal-120x100-cm","status":"publish","type":"product","link":"https:\/\/www.bobooaza.pl\/index.php\/produkt\/duet-baby-326-recznik-z-kapturkiem-animal-120x100-cm\/","title":{"rendered":"DUET BABY 326 R\u0119cznik z kapturkiem ANIMAL 120&#215;100 cm"},"content":{"rendered":"<p>R\u0119cznik z kapturkiem DUET BABY 326 w motywie Animals o wymiarach 120&#215;100 cm wykonany jest w 100% z bawe\u0142nianej froty. Stanowi wygodne i mi\u0119kkie okrycie k\u0105pielowe dla dziecka, idealne do osuszania i ochrony malucha po k\u0105pieli. Kaptur chroni g\u0142\u00f3wk\u0119 dziecka, zapewniaj\u0105c ciep\u0142o i komfort.<\/p>\n","protected":false},"excerpt":{"rendered":"<p>R\u0119cznik z kapturkiem DUET BABY 326 w motywie Animals o wymiarach 120&#215;100 cm wykonany jest w 100% z bawe\u0142nianej froty. Stanowi wygodne i mi\u0119kkie okrycie k\u0105pielowe dla dziecka, idealne do osuszania i ochrony malucha po k\u0105pieli. Kaptur chroni g\u0142\u00f3wk\u0119 dziecka, zapewniaj\u0105c ciep\u0142o i komfort.<\/p>\n","protected":false},"featured_media":11698,"comment_status":"open","ping_status":"closed","template":"","meta":[],"product_brand":[],"product_cat":[74,73,76,68,82],"product_tag":[],"class_list":{"0":"post-11707","1":"product","2":"type-product","3":"status-publish","4":"has-post-thumbnail","6":"product_cat-akcesoria-do-kapieli","7":"product_cat-kapiel","8":"product_cat-dziecko","9":"product_cat-higiena-i-pielegnacja","10":"product_cat-reczniki-kapielowe","12":"first","13":"instock","14":"taxable","15":"shipping-taxable","16":"purchasable","17":"product-type-simple"},"_links":{"self":[{"href":"https:\/\/www.bobooaza.pl\/index.php\/wp-json\/wp\/v2\/product\/11707","targetHints":{"allow":["GET"]}}],"collection":[{"href":"https:\/\/www.bobooaza.pl\/index.php\/wp-json\/wp\/v2\/product"}],"about":[{"href":"https:\/\/www.bobooaza.pl\/index.php\/wp-json\/wp\/v2\/types\/product"}],"replies":[{"embeddable":true,"href":"https:\/\/www.bobooaza.pl\/index.php\/wp-json\/wp\/v2\/comments?post=11707"}],"wp:featuredmedia":[{"embeddable":true,"href":"https:\/\/www.bobooaza.pl\/index.php\/wp-json\/wp\/v2\/media\/11698"}],"wp:attachment":[{"href":"https:\/\/www.bobooaza.pl\/index.php\/wp-json\/wp\/v2\/media?parent=11707"}],"wp:term":[{"taxonomy":"product_brand","embeddable":true,"href":"https:\/\/www.bobooaza.pl\/index.php\/wp-json\/wp\/v2\/product_brand?post=11707"},{"taxonomy":"product_cat","embeddable":true,"href":"https:\/\/www.bobooaza.pl\/index.php\/wp-json\/wp\/v2\/product_cat?post=11707"},{"taxonomy":"product_tag","embeddable":true,"href":"https:\/\/www.bobooaza.pl\/index.php\/wp-json\/wp\/v2\/product_tag?post=11707"}],"curies":[{"name":"wp","href":"https:\/\/api.w.org\/{rel}","templated":true}]}}