{"id":11711,"date":"2026-01-11T15:05:53","date_gmt":"2026-01-11T14:05:53","guid":{"rendered":"https:\/\/bobooaza.pl\/index.php\/produkt\/tullo-516-zabawki-do-kapieli-6szt-bez-dziurki-higieniczne\/"},"modified":"2026-01-19T21:54:56","modified_gmt":"2026-01-19T20:54:56","slug":"tullo-516-zabawki-do-kapieli-6szt-bez-dziurki-higieniczne","status":"publish","type":"product","link":"https:\/\/www.bobooaza.pl\/index.php\/produkt\/tullo-516-zabawki-do-kapieli-6szt-bez-dziurki-higieniczne\/","title":{"rendered":"TULLO 516 Zabawki do k\u0105pieli 6szt.bez dziurki higieniczne"},"content":{"rendered":"<p>Zestaw Tullo 516 to sze\u015b\u0107 zabawek do k\u0105pieli dla dzieci w r\u00f3\u017cnym wieku, w tym kaczuszki i statki, wykonanych w wersji higienicznej bez dziurek, dzi\u0119ki czemu woda nie dostaje si\u0119 do \u015brodka. Zabawki unosz\u0105 si\u0119 na wodzie, s\u0105 mi\u0119kkie, \u0142atwe do chwytania i \u015bciskania, wspieraj\u0105c rozw\u00f3j ma\u0142ej motoryki. Wykonane w Polsce z bezpiecznych, atestowanych materia\u0142\u00f3w, r\u0119cznie malowane nietoksycznymi farbami, bez ftalan\u00f3w, BPA i metali ci\u0119\u017ckich, zgodne z norm\u0105 PN-EN 71-1,2,3. Kolorowe, zach\u0119caj\u0105ce do zabawy, pakowane w eleganckie pude\u0142ko, idealne na prezent. Zaleca si\u0119 mycie w ciep\u0142ej wodzie z myd\u0142em i wymian\u0119 co 6 miesi\u0119cy. Rozmiary zabawek: 9,3 cm; 8,2 cm; 5,7 cm; 3 x 13,3 cm.<\/p>\n","protected":false},"excerpt":{"rendered":"<p>Zestaw Tullo 516 to sze\u015b\u0107 zabawek do k\u0105pieli dla dzieci w r\u00f3\u017cnym wieku, w tym kaczuszki i statki, wykonanych w wersji higienicznej bez dziurek, dzi\u0119ki czemu woda nie dostaje si\u0119 do \u015brodka. Zabawki unosz\u0105 si\u0119 na wodzie, s\u0105 mi\u0119kkie, \u0142atwe do chwytania i \u015bciskania, wspieraj\u0105c rozw\u00f3j ma\u0142ej motoryki. Wykonane w Polsce z bezpiecznych, atestowanych materia\u0142\u00f3w, [&hellip;]<\/p>\n","protected":false},"featured_media":11708,"comment_status":"open","ping_status":"closed","template":"","meta":[],"product_brand":[],"product_cat":[73,76,68,83],"product_tag":[],"class_list":{"0":"post-11711","1":"product","2":"type-product","3":"status-publish","4":"has-post-thumbnail","6":"product_cat-kapiel","7":"product_cat-dziecko","8":"product_cat-higiena-i-pielegnacja","9":"product_cat-zabawki-do-kapieli","11":"first","12":"instock","13":"taxable","14":"shipping-taxable","15":"purchasable","16":"product-type-simple"},"_links":{"self":[{"href":"https:\/\/www.bobooaza.pl\/index.php\/wp-json\/wp\/v2\/product\/11711","targetHints":{"allow":["GET"]}}],"collection":[{"href":"https:\/\/www.bobooaza.pl\/index.php\/wp-json\/wp\/v2\/product"}],"about":[{"href":"https:\/\/www.bobooaza.pl\/index.php\/wp-json\/wp\/v2\/types\/product"}],"replies":[{"embeddable":true,"href":"https:\/\/www.bobooaza.pl\/index.php\/wp-json\/wp\/v2\/comments?post=11711"}],"wp:featuredmedia":[{"embeddable":true,"href":"https:\/\/www.bobooaza.pl\/index.php\/wp-json\/wp\/v2\/media\/11708"}],"wp:attachment":[{"href":"https:\/\/www.bobooaza.pl\/index.php\/wp-json\/wp\/v2\/media?parent=11711"}],"wp:term":[{"taxonomy":"product_brand","embeddable":true,"href":"https:\/\/www.bobooaza.pl\/index.php\/wp-json\/wp\/v2\/product_brand?post=11711"},{"taxonomy":"product_cat","embeddable":true,"href":"https:\/\/www.bobooaza.pl\/index.php\/wp-json\/wp\/v2\/product_cat?post=11711"},{"taxonomy":"product_tag","embeddable":true,"href":"https:\/\/www.bobooaza.pl\/index.php\/wp-json\/wp\/v2\/product_tag?post=11711"}],"curies":[{"name":"wp","href":"https:\/\/api.w.org\/{rel}","templated":true}]}}