{"id":11713,"date":"2026-01-11T15:05:54","date_gmt":"2026-01-11T14:05:54","guid":{"rendered":"https:\/\/bobooaza.pl\/index.php\/produkt\/bam-bam-432479-ksiazeczka-do-kapieli-dino\/"},"modified":"2026-01-11T15:09:10","modified_gmt":"2026-01-11T14:09:10","slug":"bam-bam-432479-ksiazeczka-do-kapieli-dino","status":"publish","type":"product","link":"https:\/\/www.bobooaza.pl\/index.php\/produkt\/bam-bam-432479-ksiazeczka-do-kapieli-dino\/","title":{"rendered":"BAM BAM 432479 Ksi\u0105\u017ceczka do k\u0105pieli Dino"},"content":{"rendered":"<p>Ksi\u0105\u017ceczka do k\u0105pieli Bam Bam 432479 \u201eDino\u201d to wodoodporna zabawka edukacyjna dla dzieci od 6 miesi\u0119cy. Dzi\u0119ki kolorowym ilustracjom dinozaur\u00f3w i piszczkowi w \u015brodku rozwija zmys\u0142y wzroku, s\u0142uchu i dotyku oraz wspiera zdolno\u015bci manualne. Wymiary produktu to 13 x 14 cm, nie wymaga baterii. Pakowana w woreczek z zawieszk\u0105.<\/p>\n","protected":false},"excerpt":{"rendered":"<p>Ksi\u0105\u017ceczka do k\u0105pieli Bam Bam 432479 \u201eDino\u201d to wodoodporna zabawka edukacyjna dla dzieci od 6 miesi\u0119cy. Dzi\u0119ki kolorowym ilustracjom dinozaur\u00f3w i piszczkowi w \u015brodku rozwija zmys\u0142y wzroku, s\u0142uchu i dotyku oraz wspiera zdolno\u015bci manualne. Wymiary produktu to 13 x 14 cm, nie wymaga baterii. Pakowana w woreczek z zawieszk\u0105.<\/p>\n","protected":false},"featured_media":11712,"comment_status":"open","ping_status":"closed","template":"","meta":[],"product_brand":[],"product_cat":[73,76,68,83],"product_tag":[],"class_list":{"0":"post-11713","1":"product","2":"type-product","3":"status-publish","4":"has-post-thumbnail","6":"product_cat-kapiel","7":"product_cat-dziecko","8":"product_cat-higiena-i-pielegnacja","9":"product_cat-zabawki-do-kapieli","11":"first","12":"instock","13":"taxable","14":"shipping-taxable","15":"purchasable","16":"product-type-simple"},"_links":{"self":[{"href":"https:\/\/www.bobooaza.pl\/index.php\/wp-json\/wp\/v2\/product\/11713","targetHints":{"allow":["GET"]}}],"collection":[{"href":"https:\/\/www.bobooaza.pl\/index.php\/wp-json\/wp\/v2\/product"}],"about":[{"href":"https:\/\/www.bobooaza.pl\/index.php\/wp-json\/wp\/v2\/types\/product"}],"replies":[{"embeddable":true,"href":"https:\/\/www.bobooaza.pl\/index.php\/wp-json\/wp\/v2\/comments?post=11713"}],"wp:featuredmedia":[{"embeddable":true,"href":"https:\/\/www.bobooaza.pl\/index.php\/wp-json\/wp\/v2\/media\/11712"}],"wp:attachment":[{"href":"https:\/\/www.bobooaza.pl\/index.php\/wp-json\/wp\/v2\/media?parent=11713"}],"wp:term":[{"taxonomy":"product_brand","embeddable":true,"href":"https:\/\/www.bobooaza.pl\/index.php\/wp-json\/wp\/v2\/product_brand?post=11713"},{"taxonomy":"product_cat","embeddable":true,"href":"https:\/\/www.bobooaza.pl\/index.php\/wp-json\/wp\/v2\/product_cat?post=11713"},{"taxonomy":"product_tag","embeddable":true,"href":"https:\/\/www.bobooaza.pl\/index.php\/wp-json\/wp\/v2\/product_tag?post=11713"}],"curies":[{"name":"wp","href":"https:\/\/api.w.org\/{rel}","templated":true}]}}