{"id":11722,"date":"2026-01-11T15:05:59","date_gmt":"2026-01-11T14:05:59","guid":{"rendered":"https:\/\/bobooaza.pl\/index.php\/produkt\/canpol-80-308-zestaw-odkrecanych-zabawek-silikonowych-do-kapieli\/"},"modified":"2026-01-19T21:54:58","modified_gmt":"2026-01-19T20:54:58","slug":"canpol-80-308-zestaw-odkrecanych-zabawek-silikonowych-do-kapieli","status":"publish","type":"product","link":"https:\/\/www.bobooaza.pl\/index.php\/produkt\/canpol-80-308-zestaw-odkrecanych-zabawek-silikonowych-do-kapieli\/","title":{"rendered":"CANPOL 80\/308 Zestaw odkr\u0119canych zabawek silikonowych do k\u0105pieli"},"content":{"rendered":"<p>Zestaw Canpol 80\/308 zawiera cztery silikonowe zabawki do k\u0105pieli w r\u00f3\u017cnych kolorach i fakturach. Ka\u017cda zabawka jest odkr\u0119cana, co umo\u017cliwia dok\u0142adne mycie i suszenie wn\u0119trza, zapobiegaj\u0105c gromadzeniu si\u0119 brudu i powstawaniu ple\u015bni. Zabawki umilaj\u0105 k\u0105piel i s\u0105 bezpieczne w u\u017cytkowaniu.<\/p>\n","protected":false},"excerpt":{"rendered":"<p>Zestaw Canpol 80\/308 zawiera cztery silikonowe zabawki do k\u0105pieli w r\u00f3\u017cnych kolorach i fakturach. Ka\u017cda zabawka jest odkr\u0119cana, co umo\u017cliwia dok\u0142adne mycie i suszenie wn\u0119trza, zapobiegaj\u0105c gromadzeniu si\u0119 brudu i powstawaniu ple\u015bni. Zabawki umilaj\u0105 k\u0105piel i s\u0105 bezpieczne w u\u017cytkowaniu.<\/p>\n","protected":false},"featured_media":11717,"comment_status":"open","ping_status":"closed","template":"","meta":[],"product_brand":[],"product_cat":[73,76,68,83],"product_tag":[],"class_list":{"0":"post-11722","1":"product","2":"type-product","3":"status-publish","4":"has-post-thumbnail","6":"product_cat-kapiel","7":"product_cat-dziecko","8":"product_cat-higiena-i-pielegnacja","9":"product_cat-zabawki-do-kapieli","11":"first","12":"instock","13":"taxable","14":"shipping-taxable","15":"purchasable","16":"product-type-simple"},"_links":{"self":[{"href":"https:\/\/www.bobooaza.pl\/index.php\/wp-json\/wp\/v2\/product\/11722","targetHints":{"allow":["GET"]}}],"collection":[{"href":"https:\/\/www.bobooaza.pl\/index.php\/wp-json\/wp\/v2\/product"}],"about":[{"href":"https:\/\/www.bobooaza.pl\/index.php\/wp-json\/wp\/v2\/types\/product"}],"replies":[{"embeddable":true,"href":"https:\/\/www.bobooaza.pl\/index.php\/wp-json\/wp\/v2\/comments?post=11722"}],"wp:featuredmedia":[{"embeddable":true,"href":"https:\/\/www.bobooaza.pl\/index.php\/wp-json\/wp\/v2\/media\/11717"}],"wp:attachment":[{"href":"https:\/\/www.bobooaza.pl\/index.php\/wp-json\/wp\/v2\/media?parent=11722"}],"wp:term":[{"taxonomy":"product_brand","embeddable":true,"href":"https:\/\/www.bobooaza.pl\/index.php\/wp-json\/wp\/v2\/product_brand?post=11722"},{"taxonomy":"product_cat","embeddable":true,"href":"https:\/\/www.bobooaza.pl\/index.php\/wp-json\/wp\/v2\/product_cat?post=11722"},{"taxonomy":"product_tag","embeddable":true,"href":"https:\/\/www.bobooaza.pl\/index.php\/wp-json\/wp\/v2\/product_tag?post=11722"}],"curies":[{"name":"wp","href":"https:\/\/api.w.org\/{rel}","templated":true}]}}