{"id":11724,"date":"2026-01-11T15:06:02","date_gmt":"2026-01-11T14:06:02","guid":{"rendered":"https:\/\/bobooaza.pl\/index.php\/produkt\/tullo-518-kaczuszki-do-kapieli-5-szt-bez-dziurki-higieniczne\/"},"modified":"2026-01-19T21:54:58","modified_gmt":"2026-01-19T20:54:58","slug":"tullo-518-kaczuszki-do-kapieli-5-szt-bez-dziurki-higieniczne","status":"publish","type":"product","link":"https:\/\/www.bobooaza.pl\/index.php\/produkt\/tullo-518-kaczuszki-do-kapieli-5-szt-bez-dziurki-higieniczne\/","title":{"rendered":"TULLO 518 Kaczuszki do k\u0105pieli 5 szt. Bez dziurki Higieniczne"},"content":{"rendered":"<p>Zestaw kaczuszek do k\u0105pieli Tullo 518 zawiera pi\u0119\u0107 higienicznych zabawek bez dziurek, kt\u00f3re uniemo\u017cliwiaj\u0105 przenikanie wody do \u015brodka. Kaczuszki unosz\u0105 si\u0119 na wodzie, s\u0105 mi\u0119kkie, \u0142atwe do chwytania i przyjemne w dotyku, wspieraj\u0105c rozw\u00f3j ma\u0142ej motoryki. Wykonane w Polsce z bezpiecznych, atestowanych materia\u0142\u00f3w, r\u0119cznie malowane nietoksycznymi farbami, nie zawieraj\u0105 ftalan\u00f3w, BPA ani metali ci\u0119\u017ckich, zgodne z norm\u0105 PN-EN 71-1,2,3. Zabawki maj\u0105 wyraziste kolory i s\u0105 zapakowane w eleganckie pude\u0142ko, nadaj\u0105c si\u0119 na prezent. Wymiary: 9,3 cm; 8,2 cm; 3&#215;5,7 cm. Zaleca si\u0119 mycie w ciep\u0142ej wodzie z myd\u0142em dla dzieci i wymian\u0119 co 6 miesi\u0119cy.<\/p>\n","protected":false},"excerpt":{"rendered":"<p>Zestaw kaczuszek do k\u0105pieli Tullo 518 zawiera pi\u0119\u0107 higienicznych zabawek bez dziurek, kt\u00f3re uniemo\u017cliwiaj\u0105 przenikanie wody do \u015brodka. Kaczuszki unosz\u0105 si\u0119 na wodzie, s\u0105 mi\u0119kkie, \u0142atwe do chwytania i przyjemne w dotyku, wspieraj\u0105c rozw\u00f3j ma\u0142ej motoryki. Wykonane w Polsce z bezpiecznych, atestowanych materia\u0142\u00f3w, r\u0119cznie malowane nietoksycznymi farbami, nie zawieraj\u0105 ftalan\u00f3w, BPA ani metali ci\u0119\u017ckich, zgodne [&hellip;]<\/p>\n","protected":false},"featured_media":11723,"comment_status":"open","ping_status":"closed","template":"","meta":[],"product_brand":[],"product_cat":[73,76,68,83],"product_tag":[],"class_list":{"0":"post-11724","1":"product","2":"type-product","3":"status-publish","4":"has-post-thumbnail","6":"product_cat-kapiel","7":"product_cat-dziecko","8":"product_cat-higiena-i-pielegnacja","9":"product_cat-zabawki-do-kapieli","11":"first","12":"instock","13":"taxable","14":"shipping-taxable","15":"purchasable","16":"product-type-simple"},"_links":{"self":[{"href":"https:\/\/www.bobooaza.pl\/index.php\/wp-json\/wp\/v2\/product\/11724","targetHints":{"allow":["GET"]}}],"collection":[{"href":"https:\/\/www.bobooaza.pl\/index.php\/wp-json\/wp\/v2\/product"}],"about":[{"href":"https:\/\/www.bobooaza.pl\/index.php\/wp-json\/wp\/v2\/types\/product"}],"replies":[{"embeddable":true,"href":"https:\/\/www.bobooaza.pl\/index.php\/wp-json\/wp\/v2\/comments?post=11724"}],"wp:featuredmedia":[{"embeddable":true,"href":"https:\/\/www.bobooaza.pl\/index.php\/wp-json\/wp\/v2\/media\/11723"}],"wp:attachment":[{"href":"https:\/\/www.bobooaza.pl\/index.php\/wp-json\/wp\/v2\/media?parent=11724"}],"wp:term":[{"taxonomy":"product_brand","embeddable":true,"href":"https:\/\/www.bobooaza.pl\/index.php\/wp-json\/wp\/v2\/product_brand?post=11724"},{"taxonomy":"product_cat","embeddable":true,"href":"https:\/\/www.bobooaza.pl\/index.php\/wp-json\/wp\/v2\/product_cat?post=11724"},{"taxonomy":"product_tag","embeddable":true,"href":"https:\/\/www.bobooaza.pl\/index.php\/wp-json\/wp\/v2\/product_tag?post=11724"}],"curies":[{"name":"wp","href":"https:\/\/api.w.org\/{rel}","templated":true}]}}