{"id":11728,"date":"2026-01-11T15:06:04","date_gmt":"2026-01-11T14:06:04","guid":{"rendered":"https:\/\/bobooaza.pl\/index.php\/produkt\/woopie-47924-zabawki-do-kapieli-kubeczekkaczuszka\/"},"modified":"2026-01-11T15:09:12","modified_gmt":"2026-01-11T14:09:12","slug":"woopie-47924-zabawki-do-kapieli-kubeczekkaczuszka","status":"publish","type":"product","link":"https:\/\/www.bobooaza.pl\/index.php\/produkt\/woopie-47924-zabawki-do-kapieli-kubeczekkaczuszka\/","title":{"rendered":"WOOPIE 47924 Zabawki do k\u0105pieli Kubeczek+kaczuszka"},"content":{"rendered":"<p>Zabawki do k\u0105pieli WOOPIE 47924 to zestaw dla dzieci od 18 miesi\u0105ca \u017cycia, sk\u0142adaj\u0105cy si\u0119 z kubeczka, p\u0142ywaj\u0105cej kaczuszki oraz dozownika myd\u0142a, kt\u00f3ry spienia myd\u0142o tworz\u0105c b\u0105belki. Zabawka rozwija ma\u0142\u0105 motoryk\u0119, koordynacj\u0119 wzrokowo-ruchow\u0105, rozumienie przyczyn i skutku oraz zdolno\u015bci spo\u0142eczne. Wykonana z bezpiecznych materia\u0142\u00f3w wysokiej jako\u015bci, zapewnia interaktywn\u0105 i atrakcyjn\u0105 zabaw\u0119 podczas k\u0105pieli. Wymiary kubeczka 5,5 x 5 cm, kaczuszki 5 x 6,5 x 6,5 cm, butelki dozownika 7,6 x 14,8 x 7,3 cm.<\/p>\n","protected":false},"excerpt":{"rendered":"<p>Zabawki do k\u0105pieli WOOPIE 47924 to zestaw dla dzieci od 18 miesi\u0105ca \u017cycia, sk\u0142adaj\u0105cy si\u0119 z kubeczka, p\u0142ywaj\u0105cej kaczuszki oraz dozownika myd\u0142a, kt\u00f3ry spienia myd\u0142o tworz\u0105c b\u0105belki. Zabawka rozwija ma\u0142\u0105 motoryk\u0119, koordynacj\u0119 wzrokowo-ruchow\u0105, rozumienie przyczyn i skutku oraz zdolno\u015bci spo\u0142eczne. Wykonana z bezpiecznych materia\u0142\u00f3w wysokiej jako\u015bci, zapewnia interaktywn\u0105 i atrakcyjn\u0105 zabaw\u0119 podczas k\u0105pieli. Wymiary kubeczka [&hellip;]<\/p>\n","protected":false},"featured_media":11725,"comment_status":"open","ping_status":"closed","template":"","meta":[],"product_brand":[],"product_cat":[73,76,68,83],"product_tag":[],"class_list":{"0":"post-11728","1":"product","2":"type-product","3":"status-publish","4":"has-post-thumbnail","6":"product_cat-kapiel","7":"product_cat-dziecko","8":"product_cat-higiena-i-pielegnacja","9":"product_cat-zabawki-do-kapieli","11":"first","12":"instock","13":"taxable","14":"shipping-taxable","15":"purchasable","16":"product-type-simple"},"_links":{"self":[{"href":"https:\/\/www.bobooaza.pl\/index.php\/wp-json\/wp\/v2\/product\/11728","targetHints":{"allow":["GET"]}}],"collection":[{"href":"https:\/\/www.bobooaza.pl\/index.php\/wp-json\/wp\/v2\/product"}],"about":[{"href":"https:\/\/www.bobooaza.pl\/index.php\/wp-json\/wp\/v2\/types\/product"}],"replies":[{"embeddable":true,"href":"https:\/\/www.bobooaza.pl\/index.php\/wp-json\/wp\/v2\/comments?post=11728"}],"wp:featuredmedia":[{"embeddable":true,"href":"https:\/\/www.bobooaza.pl\/index.php\/wp-json\/wp\/v2\/media\/11725"}],"wp:attachment":[{"href":"https:\/\/www.bobooaza.pl\/index.php\/wp-json\/wp\/v2\/media?parent=11728"}],"wp:term":[{"taxonomy":"product_brand","embeddable":true,"href":"https:\/\/www.bobooaza.pl\/index.php\/wp-json\/wp\/v2\/product_brand?post=11728"},{"taxonomy":"product_cat","embeddable":true,"href":"https:\/\/www.bobooaza.pl\/index.php\/wp-json\/wp\/v2\/product_cat?post=11728"},{"taxonomy":"product_tag","embeddable":true,"href":"https:\/\/www.bobooaza.pl\/index.php\/wp-json\/wp\/v2\/product_tag?post=11728"}],"curies":[{"name":"wp","href":"https:\/\/api.w.org\/{rel}","templated":true}]}}