{"id":11743,"date":"2026-01-11T15:06:15","date_gmt":"2026-01-11T14:06:15","guid":{"rendered":"https:\/\/bobooaza.pl\/index.php\/produkt\/woopie-baby-44862-zabawka-wodna-do-kapieli-delfinek\/"},"modified":"2026-01-28T16:11:39","modified_gmt":"2026-01-28T15:11:39","slug":"woopie-baby-44862-zabawka-wodna-do-kapieli-delfinek","status":"publish","type":"product","link":"https:\/\/www.bobooaza.pl\/index.php\/produkt\/woopie-baby-44862-zabawka-wodna-do-kapieli-delfinek\/","title":{"rendered":"WOOPIE BABY 44862 Zabawka wodna do k\u0105pieli Delfinek"},"content":{"rendered":"<p>Zabawka wodna do k\u0105pieli WOOPIE BABY 44862 Delfinek to interaktywny zestaw przeznaczony dla dzieci od 18 miesi\u0105ca \u017cycia, kt\u00f3ry umila k\u0105piel i rozwija zdolno\u015bci manualne oraz wyobra\u017ani\u0119. Dziecko wlewa wod\u0119 do zbiornika, a woda sp\u0142ywa po kolejnych figurkach \u2013 krabie, rozgwie\u017adzie i delfinie \u2013 wprawiaj\u0105c je w ruch. Na ko\u0144cu trasy woda wyp\u0142ywa z kraniku i porusza ko\u0142owrotkiem, kt\u00f3rego szybko\u015bci\u0105 i kierunkiem maluch mo\u017ce sterowa\u0107. Zabawka posiada trzy przyssawki do monta\u017cu na \u015bcianie lub wannie. Rozwija koordynacj\u0119 r\u0119ka-oko, koncentracj\u0119 i \u015bwiadomo\u015b\u0107 otaczaj\u0105cego \u015bwiata, a dzi\u0119ki dopracowanym detalom jest bezpieczna i trwa\u0142a. Wymiary produktu to 24 x 21 cm.<\/p>\n","protected":false},"excerpt":{"rendered":"<p>Zabawka wodna do k\u0105pieli WOOPIE BABY 44862 Delfinek to interaktywny zestaw przeznaczony dla dzieci od 18 miesi\u0105ca \u017cycia, kt\u00f3ry umila k\u0105piel i rozwija zdolno\u015bci manualne oraz wyobra\u017ani\u0119. Dziecko wlewa wod\u0119 do zbiornika, a woda sp\u0142ywa po kolejnych figurkach \u2013 krabie, rozgwie\u017adzie i delfinie \u2013 wprawiaj\u0105c je w ruch. Na ko\u0144cu trasy woda wyp\u0142ywa z kraniku [&hellip;]<\/p>\n","protected":false},"featured_media":11738,"comment_status":"open","ping_status":"closed","template":"","meta":[],"product_brand":[],"product_cat":[73,76,68,83],"product_tag":[],"class_list":{"0":"post-11743","1":"product","2":"type-product","3":"status-publish","4":"has-post-thumbnail","6":"product_cat-kapiel","7":"product_cat-dziecko","8":"product_cat-higiena-i-pielegnacja","9":"product_cat-zabawki-do-kapieli","11":"first","12":"instock","13":"taxable","14":"shipping-taxable","15":"purchasable","16":"product-type-simple"},"_links":{"self":[{"href":"https:\/\/www.bobooaza.pl\/index.php\/wp-json\/wp\/v2\/product\/11743","targetHints":{"allow":["GET"]}}],"collection":[{"href":"https:\/\/www.bobooaza.pl\/index.php\/wp-json\/wp\/v2\/product"}],"about":[{"href":"https:\/\/www.bobooaza.pl\/index.php\/wp-json\/wp\/v2\/types\/product"}],"replies":[{"embeddable":true,"href":"https:\/\/www.bobooaza.pl\/index.php\/wp-json\/wp\/v2\/comments?post=11743"}],"wp:featuredmedia":[{"embeddable":true,"href":"https:\/\/www.bobooaza.pl\/index.php\/wp-json\/wp\/v2\/media\/11738"}],"wp:attachment":[{"href":"https:\/\/www.bobooaza.pl\/index.php\/wp-json\/wp\/v2\/media?parent=11743"}],"wp:term":[{"taxonomy":"product_brand","embeddable":true,"href":"https:\/\/www.bobooaza.pl\/index.php\/wp-json\/wp\/v2\/product_brand?post=11743"},{"taxonomy":"product_cat","embeddable":true,"href":"https:\/\/www.bobooaza.pl\/index.php\/wp-json\/wp\/v2\/product_cat?post=11743"},{"taxonomy":"product_tag","embeddable":true,"href":"https:\/\/www.bobooaza.pl\/index.php\/wp-json\/wp\/v2\/product_tag?post=11743"}],"curies":[{"name":"wp","href":"https:\/\/api.w.org\/{rel}","templated":true}]}}