{"id":11749,"date":"2026-01-11T15:06:20","date_gmt":"2026-01-11T14:06:20","guid":{"rendered":"https:\/\/bobooaza.pl\/index.php\/produkt\/yookidoo-40263-zabawka-do-kapieli-trybiki\/"},"modified":"2026-01-11T15:09:13","modified_gmt":"2026-01-11T14:09:13","slug":"yookidoo-40263-zabawka-do-kapieli-trybiki","status":"publish","type":"product","link":"https:\/\/www.bobooaza.pl\/index.php\/produkt\/yookidoo-40263-zabawka-do-kapieli-trybiki\/","title":{"rendered":"YOOKIDOO 40263 Zabawka do k\u0105pieli trybiki"},"content":{"rendered":"<p>Zabawka do k\u0105pieli YOOKIDOO 40263 \u201eTrybiki\u201d to edukacyjna zabawka przeznaczona dla dzieci od 1 roku \u017cycia, kt\u00f3ra \u0142\u0105czy zabaw\u0119 z nauk\u0105 w duchu metody STEM. Dziecko uczy si\u0119 rozpoznawa\u0107 kszta\u0142ty i kolory, rozwija zdolno\u015bci motoryczne oraz poznaje zasady fizyki i zale\u017cno\u015bci przyczynowo-skutkowe. Podczas zabawy dopasowuje geometryczne nak\u0142adki do odpowiednich trybik\u00f3w, obserwuj\u0105c ruchome elementy. Rodzic mo\u017ce wspiera\u0107 malucha, nazywaj\u0105c kszta\u0142ty i kolory oraz pokazuj\u0105c dzia\u0142anie trybik\u00f3w, zach\u0119caj\u0105c do samodzielnej zabawy. Zabawka mocowana jest do wanny przyssawk\u0105, co u\u0142atwia higieniczne przechowywanie i stabilne u\u017cytkowanie. Zestaw zawiera sorter kszta\u0142t\u00f3w, trzy nak\u0142adki, prob\u00f3wk\u0119 oraz uchwyt z przyssawk\u0105. W trakcie zabawy dziecko rozwija manualnie, koordynacj\u0119 oko-r\u0119ka, sensoryk\u0119, kreatywno\u015b\u0107 oraz logiczne my\u015blenie.<\/p>\n","protected":false},"excerpt":{"rendered":"<p>Zabawka do k\u0105pieli YOOKIDOO 40263 \u201eTrybiki\u201d to edukacyjna zabawka przeznaczona dla dzieci od 1 roku \u017cycia, kt\u00f3ra \u0142\u0105czy zabaw\u0119 z nauk\u0105 w duchu metody STEM. Dziecko uczy si\u0119 rozpoznawa\u0107 kszta\u0142ty i kolory, rozwija zdolno\u015bci motoryczne oraz poznaje zasady fizyki i zale\u017cno\u015bci przyczynowo-skutkowe. Podczas zabawy dopasowuje geometryczne nak\u0142adki do odpowiednich trybik\u00f3w, obserwuj\u0105c ruchome elementy. Rodzic mo\u017ce [&hellip;]<\/p>\n","protected":false},"featured_media":11744,"comment_status":"open","ping_status":"closed","template":"","meta":[],"product_brand":[],"product_cat":[73,76,68,83],"product_tag":[],"class_list":{"0":"post-11749","1":"product","2":"type-product","3":"status-publish","4":"has-post-thumbnail","6":"product_cat-kapiel","7":"product_cat-dziecko","8":"product_cat-higiena-i-pielegnacja","9":"product_cat-zabawki-do-kapieli","11":"first","12":"instock","13":"taxable","14":"shipping-taxable","15":"purchasable","16":"product-type-simple"},"_links":{"self":[{"href":"https:\/\/www.bobooaza.pl\/index.php\/wp-json\/wp\/v2\/product\/11749","targetHints":{"allow":["GET"]}}],"collection":[{"href":"https:\/\/www.bobooaza.pl\/index.php\/wp-json\/wp\/v2\/product"}],"about":[{"href":"https:\/\/www.bobooaza.pl\/index.php\/wp-json\/wp\/v2\/types\/product"}],"replies":[{"embeddable":true,"href":"https:\/\/www.bobooaza.pl\/index.php\/wp-json\/wp\/v2\/comments?post=11749"}],"wp:featuredmedia":[{"embeddable":true,"href":"https:\/\/www.bobooaza.pl\/index.php\/wp-json\/wp\/v2\/media\/11744"}],"wp:attachment":[{"href":"https:\/\/www.bobooaza.pl\/index.php\/wp-json\/wp\/v2\/media?parent=11749"}],"wp:term":[{"taxonomy":"product_brand","embeddable":true,"href":"https:\/\/www.bobooaza.pl\/index.php\/wp-json\/wp\/v2\/product_brand?post=11749"},{"taxonomy":"product_cat","embeddable":true,"href":"https:\/\/www.bobooaza.pl\/index.php\/wp-json\/wp\/v2\/product_cat?post=11749"},{"taxonomy":"product_tag","embeddable":true,"href":"https:\/\/www.bobooaza.pl\/index.php\/wp-json\/wp\/v2\/product_tag?post=11749"}],"curies":[{"name":"wp","href":"https:\/\/api.w.org\/{rel}","templated":true}]}}