{"id":11755,"date":"2026-01-11T15:06:26","date_gmt":"2026-01-11T14:06:26","guid":{"rendered":"https:\/\/bobooaza.pl\/index.php\/produkt\/woopie-54726-zabawka-do-kapieli-zyrafka\/"},"modified":"2026-01-11T15:09:14","modified_gmt":"2026-01-11T14:09:14","slug":"woopie-54726-zabawka-do-kapieli-zyrafka","status":"publish","type":"product","link":"https:\/\/www.bobooaza.pl\/index.php\/produkt\/woopie-54726-zabawka-do-kapieli-zyrafka\/","title":{"rendered":"WOOPIE 54726 Zabawka do k\u0105pieli \u017byrafka"},"content":{"rendered":"<p>Zabawka do k\u0105pieli WOOPIE 54726 \u017byrafka to interaktywna zabawka dla dzieci od 18 miesi\u0105ca \u017cycia, kt\u00f3ra pomaga oswoi\u0107 malucha z wod\u0105. \u017byrafka mocuje si\u0119 do wanny przyssawk\u0105, a w zestawie znajduje si\u0119 lejek w kszta\u0142cie kaczuszki, kt\u00f3rym dziecko nape\u0142nia zbiornik zabawki. Po wlaniu wody uruchamia si\u0119 efekt wodospadu, a z czerwonej postaci wysuwa si\u0119 g\u0142owa, co dodatkowo bawi dziecko. Zabawka posiada wbudowany haczyk do \u0142atwego przechowywania i nadaje si\u0119 do zabawy zar\u00f3wno w \u0142azience, jak i na zewn\u0105trz.<\/p>\n<p>Zabawka rozwija koordynacj\u0119 r\u0119ka-oko, zdolno\u015bci motoryczne, wyobra\u017ani\u0119, kreatywno\u015b\u0107 oraz uczy dobrych nawyk\u00f3w porz\u0105dkowych.<\/p>\n<p>Zestaw zawiera interaktywn\u0105 \u017cyrafk\u0119 z mechanizmem, lejek w kszta\u0142cie kaczuszki oraz przyssawk\u0119 do monta\u017cu.<\/p>\n","protected":false},"excerpt":{"rendered":"<p>Zabawka do k\u0105pieli WOOPIE 54726 \u017byrafka to interaktywna zabawka dla dzieci od 18 miesi\u0105ca \u017cycia, kt\u00f3ra pomaga oswoi\u0107 malucha z wod\u0105. \u017byrafka mocuje si\u0119 do wanny przyssawk\u0105, a w zestawie znajduje si\u0119 lejek w kszta\u0142cie kaczuszki, kt\u00f3rym dziecko nape\u0142nia zbiornik zabawki. Po wlaniu wody uruchamia si\u0119 efekt wodospadu, a z czerwonej postaci wysuwa si\u0119 g\u0142owa, [&hellip;]<\/p>\n","protected":false},"featured_media":11750,"comment_status":"open","ping_status":"closed","template":"","meta":[],"product_brand":[],"product_cat":[73,76,68,83],"product_tag":[],"class_list":{"0":"post-11755","1":"product","2":"type-product","3":"status-publish","4":"has-post-thumbnail","6":"product_cat-kapiel","7":"product_cat-dziecko","8":"product_cat-higiena-i-pielegnacja","9":"product_cat-zabawki-do-kapieli","11":"first","12":"instock","13":"taxable","14":"shipping-taxable","15":"purchasable","16":"product-type-simple"},"_links":{"self":[{"href":"https:\/\/www.bobooaza.pl\/index.php\/wp-json\/wp\/v2\/product\/11755","targetHints":{"allow":["GET"]}}],"collection":[{"href":"https:\/\/www.bobooaza.pl\/index.php\/wp-json\/wp\/v2\/product"}],"about":[{"href":"https:\/\/www.bobooaza.pl\/index.php\/wp-json\/wp\/v2\/types\/product"}],"replies":[{"embeddable":true,"href":"https:\/\/www.bobooaza.pl\/index.php\/wp-json\/wp\/v2\/comments?post=11755"}],"wp:featuredmedia":[{"embeddable":true,"href":"https:\/\/www.bobooaza.pl\/index.php\/wp-json\/wp\/v2\/media\/11750"}],"wp:attachment":[{"href":"https:\/\/www.bobooaza.pl\/index.php\/wp-json\/wp\/v2\/media?parent=11755"}],"wp:term":[{"taxonomy":"product_brand","embeddable":true,"href":"https:\/\/www.bobooaza.pl\/index.php\/wp-json\/wp\/v2\/product_brand?post=11755"},{"taxonomy":"product_cat","embeddable":true,"href":"https:\/\/www.bobooaza.pl\/index.php\/wp-json\/wp\/v2\/product_cat?post=11755"},{"taxonomy":"product_tag","embeddable":true,"href":"https:\/\/www.bobooaza.pl\/index.php\/wp-json\/wp\/v2\/product_tag?post=11755"}],"curies":[{"name":"wp","href":"https:\/\/api.w.org\/{rel}","templated":true}]}}