{"id":11760,"date":"2026-01-11T15:06:31","date_gmt":"2026-01-11T14:06:31","guid":{"rendered":"https:\/\/bobooaza.pl\/index.php\/produkt\/woopie-54733-zabawka-do-kapieli-kwiatek-do-podlewania\/"},"modified":"2026-01-19T21:55:00","modified_gmt":"2026-01-19T20:55:00","slug":"woopie-54733-zabawka-do-kapieli-kwiatek-do-podlewania","status":"publish","type":"product","link":"https:\/\/www.bobooaza.pl\/index.php\/produkt\/woopie-54733-zabawka-do-kapieli-kwiatek-do-podlewania\/","title":{"rendered":"WOOPIE 54733 Zabawka do k\u0105pieli Kwiatek do podlewania"},"content":{"rendered":"<p>Zabawka do k\u0105pieli WOOPIE 54733 Kwiatek do podlewania to interaktywna zabawka dla dzieci od 6 miesi\u0105ca \u017cycia. Kolorowy kwiatek \u201erozkwita\u201d po podlaniu wod\u0105 z do\u0142\u0105czonej konewki, ukazuj\u0105c u\u015bmiechni\u0119t\u0105 buzi\u0119 w \u015brodku. Zabawka rozwija koordynacj\u0119 wzrokowo-ruchow\u0105, sprawno\u015b\u0107 manualn\u0105, wyobra\u017ani\u0119, samodzielno\u015b\u0107 i rozpoznawanie kolor\u00f3w. Posiada mocn\u0105 przyssawk\u0119 umo\u017cliwiaj\u0105c\u0105 monta\u017c na kafelkach, wannie, kabinie prysznicowej lub w basenie. Konstrukcja jest bezpieczna, wykonana z nietoksycznych materia\u0142\u00f3w, bez ostrych kraw\u0119dzi i ma\u0142ych element\u00f3w.<\/p>\n<p>Wymiary produktu: 19 \u00d7 12 \u00d7 20 cm<\/p>\n","protected":false},"excerpt":{"rendered":"<p>Zabawka do k\u0105pieli WOOPIE 54733 Kwiatek do podlewania to interaktywna zabawka dla dzieci od 6 miesi\u0105ca \u017cycia. Kolorowy kwiatek \u201erozkwita\u201d po podlaniu wod\u0105 z do\u0142\u0105czonej konewki, ukazuj\u0105c u\u015bmiechni\u0119t\u0105 buzi\u0119 w \u015brodku. Zabawka rozwija koordynacj\u0119 wzrokowo-ruchow\u0105, sprawno\u015b\u0107 manualn\u0105, wyobra\u017ani\u0119, samodzielno\u015b\u0107 i rozpoznawanie kolor\u00f3w. Posiada mocn\u0105 przyssawk\u0119 umo\u017cliwiaj\u0105c\u0105 monta\u017c na kafelkach, wannie, kabinie prysznicowej lub w basenie. [&hellip;]<\/p>\n","protected":false},"featured_media":11756,"comment_status":"open","ping_status":"closed","template":"","meta":[],"product_brand":[],"product_cat":[73,76,68,83],"product_tag":[],"class_list":{"0":"post-11760","1":"product","2":"type-product","3":"status-publish","4":"has-post-thumbnail","6":"product_cat-kapiel","7":"product_cat-dziecko","8":"product_cat-higiena-i-pielegnacja","9":"product_cat-zabawki-do-kapieli","11":"first","12":"instock","13":"taxable","14":"shipping-taxable","15":"purchasable","16":"product-type-simple"},"_links":{"self":[{"href":"https:\/\/www.bobooaza.pl\/index.php\/wp-json\/wp\/v2\/product\/11760","targetHints":{"allow":["GET"]}}],"collection":[{"href":"https:\/\/www.bobooaza.pl\/index.php\/wp-json\/wp\/v2\/product"}],"about":[{"href":"https:\/\/www.bobooaza.pl\/index.php\/wp-json\/wp\/v2\/types\/product"}],"replies":[{"embeddable":true,"href":"https:\/\/www.bobooaza.pl\/index.php\/wp-json\/wp\/v2\/comments?post=11760"}],"wp:featuredmedia":[{"embeddable":true,"href":"https:\/\/www.bobooaza.pl\/index.php\/wp-json\/wp\/v2\/media\/11756"}],"wp:attachment":[{"href":"https:\/\/www.bobooaza.pl\/index.php\/wp-json\/wp\/v2\/media?parent=11760"}],"wp:term":[{"taxonomy":"product_brand","embeddable":true,"href":"https:\/\/www.bobooaza.pl\/index.php\/wp-json\/wp\/v2\/product_brand?post=11760"},{"taxonomy":"product_cat","embeddable":true,"href":"https:\/\/www.bobooaza.pl\/index.php\/wp-json\/wp\/v2\/product_cat?post=11760"},{"taxonomy":"product_tag","embeddable":true,"href":"https:\/\/www.bobooaza.pl\/index.php\/wp-json\/wp\/v2\/product_tag?post=11760"}],"curies":[{"name":"wp","href":"https:\/\/api.w.org\/{rel}","templated":true}]}}