{"id":11766,"date":"2026-01-11T15:06:37","date_gmt":"2026-01-11T14:06:37","guid":{"rendered":"https:\/\/bobooaza.pl\/index.php\/produkt\/woopi-e46699-zabawka-wodna-do-kapieli-malpka-kubek\/"},"modified":"2026-01-19T21:55:01","modified_gmt":"2026-01-19T20:55:01","slug":"woopi-e46699-zabawka-wodna-do-kapieli-malpka-kubek","status":"publish","type":"product","link":"https:\/\/www.bobooaza.pl\/index.php\/produkt\/woopi-e46699-zabawka-wodna-do-kapieli-malpka-kubek\/","title":{"rendered":"WOOPI E46699 Zabawka Wodna do k\u0105pieli Ma\u0142pka + kubek"},"content":{"rendered":"<p>Zabawka wodna WOOPI E46699 Ma\u0142pka z kubkiem to interaktywna zabawka do k\u0105pieli dla dzieci od 18 miesi\u0105ca \u017cycia. Dziecko wlewa wod\u0119 do czapki ma\u0142pki za pomoc\u0105 do\u0142\u0105czonego kubeczka, co powoduje kr\u0119cenie si\u0119 oczu ma\u0142pki, otwieranie buzi i wlewanie wody do wanny. Dodatkowo g\u0105sienica i gwiazdka w zestawie wlewaj\u0105 wod\u0119 na ko\u0142owrotek, kt\u00f3ry si\u0119 obraca. Zabawka posiada dwie przyssawki umo\u017cliwiaj\u0105ce przymocowanie jej do \u015bciany lub wanny. Pomaga rozwija\u0107 zdolno\u015bci manualne, wyobra\u017ani\u0119 i \u015bwiadomo\u015b\u0107 otoczenia, a tak\u017ce anga\u017cuje dziecko podczas k\u0105pieli.<\/p>\n","protected":false},"excerpt":{"rendered":"<p>Zabawka wodna WOOPI E46699 Ma\u0142pka z kubkiem to interaktywna zabawka do k\u0105pieli dla dzieci od 18 miesi\u0105ca \u017cycia. Dziecko wlewa wod\u0119 do czapki ma\u0142pki za pomoc\u0105 do\u0142\u0105czonego kubeczka, co powoduje kr\u0119cenie si\u0119 oczu ma\u0142pki, otwieranie buzi i wlewanie wody do wanny. Dodatkowo g\u0105sienica i gwiazdka w zestawie wlewaj\u0105 wod\u0119 na ko\u0142owrotek, kt\u00f3ry si\u0119 obraca. Zabawka [&hellip;]<\/p>\n","protected":false},"featured_media":11761,"comment_status":"open","ping_status":"closed","template":"","meta":[],"product_brand":[],"product_cat":[73,76,68,83],"product_tag":[],"class_list":{"0":"post-11766","1":"product","2":"type-product","3":"status-publish","4":"has-post-thumbnail","6":"product_cat-kapiel","7":"product_cat-dziecko","8":"product_cat-higiena-i-pielegnacja","9":"product_cat-zabawki-do-kapieli","11":"first","12":"instock","13":"taxable","14":"shipping-taxable","15":"purchasable","16":"product-type-simple"},"_links":{"self":[{"href":"https:\/\/www.bobooaza.pl\/index.php\/wp-json\/wp\/v2\/product\/11766","targetHints":{"allow":["GET"]}}],"collection":[{"href":"https:\/\/www.bobooaza.pl\/index.php\/wp-json\/wp\/v2\/product"}],"about":[{"href":"https:\/\/www.bobooaza.pl\/index.php\/wp-json\/wp\/v2\/types\/product"}],"replies":[{"embeddable":true,"href":"https:\/\/www.bobooaza.pl\/index.php\/wp-json\/wp\/v2\/comments?post=11766"}],"wp:featuredmedia":[{"embeddable":true,"href":"https:\/\/www.bobooaza.pl\/index.php\/wp-json\/wp\/v2\/media\/11761"}],"wp:attachment":[{"href":"https:\/\/www.bobooaza.pl\/index.php\/wp-json\/wp\/v2\/media?parent=11766"}],"wp:term":[{"taxonomy":"product_brand","embeddable":true,"href":"https:\/\/www.bobooaza.pl\/index.php\/wp-json\/wp\/v2\/product_brand?post=11766"},{"taxonomy":"product_cat","embeddable":true,"href":"https:\/\/www.bobooaza.pl\/index.php\/wp-json\/wp\/v2\/product_cat?post=11766"},{"taxonomy":"product_tag","embeddable":true,"href":"https:\/\/www.bobooaza.pl\/index.php\/wp-json\/wp\/v2\/product_tag?post=11766"}],"curies":[{"name":"wp","href":"https:\/\/api.w.org\/{rel}","templated":true}]}}