{"id":11768,"date":"2026-01-11T15:06:38","date_gmt":"2026-01-11T14:06:38","guid":{"rendered":"https:\/\/bobooaza.pl\/index.php\/produkt\/tullo-012-kaczuszki-do-kapieli-4-szt\/"},"modified":"2026-01-11T15:09:15","modified_gmt":"2026-01-11T14:09:15","slug":"tullo-012-kaczuszki-do-kapieli-4-szt","status":"publish","type":"product","link":"https:\/\/www.bobooaza.pl\/index.php\/produkt\/tullo-012-kaczuszki-do-kapieli-4-szt\/","title":{"rendered":"TULLO 012 Kaczuszki do k\u0105pieli 4 szt."},"content":{"rendered":"<p>Zestaw TULLO 012 zawiera cztery kolorowe gumowe kaczuszki do k\u0105pieli o rozmiarze 5 cm, kt\u00f3re sprawiaj\u0105, \u017ce k\u0105piel staje si\u0119 zabawn\u0105 przygod\u0105. Kaczuszki s\u0105 ponadczasowymi zabawkami, uwielbianymi przez dzieci od pokole\u0144.<\/p>\n","protected":false},"excerpt":{"rendered":"<p>Zestaw TULLO 012 zawiera cztery kolorowe gumowe kaczuszki do k\u0105pieli o rozmiarze 5 cm, kt\u00f3re sprawiaj\u0105, \u017ce k\u0105piel staje si\u0119 zabawn\u0105 przygod\u0105. Kaczuszki s\u0105 ponadczasowymi zabawkami, uwielbianymi przez dzieci od pokole\u0144.<\/p>\n","protected":false},"featured_media":11767,"comment_status":"open","ping_status":"closed","template":"","meta":[],"product_brand":[],"product_cat":[73,76,68,83],"product_tag":[],"class_list":{"0":"post-11768","1":"product","2":"type-product","3":"status-publish","4":"has-post-thumbnail","6":"product_cat-kapiel","7":"product_cat-dziecko","8":"product_cat-higiena-i-pielegnacja","9":"product_cat-zabawki-do-kapieli","11":"first","12":"instock","13":"taxable","14":"shipping-taxable","15":"purchasable","16":"product-type-simple"},"_links":{"self":[{"href":"https:\/\/www.bobooaza.pl\/index.php\/wp-json\/wp\/v2\/product\/11768","targetHints":{"allow":["GET"]}}],"collection":[{"href":"https:\/\/www.bobooaza.pl\/index.php\/wp-json\/wp\/v2\/product"}],"about":[{"href":"https:\/\/www.bobooaza.pl\/index.php\/wp-json\/wp\/v2\/types\/product"}],"replies":[{"embeddable":true,"href":"https:\/\/www.bobooaza.pl\/index.php\/wp-json\/wp\/v2\/comments?post=11768"}],"wp:featuredmedia":[{"embeddable":true,"href":"https:\/\/www.bobooaza.pl\/index.php\/wp-json\/wp\/v2\/media\/11767"}],"wp:attachment":[{"href":"https:\/\/www.bobooaza.pl\/index.php\/wp-json\/wp\/v2\/media?parent=11768"}],"wp:term":[{"taxonomy":"product_brand","embeddable":true,"href":"https:\/\/www.bobooaza.pl\/index.php\/wp-json\/wp\/v2\/product_brand?post=11768"},{"taxonomy":"product_cat","embeddable":true,"href":"https:\/\/www.bobooaza.pl\/index.php\/wp-json\/wp\/v2\/product_cat?post=11768"},{"taxonomy":"product_tag","embeddable":true,"href":"https:\/\/www.bobooaza.pl\/index.php\/wp-json\/wp\/v2\/product_tag?post=11768"}],"curies":[{"name":"wp","href":"https:\/\/api.w.org\/{rel}","templated":true}]}}