{"id":11770,"date":"2026-01-11T15:06:40","date_gmt":"2026-01-11T14:06:40","guid":{"rendered":"https:\/\/bobooaza.pl\/index.php\/produkt\/tullo-023-kaczuszka-do-kapieli-2-szt\/"},"modified":"2026-01-11T15:09:16","modified_gmt":"2026-01-11T14:09:16","slug":"tullo-023-kaczuszka-do-kapieli-2-szt","status":"publish","type":"product","link":"https:\/\/www.bobooaza.pl\/index.php\/produkt\/tullo-023-kaczuszka-do-kapieli-2-szt\/","title":{"rendered":"TULLO 023 Kaczuszka do k\u0105pieli 2 szt."},"content":{"rendered":"<p>Zestaw TULLO 023 to dwie kolorowe gumowe kaczuszki do k\u0105pieli, kt\u00f3re pozwalaj\u0105 dziecku nabiera\u0107 i wypuszcza\u0107 wod\u0119, a tak\u017ce bawi\u0107 si\u0119 ochlapuj\u0105c rodzic\u00f3w. Kaczuszki maj\u0105 rozmiar 5\u201310 cm i stanowi\u0105 klasyczne, uwielbiane od pokole\u0144 zabawki do wody.<\/p>\n","protected":false},"excerpt":{"rendered":"<p>Zestaw TULLO 023 to dwie kolorowe gumowe kaczuszki do k\u0105pieli, kt\u00f3re pozwalaj\u0105 dziecku nabiera\u0107 i wypuszcza\u0107 wod\u0119, a tak\u017ce bawi\u0107 si\u0119 ochlapuj\u0105c rodzic\u00f3w. Kaczuszki maj\u0105 rozmiar 5\u201310 cm i stanowi\u0105 klasyczne, uwielbiane od pokole\u0144 zabawki do wody.<\/p>\n","protected":false},"featured_media":11769,"comment_status":"open","ping_status":"closed","template":"","meta":[],"product_brand":[],"product_cat":[73,76,68,83],"product_tag":[],"class_list":{"0":"post-11770","1":"product","2":"type-product","3":"status-publish","4":"has-post-thumbnail","6":"product_cat-kapiel","7":"product_cat-dziecko","8":"product_cat-higiena-i-pielegnacja","9":"product_cat-zabawki-do-kapieli","11":"first","12":"instock","13":"taxable","14":"shipping-taxable","15":"purchasable","16":"product-type-simple"},"_links":{"self":[{"href":"https:\/\/www.bobooaza.pl\/index.php\/wp-json\/wp\/v2\/product\/11770","targetHints":{"allow":["GET"]}}],"collection":[{"href":"https:\/\/www.bobooaza.pl\/index.php\/wp-json\/wp\/v2\/product"}],"about":[{"href":"https:\/\/www.bobooaza.pl\/index.php\/wp-json\/wp\/v2\/types\/product"}],"replies":[{"embeddable":true,"href":"https:\/\/www.bobooaza.pl\/index.php\/wp-json\/wp\/v2\/comments?post=11770"}],"wp:featuredmedia":[{"embeddable":true,"href":"https:\/\/www.bobooaza.pl\/index.php\/wp-json\/wp\/v2\/media\/11769"}],"wp:attachment":[{"href":"https:\/\/www.bobooaza.pl\/index.php\/wp-json\/wp\/v2\/media?parent=11770"}],"wp:term":[{"taxonomy":"product_brand","embeddable":true,"href":"https:\/\/www.bobooaza.pl\/index.php\/wp-json\/wp\/v2\/product_brand?post=11770"},{"taxonomy":"product_cat","embeddable":true,"href":"https:\/\/www.bobooaza.pl\/index.php\/wp-json\/wp\/v2\/product_cat?post=11770"},{"taxonomy":"product_tag","embeddable":true,"href":"https:\/\/www.bobooaza.pl\/index.php\/wp-json\/wp\/v2\/product_tag?post=11770"}],"curies":[{"name":"wp","href":"https:\/\/api.w.org\/{rel}","templated":true}]}}