{"id":11773,"date":"2026-01-11T15:06:43","date_gmt":"2026-01-11T14:06:43","guid":{"rendered":"https:\/\/bobooaza.pl\/index.php\/produkt\/tullo-025-zwierzatka-do-kapieli-w-wanience-3-szt\/"},"modified":"2026-01-11T15:09:16","modified_gmt":"2026-01-11T14:09:16","slug":"tullo-025-zwierzatka-do-kapieli-w-wanience-3-szt","status":"publish","type":"product","link":"https:\/\/www.bobooaza.pl\/index.php\/produkt\/tullo-025-zwierzatka-do-kapieli-w-wanience-3-szt\/","title":{"rendered":"TULLO 025 Zwierz\u0105tka do k\u0105pieli w wanience 3 szt"},"content":{"rendered":"<p>Zestaw TULLO 025 to trzy zwierz\u0105tka do k\u0105pieli \u2013 kaczki i \u017caby \u2013 kt\u00f3re sprawiaj\u0105, \u017ce k\u0105piel staje si\u0119 zabawn\u0105 i atrakcyjn\u0105 przygod\u0105 dla dziecka. Do\u0142\u0105czona wanienka mo\u017ce s\u0142u\u017cy\u0107 r\u00f3wnie\u017c do przechowywania zabawek po k\u0105pieli, co u\u0142atwia utrzymanie porz\u0105dku w \u0142azience. Zwierz\u0105tka maj\u0105 rozmiar 5\u201310 cm.<\/p>\n","protected":false},"excerpt":{"rendered":"<p>Zestaw TULLO 025 to trzy zwierz\u0105tka do k\u0105pieli \u2013 kaczki i \u017caby \u2013 kt\u00f3re sprawiaj\u0105, \u017ce k\u0105piel staje si\u0119 zabawn\u0105 i atrakcyjn\u0105 przygod\u0105 dla dziecka. Do\u0142\u0105czona wanienka mo\u017ce s\u0142u\u017cy\u0107 r\u00f3wnie\u017c do przechowywania zabawek po k\u0105pieli, co u\u0142atwia utrzymanie porz\u0105dku w \u0142azience. Zwierz\u0105tka maj\u0105 rozmiar 5\u201310 cm.<\/p>\n","protected":false},"featured_media":11771,"comment_status":"open","ping_status":"closed","template":"","meta":[],"product_brand":[],"product_cat":[73,76,68,83],"product_tag":[],"class_list":{"0":"post-11773","1":"product","2":"type-product","3":"status-publish","4":"has-post-thumbnail","6":"product_cat-kapiel","7":"product_cat-dziecko","8":"product_cat-higiena-i-pielegnacja","9":"product_cat-zabawki-do-kapieli","11":"first","12":"instock","13":"taxable","14":"shipping-taxable","15":"purchasable","16":"product-type-simple"},"_links":{"self":[{"href":"https:\/\/www.bobooaza.pl\/index.php\/wp-json\/wp\/v2\/product\/11773","targetHints":{"allow":["GET"]}}],"collection":[{"href":"https:\/\/www.bobooaza.pl\/index.php\/wp-json\/wp\/v2\/product"}],"about":[{"href":"https:\/\/www.bobooaza.pl\/index.php\/wp-json\/wp\/v2\/types\/product"}],"replies":[{"embeddable":true,"href":"https:\/\/www.bobooaza.pl\/index.php\/wp-json\/wp\/v2\/comments?post=11773"}],"wp:featuredmedia":[{"embeddable":true,"href":"https:\/\/www.bobooaza.pl\/index.php\/wp-json\/wp\/v2\/media\/11771"}],"wp:attachment":[{"href":"https:\/\/www.bobooaza.pl\/index.php\/wp-json\/wp\/v2\/media?parent=11773"}],"wp:term":[{"taxonomy":"product_brand","embeddable":true,"href":"https:\/\/www.bobooaza.pl\/index.php\/wp-json\/wp\/v2\/product_brand?post=11773"},{"taxonomy":"product_cat","embeddable":true,"href":"https:\/\/www.bobooaza.pl\/index.php\/wp-json\/wp\/v2\/product_cat?post=11773"},{"taxonomy":"product_tag","embeddable":true,"href":"https:\/\/www.bobooaza.pl\/index.php\/wp-json\/wp\/v2\/product_tag?post=11773"}],"curies":[{"name":"wp","href":"https:\/\/api.w.org\/{rel}","templated":true}]}}