{"id":11776,"date":"2026-01-11T15:06:46","date_gmt":"2026-01-11T14:06:46","guid":{"rendered":"https:\/\/bobooaza.pl\/index.php\/produkt\/tullo-123-lodeczki-do-kapieli-ze-zwierzatkami\/"},"modified":"2026-01-11T15:09:17","modified_gmt":"2026-01-11T14:09:17","slug":"tullo-123-lodeczki-do-kapieli-ze-zwierzatkami","status":"publish","type":"product","link":"https:\/\/www.bobooaza.pl\/index.php\/produkt\/tullo-123-lodeczki-do-kapieli-ze-zwierzatkami\/","title":{"rendered":"TULLO 123 \u0141\u00f3deczki do k\u0105pieli ze zwierz\u0105tkami"},"content":{"rendered":"<p>Zestaw TULLO 123 to kolorowe \u0142\u00f3deczki do k\u0105pieli ze zwierz\u0105tkami o wielko\u015bci 5\u201313 cm. Dzi\u0119ki nim k\u0105piel staje si\u0119 wspania\u0142\u0105 zabaw\u0105, a dzieci mog\u0105 bawi\u0107 si\u0119 w wannie, odkrywaj\u0105c r\u00f3\u017cne zwierz\u0105tka i tworz\u0105c w\u0142asne scenki podczas wodnych przyg\u00f3d.<\/p>\n","protected":false},"excerpt":{"rendered":"<p>Zestaw TULLO 123 to kolorowe \u0142\u00f3deczki do k\u0105pieli ze zwierz\u0105tkami o wielko\u015bci 5\u201313 cm. Dzi\u0119ki nim k\u0105piel staje si\u0119 wspania\u0142\u0105 zabaw\u0105, a dzieci mog\u0105 bawi\u0107 si\u0119 w wannie, odkrywaj\u0105c r\u00f3\u017cne zwierz\u0105tka i tworz\u0105c w\u0142asne scenki podczas wodnych przyg\u00f3d.<\/p>\n","protected":false},"featured_media":11774,"comment_status":"open","ping_status":"closed","template":"","meta":[],"product_brand":[],"product_cat":[73,76,68,83],"product_tag":[],"class_list":{"0":"post-11776","1":"product","2":"type-product","3":"status-publish","4":"has-post-thumbnail","6":"product_cat-kapiel","7":"product_cat-dziecko","8":"product_cat-higiena-i-pielegnacja","9":"product_cat-zabawki-do-kapieli","11":"first","12":"instock","13":"taxable","14":"shipping-taxable","15":"purchasable","16":"product-type-simple"},"_links":{"self":[{"href":"https:\/\/www.bobooaza.pl\/index.php\/wp-json\/wp\/v2\/product\/11776","targetHints":{"allow":["GET"]}}],"collection":[{"href":"https:\/\/www.bobooaza.pl\/index.php\/wp-json\/wp\/v2\/product"}],"about":[{"href":"https:\/\/www.bobooaza.pl\/index.php\/wp-json\/wp\/v2\/types\/product"}],"replies":[{"embeddable":true,"href":"https:\/\/www.bobooaza.pl\/index.php\/wp-json\/wp\/v2\/comments?post=11776"}],"wp:featuredmedia":[{"embeddable":true,"href":"https:\/\/www.bobooaza.pl\/index.php\/wp-json\/wp\/v2\/media\/11774"}],"wp:attachment":[{"href":"https:\/\/www.bobooaza.pl\/index.php\/wp-json\/wp\/v2\/media?parent=11776"}],"wp:term":[{"taxonomy":"product_brand","embeddable":true,"href":"https:\/\/www.bobooaza.pl\/index.php\/wp-json\/wp\/v2\/product_brand?post=11776"},{"taxonomy":"product_cat","embeddable":true,"href":"https:\/\/www.bobooaza.pl\/index.php\/wp-json\/wp\/v2\/product_cat?post=11776"},{"taxonomy":"product_tag","embeddable":true,"href":"https:\/\/www.bobooaza.pl\/index.php\/wp-json\/wp\/v2\/product_tag?post=11776"}],"curies":[{"name":"wp","href":"https:\/\/api.w.org\/{rel}","templated":true}]}}