{"id":11778,"date":"2026-01-11T15:06:47","date_gmt":"2026-01-11T14:06:47","guid":{"rendered":"https:\/\/bobooaza.pl\/index.php\/produkt\/tullo-508-rybki-do-kapieli-5-szt-nie-nabieraja-wody\/"},"modified":"2026-01-11T15:09:17","modified_gmt":"2026-01-11T14:09:17","slug":"tullo-508-rybki-do-kapieli-5-szt-nie-nabieraja-wody","status":"publish","type":"product","link":"https:\/\/www.bobooaza.pl\/index.php\/produkt\/tullo-508-rybki-do-kapieli-5-szt-nie-nabieraja-wody\/","title":{"rendered":"TULLO 508 Rybki do k\u0105pieli 5 szt (nie nabieraj\u0105 wody)"},"content":{"rendered":"<p>Zestaw TULLO 508 to pi\u0119\u0107 kolorowych rybek do k\u0105pieli o wielko\u015bci 5 cm, kt\u00f3re nie nabieraj\u0105 wody. Brak dziurek uniemo\u017cliwia przenikanie wody do \u015brodka, dzi\u0119ki czemu zabawki pozostaj\u0105 higieniczne, a dzieci maj\u0105 kontakt tylko z ich zewn\u0119trzn\u0105 warstw\u0105. S\u0105 bezpieczne, atrakcyjne wizualnie i sprawiaj\u0105, \u017ce k\u0105piel staje si\u0119 zabawn\u0105 i bezpieczn\u0105 przygod\u0105.<\/p>\n","protected":false},"excerpt":{"rendered":"<p>Zestaw TULLO 508 to pi\u0119\u0107 kolorowych rybek do k\u0105pieli o wielko\u015bci 5 cm, kt\u00f3re nie nabieraj\u0105 wody. Brak dziurek uniemo\u017cliwia przenikanie wody do \u015brodka, dzi\u0119ki czemu zabawki pozostaj\u0105 higieniczne, a dzieci maj\u0105 kontakt tylko z ich zewn\u0119trzn\u0105 warstw\u0105. S\u0105 bezpieczne, atrakcyjne wizualnie i sprawiaj\u0105, \u017ce k\u0105piel staje si\u0119 zabawn\u0105 i bezpieczn\u0105 przygod\u0105.<\/p>\n","protected":false},"featured_media":11777,"comment_status":"open","ping_status":"closed","template":"","meta":[],"product_brand":[],"product_cat":[73,76,68,83],"product_tag":[],"class_list":{"0":"post-11778","1":"product","2":"type-product","3":"status-publish","4":"has-post-thumbnail","6":"product_cat-kapiel","7":"product_cat-dziecko","8":"product_cat-higiena-i-pielegnacja","9":"product_cat-zabawki-do-kapieli","11":"first","12":"instock","13":"taxable","14":"shipping-taxable","15":"purchasable","16":"product-type-simple"},"_links":{"self":[{"href":"https:\/\/www.bobooaza.pl\/index.php\/wp-json\/wp\/v2\/product\/11778","targetHints":{"allow":["GET"]}}],"collection":[{"href":"https:\/\/www.bobooaza.pl\/index.php\/wp-json\/wp\/v2\/product"}],"about":[{"href":"https:\/\/www.bobooaza.pl\/index.php\/wp-json\/wp\/v2\/types\/product"}],"replies":[{"embeddable":true,"href":"https:\/\/www.bobooaza.pl\/index.php\/wp-json\/wp\/v2\/comments?post=11778"}],"wp:featuredmedia":[{"embeddable":true,"href":"https:\/\/www.bobooaza.pl\/index.php\/wp-json\/wp\/v2\/media\/11777"}],"wp:attachment":[{"href":"https:\/\/www.bobooaza.pl\/index.php\/wp-json\/wp\/v2\/media?parent=11778"}],"wp:term":[{"taxonomy":"product_brand","embeddable":true,"href":"https:\/\/www.bobooaza.pl\/index.php\/wp-json\/wp\/v2\/product_brand?post=11778"},{"taxonomy":"product_cat","embeddable":true,"href":"https:\/\/www.bobooaza.pl\/index.php\/wp-json\/wp\/v2\/product_cat?post=11778"},{"taxonomy":"product_tag","embeddable":true,"href":"https:\/\/www.bobooaza.pl\/index.php\/wp-json\/wp\/v2\/product_tag?post=11778"}],"curies":[{"name":"wp","href":"https:\/\/api.w.org\/{rel}","templated":true}]}}