{"id":11784,"date":"2026-01-11T15:06:54","date_gmt":"2026-01-11T14:06:54","guid":{"rendered":"https:\/\/bobooaza.pl\/index.php\/produkt\/tullo-511-kaczka-do-kapieli-nie-nabiera-wody\/"},"modified":"2026-01-19T21:55:03","modified_gmt":"2026-01-19T20:55:03","slug":"tullo-511-kaczka-do-kapieli-nie-nabiera-wody","status":"publish","type":"product","link":"https:\/\/www.bobooaza.pl\/index.php\/produkt\/tullo-511-kaczka-do-kapieli-nie-nabiera-wody\/","title":{"rendered":"TULLO 511 Kaczka do k\u0105pieli (nie nabiera wody)"},"content":{"rendered":"<p>Zabawka do k\u0105pieli TULLO 511 to kaczuszka o d\u0142ugo\u015bci 11 cm, zaprojektowana tak, aby nie nabiera\u0142a wody. Dzi\u0119ki temu w \u015brodku nie gromadzi si\u0119 woda, co zwi\u0119ksza higien\u0119 i bezpiecze\u0144stwo podczas zabawy. Kolorowa i przyjazna dla dzieci, sprawia, \u017ce k\u0105piel staje si\u0119 ciekaw\u0105 i bezpieczn\u0105 zabaw\u0105.<\/p>\n","protected":false},"excerpt":{"rendered":"<p>Zabawka do k\u0105pieli TULLO 511 to kaczuszka o d\u0142ugo\u015bci 11 cm, zaprojektowana tak, aby nie nabiera\u0142a wody. Dzi\u0119ki temu w \u015brodku nie gromadzi si\u0119 woda, co zwi\u0119ksza higien\u0119 i bezpiecze\u0144stwo podczas zabawy. Kolorowa i przyjazna dla dzieci, sprawia, \u017ce k\u0105piel staje si\u0119 ciekaw\u0105 i bezpieczn\u0105 zabaw\u0105.<\/p>\n","protected":false},"featured_media":11783,"comment_status":"open","ping_status":"closed","template":"","meta":[],"product_brand":[],"product_cat":[73,76,68,83],"product_tag":[],"class_list":{"0":"post-11784","1":"product","2":"type-product","3":"status-publish","4":"has-post-thumbnail","6":"product_cat-kapiel","7":"product_cat-dziecko","8":"product_cat-higiena-i-pielegnacja","9":"product_cat-zabawki-do-kapieli","11":"first","12":"instock","13":"taxable","14":"shipping-taxable","15":"purchasable","16":"product-type-simple"},"_links":{"self":[{"href":"https:\/\/www.bobooaza.pl\/index.php\/wp-json\/wp\/v2\/product\/11784","targetHints":{"allow":["GET"]}}],"collection":[{"href":"https:\/\/www.bobooaza.pl\/index.php\/wp-json\/wp\/v2\/product"}],"about":[{"href":"https:\/\/www.bobooaza.pl\/index.php\/wp-json\/wp\/v2\/types\/product"}],"replies":[{"embeddable":true,"href":"https:\/\/www.bobooaza.pl\/index.php\/wp-json\/wp\/v2\/comments?post=11784"}],"wp:featuredmedia":[{"embeddable":true,"href":"https:\/\/www.bobooaza.pl\/index.php\/wp-json\/wp\/v2\/media\/11783"}],"wp:attachment":[{"href":"https:\/\/www.bobooaza.pl\/index.php\/wp-json\/wp\/v2\/media?parent=11784"}],"wp:term":[{"taxonomy":"product_brand","embeddable":true,"href":"https:\/\/www.bobooaza.pl\/index.php\/wp-json\/wp\/v2\/product_brand?post=11784"},{"taxonomy":"product_cat","embeddable":true,"href":"https:\/\/www.bobooaza.pl\/index.php\/wp-json\/wp\/v2\/product_cat?post=11784"},{"taxonomy":"product_tag","embeddable":true,"href":"https:\/\/www.bobooaza.pl\/index.php\/wp-json\/wp\/v2\/product_tag?post=11784"}],"curies":[{"name":"wp","href":"https:\/\/api.w.org\/{rel}","templated":true}]}}