{"id":11786,"date":"2026-01-11T15:11:17","date_gmt":"2026-01-11T14:11:17","guid":{"rendered":"https:\/\/bobooaza.pl\/index.php\/produkt\/nuk-750430-nozyczki-dla-niemowlat-rozowe-528566\/"},"modified":"2026-01-11T15:21:21","modified_gmt":"2026-01-11T14:21:21","slug":"nuk-750430-nozyczki-dla-niemowlat-rozowe-528566","status":"publish","type":"product","link":"https:\/\/www.bobooaza.pl\/index.php\/produkt\/nuk-750430-nozyczki-dla-niemowlat-rozowe-528566\/","title":{"rendered":"NUK 750430 No\u017cyczki dla niemowl\u0105t r\u00f3\u017cowe 528566"},"content":{"rendered":"<p>No\u017cyczki dla niemowl\u0105t NUK 750430 to bezpieczne narz\u0119dzie do piel\u0119gnacji malucha. Ostrza s\u0105 zaokr\u0105glone, zapewniaj\u0105c dok\u0142adne ci\u0119cie bez ryzyka zranienia. Uchwyt jest mi\u0119kki i antypo\u015blizgowy, co u\u0142atwia kontrol\u0119 podczas u\u017cywania. Do\u0142\u0105czona os\u0142onka pozwala bezpiecznie przechowywa\u0107 no\u017cyczki. Wykonane ze stali nierdzewnej, trwa\u0142e i \u0142atwe do utrzymania w czysto\u015bci.<\/p>\n","protected":false},"excerpt":{"rendered":"<p>No\u017cyczki dla niemowl\u0105t NUK 750430 to bezpieczne narz\u0119dzie do piel\u0119gnacji malucha. Ostrza s\u0105 zaokr\u0105glone, zapewniaj\u0105c dok\u0142adne ci\u0119cie bez ryzyka zranienia. Uchwyt jest mi\u0119kki i antypo\u015blizgowy, co u\u0142atwia kontrol\u0119 podczas u\u017cywania. Do\u0142\u0105czona os\u0142onka pozwala bezpiecznie przechowywa\u0107 no\u017cyczki. Wykonane ze stali nierdzewnej, trwa\u0142e i \u0142atwe do utrzymania w czysto\u015bci.<\/p>\n","protected":false},"featured_media":11785,"comment_status":"open","ping_status":"closed","template":"","meta":[],"product_brand":[],"product_cat":[76,68,69,72],"product_tag":[],"class_list":{"0":"post-11786","1":"product","2":"type-product","3":"status-publish","4":"has-post-thumbnail","6":"product_cat-dziecko","7":"product_cat-higiena-i-pielegnacja","8":"product_cat-pielegnacja-paznokci","9":"product_cat-trymery-i-nozyczki","11":"first","12":"instock","13":"taxable","14":"shipping-taxable","15":"purchasable","16":"product-type-simple"},"_links":{"self":[{"href":"https:\/\/www.bobooaza.pl\/index.php\/wp-json\/wp\/v2\/product\/11786","targetHints":{"allow":["GET"]}}],"collection":[{"href":"https:\/\/www.bobooaza.pl\/index.php\/wp-json\/wp\/v2\/product"}],"about":[{"href":"https:\/\/www.bobooaza.pl\/index.php\/wp-json\/wp\/v2\/types\/product"}],"replies":[{"embeddable":true,"href":"https:\/\/www.bobooaza.pl\/index.php\/wp-json\/wp\/v2\/comments?post=11786"}],"wp:featuredmedia":[{"embeddable":true,"href":"https:\/\/www.bobooaza.pl\/index.php\/wp-json\/wp\/v2\/media\/11785"}],"wp:attachment":[{"href":"https:\/\/www.bobooaza.pl\/index.php\/wp-json\/wp\/v2\/media?parent=11786"}],"wp:term":[{"taxonomy":"product_brand","embeddable":true,"href":"https:\/\/www.bobooaza.pl\/index.php\/wp-json\/wp\/v2\/product_brand?post=11786"},{"taxonomy":"product_cat","embeddable":true,"href":"https:\/\/www.bobooaza.pl\/index.php\/wp-json\/wp\/v2\/product_cat?post=11786"},{"taxonomy":"product_tag","embeddable":true,"href":"https:\/\/www.bobooaza.pl\/index.php\/wp-json\/wp\/v2\/product_tag?post=11786"}],"curies":[{"name":"wp","href":"https:\/\/api.w.org\/{rel}","templated":true}]}}