{"id":11799,"date":"2026-01-11T15:11:33","date_gmt":"2026-01-11T14:11:33","guid":{"rendered":"https:\/\/bobooaza.pl\/index.php\/produkt\/chicco-00005913000000-nozyczki-krotkie\/"},"modified":"2026-01-11T15:21:24","modified_gmt":"2026-01-11T14:21:24","slug":"chicco-00005913000000-nozyczki-krotkie","status":"publish","type":"product","link":"https:\/\/www.bobooaza.pl\/index.php\/produkt\/chicco-00005913000000-nozyczki-krotkie\/","title":{"rendered":"CHICCO 00005913000000 No\u017cyczki kr\u00f3tkie"},"content":{"rendered":"<p>No\u017cyczki Chicco 00005913000000 przeznaczone dla noworodk\u00f3w. Wykonane ze stali nierdzewnej wolnej od niklu. Posiadaj\u0105 kr\u00f3tkie, zakrzywione ostrza z zaokr\u0105glonymi ko\u0144c\u00f3wkami, zapewniaj\u0105ce ca\u0142kowite bezpiecze\u0144stwo dziecka i precyzyjne ci\u0119cie paznokci.<\/p>\n","protected":false},"excerpt":{"rendered":"<p>No\u017cyczki Chicco 00005913000000 przeznaczone dla noworodk\u00f3w. Wykonane ze stali nierdzewnej wolnej od niklu. Posiadaj\u0105 kr\u00f3tkie, zakrzywione ostrza z zaokr\u0105glonymi ko\u0144c\u00f3wkami, zapewniaj\u0105ce ca\u0142kowite bezpiecze\u0144stwo dziecka i precyzyjne ci\u0119cie paznokci.<\/p>\n","protected":false},"featured_media":11798,"comment_status":"open","ping_status":"closed","template":"","meta":[],"product_brand":[],"product_cat":[76,68,69,72],"product_tag":[],"class_list":{"0":"post-11799","1":"product","2":"type-product","3":"status-publish","4":"has-post-thumbnail","6":"product_cat-dziecko","7":"product_cat-higiena-i-pielegnacja","8":"product_cat-pielegnacja-paznokci","9":"product_cat-trymery-i-nozyczki","11":"first","12":"instock","13":"taxable","14":"shipping-taxable","15":"purchasable","16":"product-type-simple"},"_links":{"self":[{"href":"https:\/\/www.bobooaza.pl\/index.php\/wp-json\/wp\/v2\/product\/11799","targetHints":{"allow":["GET"]}}],"collection":[{"href":"https:\/\/www.bobooaza.pl\/index.php\/wp-json\/wp\/v2\/product"}],"about":[{"href":"https:\/\/www.bobooaza.pl\/index.php\/wp-json\/wp\/v2\/types\/product"}],"replies":[{"embeddable":true,"href":"https:\/\/www.bobooaza.pl\/index.php\/wp-json\/wp\/v2\/comments?post=11799"}],"wp:featuredmedia":[{"embeddable":true,"href":"https:\/\/www.bobooaza.pl\/index.php\/wp-json\/wp\/v2\/media\/11798"}],"wp:attachment":[{"href":"https:\/\/www.bobooaza.pl\/index.php\/wp-json\/wp\/v2\/media?parent=11799"}],"wp:term":[{"taxonomy":"product_brand","embeddable":true,"href":"https:\/\/www.bobooaza.pl\/index.php\/wp-json\/wp\/v2\/product_brand?post=11799"},{"taxonomy":"product_cat","embeddable":true,"href":"https:\/\/www.bobooaza.pl\/index.php\/wp-json\/wp\/v2\/product_cat?post=11799"},{"taxonomy":"product_tag","embeddable":true,"href":"https:\/\/www.bobooaza.pl\/index.php\/wp-json\/wp\/v2\/product_tag?post=11799"}],"curies":[{"name":"wp","href":"https:\/\/api.w.org\/{rel}","templated":true}]}}