{"id":11802,"date":"2026-01-11T15:16:00","date_gmt":"2026-01-11T14:16:00","guid":{"rendered":"https:\/\/bobooaza.pl\/index.php\/produkt\/b-o-612-01-waga-elektroniczna-dla-niemowlat-turkusowa-take-care\/"},"modified":"2026-01-11T15:21:24","modified_gmt":"2026-01-11T14:21:24","slug":"b-o-612-01-waga-elektroniczna-dla-niemowlat-turkusowa-take-care","status":"publish","type":"product","link":"https:\/\/www.bobooaza.pl\/index.php\/produkt\/b-o-612-01-waga-elektroniczna-dla-niemowlat-turkusowa-take-care\/","title":{"rendered":"B.O.612\/01 Waga elektroniczna dla niemowl\u0105t turkusowa TAKE CARE"},"content":{"rendered":"<p>Waga elektroniczna dla niemowl\u0105t B.O.612\/01 turkusowa TAKE CARE s\u0142u\u017cy do monitorowania wagi dziecka, szczeg\u00f3lnie przydatna w okresie niemowl\u0119cym oraz dla wcze\u015bniak\u00f3w. Konstrukcja wagi umo\u017cliwia wa\u017cenie niemowl\u0105t w pozycji le\u017c\u0105cej do 20 kg. Produkt jest \u0142atwy w obs\u0142udze, dok\u0142adny i bezpieczny, zapewniaj\u0105c komfort podczas codziennego u\u017cywania.<\/p>\n<p>Waga posiada automatyczn\u0105 blokad\u0119 wyniku wa\u017cenia, funkcj\u0119 tarowania, pami\u0119\u0107 ostatniego pomiaru, ergonomiczny kszta\u0142t z wg\u0142\u0119bion\u0105 powierzchni\u0105, stabiln\u0105 konstrukcj\u0119 oraz du\u017cy wy\u015bwietlacz LCD. Pomiar jest dok\u0142adny do \u00b10,01 kg, a urz\u0105dzenie cechuje si\u0119 intuicyjn\u0105 obs\u0142ug\u0105 i automatycznym wy\u0142\u0105czaniem.<\/p>\n","protected":false},"excerpt":{"rendered":"<p>Waga elektroniczna dla niemowl\u0105t B.O.612\/01 turkusowa TAKE CARE s\u0142u\u017cy do monitorowania wagi dziecka, szczeg\u00f3lnie przydatna w okresie niemowl\u0119cym oraz dla wcze\u015bniak\u00f3w. Konstrukcja wagi umo\u017cliwia wa\u017cenie niemowl\u0105t w pozycji le\u017c\u0105cej do 20 kg. Produkt jest \u0142atwy w obs\u0142udze, dok\u0142adny i bezpieczny, zapewniaj\u0105c komfort podczas codziennego u\u017cywania. Waga posiada automatyczn\u0105 blokad\u0119 wyniku wa\u017cenia, funkcj\u0119 tarowania, pami\u0119\u0107 ostatniego [&hellip;]<\/p>\n","protected":false},"featured_media":11800,"comment_status":"open","ping_status":"closed","template":"","meta":[],"product_brand":[],"product_cat":[76,68,152,109],"product_tag":[],"class_list":{"0":"post-11802","1":"product","2":"type-product","3":"status-publish","4":"has-post-thumbnail","6":"product_cat-dziecko","7":"product_cat-higiena-i-pielegnacja","8":"product_cat-wagi","9":"product_cat-zdrowie","11":"first","12":"outofstock","13":"taxable","14":"shipping-taxable","15":"purchasable","16":"product-type-simple"},"_links":{"self":[{"href":"https:\/\/www.bobooaza.pl\/index.php\/wp-json\/wp\/v2\/product\/11802","targetHints":{"allow":["GET"]}}],"collection":[{"href":"https:\/\/www.bobooaza.pl\/index.php\/wp-json\/wp\/v2\/product"}],"about":[{"href":"https:\/\/www.bobooaza.pl\/index.php\/wp-json\/wp\/v2\/types\/product"}],"replies":[{"embeddable":true,"href":"https:\/\/www.bobooaza.pl\/index.php\/wp-json\/wp\/v2\/comments?post=11802"}],"wp:featuredmedia":[{"embeddable":true,"href":"https:\/\/www.bobooaza.pl\/index.php\/wp-json\/wp\/v2\/media\/11800"}],"wp:attachment":[{"href":"https:\/\/www.bobooaza.pl\/index.php\/wp-json\/wp\/v2\/media?parent=11802"}],"wp:term":[{"taxonomy":"product_brand","embeddable":true,"href":"https:\/\/www.bobooaza.pl\/index.php\/wp-json\/wp\/v2\/product_brand?post=11802"},{"taxonomy":"product_cat","embeddable":true,"href":"https:\/\/www.bobooaza.pl\/index.php\/wp-json\/wp\/v2\/product_cat?post=11802"},{"taxonomy":"product_tag","embeddable":true,"href":"https:\/\/www.bobooaza.pl\/index.php\/wp-json\/wp\/v2\/product_tag?post=11802"}],"curies":[{"name":"wp","href":"https:\/\/api.w.org\/{rel}","templated":true}]}}