{"id":11808,"date":"2026-01-11T15:16:09","date_gmt":"2026-01-11T14:16:09","guid":{"rendered":"https:\/\/bobooaza.pl\/index.php\/produkt\/b-o-789-waga-elektroniczna-dla-niemowlat-smart-2w1-z-bluetooth-take-care\/"},"modified":"2026-01-11T15:21:25","modified_gmt":"2026-01-11T14:21:25","slug":"b-o-789-waga-elektroniczna-dla-niemowlat-smart-2w1-z-bluetooth-take-care","status":"publish","type":"product","link":"https:\/\/www.bobooaza.pl\/index.php\/produkt\/b-o-789-waga-elektroniczna-dla-niemowlat-smart-2w1-z-bluetooth-take-care\/","title":{"rendered":"B.O.789 Waga elektroniczna dla niemowl\u0105t SMART 2w1 z Bluetooth TAKE CARE"},"content":{"rendered":"<p>Waga elektroniczna B.O.789 SMART 2w1 z Bluetooth TAKE CARE przeznaczona jest do wa\u017cenia niemowl\u0105t i starszych dzieci oraz doros\u0142ych. Dzi\u0119ki sk\u0142adanej p\u00f3\u0142ce umo\u017cliwia wa\u017cenie niemowl\u0105t w pozycji le\u017c\u0105cej do 20 kg, a po jej demonta\u017cu mo\u017ce s\u0142u\u017cy\u0107 osobom doros\u0142ym do 100 kg. Waga \u0142\u0105czy si\u0119 bezprzewodowo z aplikacj\u0105 Baby Fit, pozwalaj\u0105c zapisywa\u0107 i \u015bledzi\u0107 wag\u0119, wzrost, \u015brednic\u0119 g\u0142owy oraz BMI dziecka, z mo\u017cliwo\u015bci\u0105 por\u00f3wnania wynik\u00f3w ze standardami WHO.<\/p>\n<p>Konstrukcja wykonana jest z wysokoudarowego tworzywa HIPS i wyposa\u017cona w cztery precyzyjne czujniki masy, pod\u015bwietlany ekran, funkcj\u0119 tarowania oraz blokad\u0119 wyniku wa\u017cenia. Pomiar jest dok\u0142adny do \u00b10,01 kg, a waga posiada tak\u017ce miark\u0119 do pomiaru wzrostu.<\/p>\n<p>Zakresy i parametry: podzia\u0142ka 0,01 kg, zakres pomiaru 0,05\u2013100 kg, jednostki kg\/lb-oz, maksymalne obci\u0105\u017cenie z p\u00f3\u0142k\u0105 20 kg, zasilanie 2 x AAA, wymagany Bluetooth 4.0, kompatybilno\u015b\u0107 z Android 4.3 i iOS 7.0 lub nowszymi systemami.<\/p>\n","protected":false},"excerpt":{"rendered":"<p>Waga elektroniczna B.O.789 SMART 2w1 z Bluetooth TAKE CARE przeznaczona jest do wa\u017cenia niemowl\u0105t i starszych dzieci oraz doros\u0142ych. Dzi\u0119ki sk\u0142adanej p\u00f3\u0142ce umo\u017cliwia wa\u017cenie niemowl\u0105t w pozycji le\u017c\u0105cej do 20 kg, a po jej demonta\u017cu mo\u017ce s\u0142u\u017cy\u0107 osobom doros\u0142ym do 100 kg. Waga \u0142\u0105czy si\u0119 bezprzewodowo z aplikacj\u0105 Baby Fit, pozwalaj\u0105c zapisywa\u0107 i \u015bledzi\u0107 wag\u0119, [&hellip;]<\/p>\n","protected":false},"featured_media":11805,"comment_status":"open","ping_status":"closed","template":"","meta":[],"product_brand":[],"product_cat":[76,68,152,109],"product_tag":[],"class_list":{"0":"post-11808","1":"product","2":"type-product","3":"status-publish","4":"has-post-thumbnail","6":"product_cat-dziecko","7":"product_cat-higiena-i-pielegnacja","8":"product_cat-wagi","9":"product_cat-zdrowie","11":"first","12":"outofstock","13":"taxable","14":"shipping-taxable","15":"purchasable","16":"product-type-simple"},"_links":{"self":[{"href":"https:\/\/www.bobooaza.pl\/index.php\/wp-json\/wp\/v2\/product\/11808","targetHints":{"allow":["GET"]}}],"collection":[{"href":"https:\/\/www.bobooaza.pl\/index.php\/wp-json\/wp\/v2\/product"}],"about":[{"href":"https:\/\/www.bobooaza.pl\/index.php\/wp-json\/wp\/v2\/types\/product"}],"replies":[{"embeddable":true,"href":"https:\/\/www.bobooaza.pl\/index.php\/wp-json\/wp\/v2\/comments?post=11808"}],"wp:featuredmedia":[{"embeddable":true,"href":"https:\/\/www.bobooaza.pl\/index.php\/wp-json\/wp\/v2\/media\/11805"}],"wp:attachment":[{"href":"https:\/\/www.bobooaza.pl\/index.php\/wp-json\/wp\/v2\/media?parent=11808"}],"wp:term":[{"taxonomy":"product_brand","embeddable":true,"href":"https:\/\/www.bobooaza.pl\/index.php\/wp-json\/wp\/v2\/product_brand?post=11808"},{"taxonomy":"product_cat","embeddable":true,"href":"https:\/\/www.bobooaza.pl\/index.php\/wp-json\/wp\/v2\/product_cat?post=11808"},{"taxonomy":"product_tag","embeddable":true,"href":"https:\/\/www.bobooaza.pl\/index.php\/wp-json\/wp\/v2\/product_tag?post=11808"}],"curies":[{"name":"wp","href":"https:\/\/api.w.org\/{rel}","templated":true}]}}