{"id":11811,"date":"2026-01-11T15:24:53","date_gmt":"2026-01-11T14:24:53","guid":{"rendered":"https:\/\/bobooaza.pl\/index.php\/produkt\/b-o-796-01-termofor-z-pestkami-wisni-cherry-rozowy\/"},"modified":"2026-01-11T15:34:15","modified_gmt":"2026-01-11T14:34:15","slug":"b-o-796-01-termofor-z-pestkami-wisni-cherry-rozowy","status":"publish","type":"product","link":"https:\/\/www.bobooaza.pl\/index.php\/produkt\/b-o-796-01-termofor-z-pestkami-wisni-cherry-rozowy\/","title":{"rendered":"B.O.796\/01 Termofor z pestkami wi\u015bni CHERRY r\u00f3\u017cowy"},"content":{"rendered":"<p>Termofor z pestkami wi\u015bni CHERRY B.O.796\/01 w r\u00f3\u017cowym pokrowcu to uniwersalny produkt dla dzieci i doros\u0142ych. \u0141agodzi dolegliwo\u015bci zwi\u0105zane z kolk\u0105 u niemowl\u0105t, b\u00f3lem brzuszka, siniakami, st\u0142uczeniami czy napi\u0119ciem mi\u0119\u015bni. Mo\u017ce by\u0107 tak\u017ce stosowany przez doros\u0142ych przy b\u00f3lach menstruacyjnych, migrenie, zastojach pokarmu lub w celu ogrzania d\u0142oni i st\u00f3p.<\/p>\n<p>Termofor mo\u017cna u\u017cywa\u0107 na ciep\u0142o, podgrzewaj\u0105c wk\u0142ad w mikrofal\u00f3wce, piekarniku lub na kaloryferze, albo jako zimny ok\u0142ad, wk\u0142adaj\u0105c go do zamra\u017carki. Wk\u0142ad wype\u0142niony jest pestkami wi\u015bni i suszon\u0105 lawend\u0105, kt\u00f3ra dzia\u0142a koj\u0105co i relaksuj\u0105co. Produkt jest naturalny i bezpieczny, nie zawiera p\u0142yn\u00f3w i nie stwarza ryzyka poparzenia.<\/p>\n<p>Pokrowiec wykonany z mi\u0119kkiej tkaniny minky jest zdejmowany i mo\u017cna go pra\u0107. Termofor zapewnia komfortowe i d\u0142ugotrwa\u0142e ciep\u0142o, a przy stosowaniu na zimno przynosi ulg\u0119 w stanach zapalnych, obrz\u0119kach czy b\u00f3lach g\u0142owy. Wymiary produktu to 16 x 13 cm, a wk\u0142ad zawiera 150 g pestek wi\u015bni i 0,5 g lawendy. Produkt wyprodukowano w Polsce, jest certyfikowanym wyrobem medycznym.<\/p>\n","protected":false},"excerpt":{"rendered":"<p>Termofor z pestkami wi\u015bni CHERRY B.O.796\/01 w r\u00f3\u017cowym pokrowcu to uniwersalny produkt dla dzieci i doros\u0142ych. \u0141agodzi dolegliwo\u015bci zwi\u0105zane z kolk\u0105 u niemowl\u0105t, b\u00f3lem brzuszka, siniakami, st\u0142uczeniami czy napi\u0119ciem mi\u0119\u015bni. Mo\u017ce by\u0107 tak\u017ce stosowany przez doros\u0142ych przy b\u00f3lach menstruacyjnych, migrenie, zastojach pokarmu lub w celu ogrzania d\u0142oni i st\u00f3p. Termofor mo\u017cna u\u017cywa\u0107 na ciep\u0142o, podgrzewaj\u0105c [&hellip;]<\/p>\n","protected":false},"featured_media":11809,"comment_status":"open","ping_status":"closed","template":"","meta":[],"product_brand":[],"product_cat":[76,68,110,109],"product_tag":[],"class_list":{"0":"post-11811","1":"product","2":"type-product","3":"status-publish","4":"has-post-thumbnail","6":"product_cat-dziecko","7":"product_cat-higiena-i-pielegnacja","8":"product_cat-kompresy-i-tremofory","9":"product_cat-zdrowie","11":"first","12":"instock","13":"taxable","14":"shipping-taxable","15":"purchasable","16":"product-type-simple"},"_links":{"self":[{"href":"https:\/\/www.bobooaza.pl\/index.php\/wp-json\/wp\/v2\/product\/11811","targetHints":{"allow":["GET"]}}],"collection":[{"href":"https:\/\/www.bobooaza.pl\/index.php\/wp-json\/wp\/v2\/product"}],"about":[{"href":"https:\/\/www.bobooaza.pl\/index.php\/wp-json\/wp\/v2\/types\/product"}],"replies":[{"embeddable":true,"href":"https:\/\/www.bobooaza.pl\/index.php\/wp-json\/wp\/v2\/comments?post=11811"}],"wp:featuredmedia":[{"embeddable":true,"href":"https:\/\/www.bobooaza.pl\/index.php\/wp-json\/wp\/v2\/media\/11809"}],"wp:attachment":[{"href":"https:\/\/www.bobooaza.pl\/index.php\/wp-json\/wp\/v2\/media?parent=11811"}],"wp:term":[{"taxonomy":"product_brand","embeddable":true,"href":"https:\/\/www.bobooaza.pl\/index.php\/wp-json\/wp\/v2\/product_brand?post=11811"},{"taxonomy":"product_cat","embeddable":true,"href":"https:\/\/www.bobooaza.pl\/index.php\/wp-json\/wp\/v2\/product_cat?post=11811"},{"taxonomy":"product_tag","embeddable":true,"href":"https:\/\/www.bobooaza.pl\/index.php\/wp-json\/wp\/v2\/product_tag?post=11811"}],"curies":[{"name":"wp","href":"https:\/\/api.w.org\/{rel}","templated":true}]}}