{"id":11816,"date":"2026-01-11T15:24:58","date_gmt":"2026-01-11T14:24:58","guid":{"rendered":"https:\/\/bobooaza.pl\/index.php\/produkt\/b-o-796-03-termofor-z-pestkami-wisni-cherry-niebieski\/"},"modified":"2026-01-11T15:34:15","modified_gmt":"2026-01-11T14:34:15","slug":"b-o-796-03-termofor-z-pestkami-wisni-cherry-niebieski","status":"publish","type":"product","link":"https:\/\/www.bobooaza.pl\/index.php\/produkt\/b-o-796-03-termofor-z-pestkami-wisni-cherry-niebieski\/","title":{"rendered":"B.O.796\/03 Termofor z pestkami wi\u015bni CHERRY niebieski"},"content":{"rendered":"<p>Termofor z pestkami wi\u015bni CHERRY B.O.796\/03 w niebieskim (lazurowym) pokrowcu to wszechstronny produkt dla dzieci i doros\u0142ych. \u0141agodzi dolegliwo\u015bci u niemowl\u0105t, takie jak kolki i b\u00f3le brzuszka, a tak\u017ce pomaga przy st\u0142uczeniach, obrz\u0119kach czy gor\u0105czce. Dla doros\u0142ych przydaje si\u0119 przy b\u00f3lach menstruacyjnych, migrenie, zapaleniu zatok czy zastojach pokarmu.<\/p>\n<p>Termofor mo\u017cna stosowa\u0107 na ciep\u0142o \u2013 podgrzewaj\u0105c wk\u0142ad w mikrofal\u00f3wce, piekarniku lub na kaloryferze \u2013 lub jako zimny ok\u0142ad, wk\u0142adaj\u0105c go do zamra\u017carki. Wk\u0142ad wype\u0142niony jest pestkami wi\u015bni i suszon\u0105 lawend\u0105, kt\u00f3rej zapach dzia\u0142a koj\u0105co i relaksuj\u0105co. Produkt jest bezpieczny, naturalny, nie zawiera p\u0142yn\u00f3w i jest certyfikowanym wyrobem medycznym.<\/p>\n<p>Pokrowiec wykonano z mi\u0119kkiej tkaniny minky, kt\u00f3r\u0105 mo\u017cna zdj\u0105\u0107 i pra\u0107. Termofor oddaje ciep\u0142o do oko\u0142o godziny, a jego wymiary to 16 \u00d7 13 cm. Sk\u0142ad wk\u0142adu: 150 g pestek wi\u015bni i 0,5 g lawendy. Produkt wyprodukowano w Polsce.<\/p>\n","protected":false},"excerpt":{"rendered":"<p>Termofor z pestkami wi\u015bni CHERRY B.O.796\/03 w niebieskim (lazurowym) pokrowcu to wszechstronny produkt dla dzieci i doros\u0142ych. \u0141agodzi dolegliwo\u015bci u niemowl\u0105t, takie jak kolki i b\u00f3le brzuszka, a tak\u017ce pomaga przy st\u0142uczeniach, obrz\u0119kach czy gor\u0105czce. Dla doros\u0142ych przydaje si\u0119 przy b\u00f3lach menstruacyjnych, migrenie, zapaleniu zatok czy zastojach pokarmu. Termofor mo\u017cna stosowa\u0107 na ciep\u0142o \u2013 podgrzewaj\u0105c [&hellip;]<\/p>\n","protected":false},"featured_media":11812,"comment_status":"open","ping_status":"closed","template":"","meta":[],"product_brand":[],"product_cat":[76,68,110,109],"product_tag":[],"class_list":{"0":"post-11816","1":"product","2":"type-product","3":"status-publish","4":"has-post-thumbnail","6":"product_cat-dziecko","7":"product_cat-higiena-i-pielegnacja","8":"product_cat-kompresy-i-tremofory","9":"product_cat-zdrowie","11":"first","12":"outofstock","13":"taxable","14":"shipping-taxable","15":"purchasable","16":"product-type-simple"},"_links":{"self":[{"href":"https:\/\/www.bobooaza.pl\/index.php\/wp-json\/wp\/v2\/product\/11816","targetHints":{"allow":["GET"]}}],"collection":[{"href":"https:\/\/www.bobooaza.pl\/index.php\/wp-json\/wp\/v2\/product"}],"about":[{"href":"https:\/\/www.bobooaza.pl\/index.php\/wp-json\/wp\/v2\/types\/product"}],"replies":[{"embeddable":true,"href":"https:\/\/www.bobooaza.pl\/index.php\/wp-json\/wp\/v2\/comments?post=11816"}],"wp:featuredmedia":[{"embeddable":true,"href":"https:\/\/www.bobooaza.pl\/index.php\/wp-json\/wp\/v2\/media\/11812"}],"wp:attachment":[{"href":"https:\/\/www.bobooaza.pl\/index.php\/wp-json\/wp\/v2\/media?parent=11816"}],"wp:term":[{"taxonomy":"product_brand","embeddable":true,"href":"https:\/\/www.bobooaza.pl\/index.php\/wp-json\/wp\/v2\/product_brand?post=11816"},{"taxonomy":"product_cat","embeddable":true,"href":"https:\/\/www.bobooaza.pl\/index.php\/wp-json\/wp\/v2\/product_cat?post=11816"},{"taxonomy":"product_tag","embeddable":true,"href":"https:\/\/www.bobooaza.pl\/index.php\/wp-json\/wp\/v2\/product_tag?post=11816"}],"curies":[{"name":"wp","href":"https:\/\/api.w.org\/{rel}","templated":true}]}}