{"id":11819,"date":"2026-01-11T15:25:01","date_gmt":"2026-01-11T14:25:01","guid":{"rendered":"https:\/\/bobooaza.pl\/index.php\/produkt\/b-o-796-02-termofor-z-pestkami-wisni-cherry-szary\/"},"modified":"2026-01-11T15:34:16","modified_gmt":"2026-01-11T14:34:16","slug":"b-o-796-02-termofor-z-pestkami-wisni-cherry-szary","status":"publish","type":"product","link":"https:\/\/www.bobooaza.pl\/index.php\/produkt\/b-o-796-02-termofor-z-pestkami-wisni-cherry-szary\/","title":{"rendered":"B.O.796\/02 Termofor z pestkami wi\u015bni CHERRY szary"},"content":{"rendered":"<p>Termofor z pestkami wi\u015bni CHERRY B.O.796\/02 w szarym pokrowcu to wszechstronny produkt, kt\u00f3ry sprawdzi si\u0119 zar\u00f3wno u niemowl\u0105t, jak i doros\u0142ych. \u0141agodzi kolki i b\u00f3le brzuszka u dzieci, a tak\u017ce pomaga przy st\u0142uczeniach, obrz\u0119kach, gor\u0105czce czy b\u00f3lach menstruacyjnych.<\/p>\n<p>Wk\u0142ad wype\u0142niony jest pestkami wi\u015bni i suszon\u0105 lawend\u0105, kt\u00f3rej aromat dzia\u0142a relaksuj\u0105co i koj\u0105co. Termofor mo\u017cna stosowa\u0107 na ciep\u0142o (mikrofal\u00f3wka, piekarnik, kaloryfer) lub zimno (zamra\u017carka). Produkt jest naturalny, bezpieczny, nie zawiera p\u0142yn\u00f3w, i jest certyfikowanym wyrobem medycznym.<\/p>\n<p>Pokrowiec z mi\u0119kkiej tkaniny minky mo\u017cna zdj\u0105\u0107 i pra\u0107 r\u0119cznie w temperaturze 40\u00b0C. Wymiary termoforu: 16 \u00d7 13 cm, a wk\u0142ad oddaje ciep\u0142o do oko\u0142o godziny. Sk\u0142ad wk\u0142adu: 150 g pestek wi\u015bni i 0,5 g suszonej lawendy. Produkt wyprodukowano w Polsce.<\/p>\n","protected":false},"excerpt":{"rendered":"<p>Termofor z pestkami wi\u015bni CHERRY B.O.796\/02 w szarym pokrowcu to wszechstronny produkt, kt\u00f3ry sprawdzi si\u0119 zar\u00f3wno u niemowl\u0105t, jak i doros\u0142ych. \u0141agodzi kolki i b\u00f3le brzuszka u dzieci, a tak\u017ce pomaga przy st\u0142uczeniach, obrz\u0119kach, gor\u0105czce czy b\u00f3lach menstruacyjnych. Wk\u0142ad wype\u0142niony jest pestkami wi\u015bni i suszon\u0105 lawend\u0105, kt\u00f3rej aromat dzia\u0142a relaksuj\u0105co i koj\u0105co. Termofor mo\u017cna stosowa\u0107 [&hellip;]<\/p>\n","protected":false},"featured_media":11817,"comment_status":"open","ping_status":"closed","template":"","meta":[],"product_brand":[],"product_cat":[76,68,110,109],"product_tag":[],"class_list":{"0":"post-11819","1":"product","2":"type-product","3":"status-publish","4":"has-post-thumbnail","6":"product_cat-dziecko","7":"product_cat-higiena-i-pielegnacja","8":"product_cat-kompresy-i-tremofory","9":"product_cat-zdrowie","11":"first","12":"instock","13":"taxable","14":"shipping-taxable","15":"purchasable","16":"product-type-simple"},"_links":{"self":[{"href":"https:\/\/www.bobooaza.pl\/index.php\/wp-json\/wp\/v2\/product\/11819","targetHints":{"allow":["GET"]}}],"collection":[{"href":"https:\/\/www.bobooaza.pl\/index.php\/wp-json\/wp\/v2\/product"}],"about":[{"href":"https:\/\/www.bobooaza.pl\/index.php\/wp-json\/wp\/v2\/types\/product"}],"replies":[{"embeddable":true,"href":"https:\/\/www.bobooaza.pl\/index.php\/wp-json\/wp\/v2\/comments?post=11819"}],"wp:featuredmedia":[{"embeddable":true,"href":"https:\/\/www.bobooaza.pl\/index.php\/wp-json\/wp\/v2\/media\/11817"}],"wp:attachment":[{"href":"https:\/\/www.bobooaza.pl\/index.php\/wp-json\/wp\/v2\/media?parent=11819"}],"wp:term":[{"taxonomy":"product_brand","embeddable":true,"href":"https:\/\/www.bobooaza.pl\/index.php\/wp-json\/wp\/v2\/product_brand?post=11819"},{"taxonomy":"product_cat","embeddable":true,"href":"https:\/\/www.bobooaza.pl\/index.php\/wp-json\/wp\/v2\/product_cat?post=11819"},{"taxonomy":"product_tag","embeddable":true,"href":"https:\/\/www.bobooaza.pl\/index.php\/wp-json\/wp\/v2\/product_tag?post=11819"}],"curies":[{"name":"wp","href":"https:\/\/api.w.org\/{rel}","templated":true}]}}