{"id":11824,"date":"2026-01-11T15:25:07","date_gmt":"2026-01-11T14:25:07","guid":{"rendered":"https:\/\/bobooaza.pl\/index.php\/produkt\/hencz-120-szop-pedro-termofor-z-pestek-wisni\/"},"modified":"2026-01-11T15:34:16","modified_gmt":"2026-01-11T14:34:16","slug":"hencz-120-szop-pedro-termofor-z-pestek-wisni","status":"publish","type":"product","link":"https:\/\/www.bobooaza.pl\/index.php\/produkt\/hencz-120-szop-pedro-termofor-z-pestek-wisni\/","title":{"rendered":"HENCZ 120 Szop Pedro termofor z pestek wi\u015bni"},"content":{"rendered":"<p>Termofor Szop Pedro HENCZ 120 to mi\u0119kki, ekologiczny termofor z pestek wi\u015bni, stworzony specjalnie dla niemowl\u0105t i ma\u0142ych dzieci. Jest idealnie dopasowany do ma\u0142ego brzuszka, sprawdzaj\u0105c si\u0119 przy kolce, st\u0142uczeniach, urazach, gor\u0105czce oraz podczas masa\u017cy rozgrzewaj\u0105cych. Wk\u0142ad z pestek wi\u015bni utrzymuje ciep\u0142o i mo\u017ce s\u0142u\u017cy\u0107 jako zimny kompres. Produkt wykonany jest z bezpiecznych, certyfikowanych materia\u0142\u00f3w, takich jak bawe\u0142na i welur, zgodnych z norm\u0105 EN-71. Termofor ma wymiary 16 \u00d7 11 cm i kontrastowe bia\u0142o-czarne elementy, kt\u00f3re stymuluj\u0105 rozw\u00f3j zmys\u0142u wzroku niemowl\u0105t. Mo\u017cna go podgrzewa\u0107 w mikrofal\u00f3wce lub sch\u0142adza\u0107 w zamra\u017carce, w zale\u017cno\u015bci od potrzeb dziecka. Wyposa\u017cony jest w przywieszk\u0119 do mocowania w dowolnym miejscu, co u\u0142atwia codzienne u\u017cytkowanie. Produkt jest w pe\u0142ni bezpieczny, polski i posiada znak CE.<\/p>\n","protected":false},"excerpt":{"rendered":"<p>Termofor Szop Pedro HENCZ 120 to mi\u0119kki, ekologiczny termofor z pestek wi\u015bni, stworzony specjalnie dla niemowl\u0105t i ma\u0142ych dzieci. Jest idealnie dopasowany do ma\u0142ego brzuszka, sprawdzaj\u0105c si\u0119 przy kolce, st\u0142uczeniach, urazach, gor\u0105czce oraz podczas masa\u017cy rozgrzewaj\u0105cych. Wk\u0142ad z pestek wi\u015bni utrzymuje ciep\u0142o i mo\u017ce s\u0142u\u017cy\u0107 jako zimny kompres. Produkt wykonany jest z bezpiecznych, certyfikowanych materia\u0142\u00f3w, [&hellip;]<\/p>\n","protected":false},"featured_media":11820,"comment_status":"open","ping_status":"closed","template":"","meta":[],"product_brand":[],"product_cat":[76,68,110,109],"product_tag":[],"class_list":{"0":"post-11824","1":"product","2":"type-product","3":"status-publish","4":"has-post-thumbnail","6":"product_cat-dziecko","7":"product_cat-higiena-i-pielegnacja","8":"product_cat-kompresy-i-tremofory","9":"product_cat-zdrowie","11":"first","12":"outofstock","13":"taxable","14":"shipping-taxable","15":"purchasable","16":"product-type-simple"},"_links":{"self":[{"href":"https:\/\/www.bobooaza.pl\/index.php\/wp-json\/wp\/v2\/product\/11824","targetHints":{"allow":["GET"]}}],"collection":[{"href":"https:\/\/www.bobooaza.pl\/index.php\/wp-json\/wp\/v2\/product"}],"about":[{"href":"https:\/\/www.bobooaza.pl\/index.php\/wp-json\/wp\/v2\/types\/product"}],"replies":[{"embeddable":true,"href":"https:\/\/www.bobooaza.pl\/index.php\/wp-json\/wp\/v2\/comments?post=11824"}],"wp:featuredmedia":[{"embeddable":true,"href":"https:\/\/www.bobooaza.pl\/index.php\/wp-json\/wp\/v2\/media\/11820"}],"wp:attachment":[{"href":"https:\/\/www.bobooaza.pl\/index.php\/wp-json\/wp\/v2\/media?parent=11824"}],"wp:term":[{"taxonomy":"product_brand","embeddable":true,"href":"https:\/\/www.bobooaza.pl\/index.php\/wp-json\/wp\/v2\/product_brand?post=11824"},{"taxonomy":"product_cat","embeddable":true,"href":"https:\/\/www.bobooaza.pl\/index.php\/wp-json\/wp\/v2\/product_cat?post=11824"},{"taxonomy":"product_tag","embeddable":true,"href":"https:\/\/www.bobooaza.pl\/index.php\/wp-json\/wp\/v2\/product_tag?post=11824"}],"curies":[{"name":"wp","href":"https:\/\/api.w.org\/{rel}","templated":true}]}}