{"id":11839,"date":"2026-01-11T15:25:17","date_gmt":"2026-01-11T14:25:17","guid":{"rendered":"https:\/\/bobooaza.pl\/index.php\/produkt\/akuku-a0635-termofor-z-pestkami-wisni-13x16cm-grey\/"},"modified":"2026-01-19T21:55:06","modified_gmt":"2026-01-19T20:55:06","slug":"akuku-a0635-termofor-z-pestkami-wisni-13x16cm-grey","status":"publish","type":"product","link":"https:\/\/www.bobooaza.pl\/index.php\/produkt\/akuku-a0635-termofor-z-pestkami-wisni-13x16cm-grey\/","title":{"rendered":"AKUKU A0635 Termofor z pestkami wi\u015bni 13x16cm.Grey"},"content":{"rendered":"<p>Termofor AKUKU A0635 z pestkami wi\u015bni o wymiarach 13&#215;16 cm w kolorze szarym jest wyrobem medycznym wykonanym z odpowiednio dobranych i osuszonych pestek wi\u015bni. Jest w pe\u0142ni bezpieczny i przyjazny dla dziecka, nie zawiera p\u0142yn\u00f3w, kt\u00f3re mog\u0142yby si\u0119 rozla\u0107, a po podgrzaniu utrzymuje ciep\u0142o do 1 godziny, naturalnie oddaj\u0105c je bez ryzyka poparzenia. Kszta\u0142t termoforu jest idealny na ma\u0142e brzuszki. Mo\u017cna go u\u017cywa\u0107 na gor\u0105co przy kolkach noworodkowych, wzd\u0119ciach, b\u00f3lach mi\u0119\u015bni, rwie kulszowej i b\u00f3lach menstruacyjnych, a na zimno przy ugryzieniach owad\u00f3w, gor\u0105czce, siniakach, guzach i migrenach. Podgrzewa si\u0119 go bez pokrowca w kuchence mikrofalowej (600 W, oko\u0142o 90 sekund), piekarniku (130\u00b0C, oko\u0142o 10 minut) lub na innym \u017ar\u00f3dle ciep\u0142a, po czym nale\u017cy wymiesza\u0107 pestki i sprawdzi\u0107 temperatur\u0119. Pokrowiec mo\u017cna pra\u0107 r\u0119cznie lub w pralce w temperaturze 30\u00b0C. Produkt nie jest zabawk\u0105 i zawiera ma\u0142e elementy, dlatego nale\u017cy go przechowywa\u0107 poza zasi\u0119giem dzieci. Przed ka\u017cdym u\u017cyciem nale\u017cy sprawdzi\u0107 stan wk\u0142adu i w razie zu\u017cycia wymieni\u0107 go na nowy.<\/p>\n","protected":false},"excerpt":{"rendered":"<p>Termofor AKUKU A0635 z pestkami wi\u015bni o wymiarach 13&#215;16 cm w kolorze szarym jest wyrobem medycznym wykonanym z odpowiednio dobranych i osuszonych pestek wi\u015bni. Jest w pe\u0142ni bezpieczny i przyjazny dla dziecka, nie zawiera p\u0142yn\u00f3w, kt\u00f3re mog\u0142yby si\u0119 rozla\u0107, a po podgrzaniu utrzymuje ciep\u0142o do 1 godziny, naturalnie oddaj\u0105c je bez ryzyka poparzenia. Kszta\u0142t termoforu [&hellip;]<\/p>\n","protected":false},"featured_media":11837,"comment_status":"open","ping_status":"closed","template":"","meta":[],"product_brand":[],"product_cat":[76,68,110,109],"product_tag":[],"class_list":{"0":"post-11839","1":"product","2":"type-product","3":"status-publish","4":"has-post-thumbnail","6":"product_cat-dziecko","7":"product_cat-higiena-i-pielegnacja","8":"product_cat-kompresy-i-tremofory","9":"product_cat-zdrowie","11":"first","12":"instock","13":"taxable","14":"shipping-taxable","15":"purchasable","16":"product-type-simple"},"_links":{"self":[{"href":"https:\/\/www.bobooaza.pl\/index.php\/wp-json\/wp\/v2\/product\/11839","targetHints":{"allow":["GET"]}}],"collection":[{"href":"https:\/\/www.bobooaza.pl\/index.php\/wp-json\/wp\/v2\/product"}],"about":[{"href":"https:\/\/www.bobooaza.pl\/index.php\/wp-json\/wp\/v2\/types\/product"}],"replies":[{"embeddable":true,"href":"https:\/\/www.bobooaza.pl\/index.php\/wp-json\/wp\/v2\/comments?post=11839"}],"wp:featuredmedia":[{"embeddable":true,"href":"https:\/\/www.bobooaza.pl\/index.php\/wp-json\/wp\/v2\/media\/11837"}],"wp:attachment":[{"href":"https:\/\/www.bobooaza.pl\/index.php\/wp-json\/wp\/v2\/media?parent=11839"}],"wp:term":[{"taxonomy":"product_brand","embeddable":true,"href":"https:\/\/www.bobooaza.pl\/index.php\/wp-json\/wp\/v2\/product_brand?post=11839"},{"taxonomy":"product_cat","embeddable":true,"href":"https:\/\/www.bobooaza.pl\/index.php\/wp-json\/wp\/v2\/product_cat?post=11839"},{"taxonomy":"product_tag","embeddable":true,"href":"https:\/\/www.bobooaza.pl\/index.php\/wp-json\/wp\/v2\/product_tag?post=11839"}],"curies":[{"name":"wp","href":"https:\/\/api.w.org\/{rel}","templated":true}]}}