{"id":11860,"date":"2026-01-11T17:25:28","date_gmt":"2026-01-11T16:25:28","guid":{"rendered":"https:\/\/bobooaza.pl\/index.php\/produkt\/albero-mio-mata-do-przewijania-niemowlat-wloknina-70x50-423-marzyciel\/"},"modified":"2026-01-19T21:55:11","modified_gmt":"2026-01-19T20:55:11","slug":"albero-mio-mata-do-przewijania-niemowlat-wloknina-70x50-423-marzyciel","status":"publish","type":"product","link":"https:\/\/www.bobooaza.pl\/index.php\/produkt\/albero-mio-mata-do-przewijania-niemowlat-wloknina-70x50-423-marzyciel\/","title":{"rendered":"ALBERO MIO Mata do przewijania niemowl\u0105t (w\u0142\u00f3knina) 70&#215;50 423 Marzyciel"},"content":{"rendered":"<p>Mi\u0119kka mata do przewijania niemowl\u0105t ALBERO MIO 423 Marzyciel o wymiarach 70 x 50 cm to praktyczne i bezpieczne rozwi\u0105zanie do codziennej piel\u0119gnacji dziecka. Lekka i por\u0119czna konstrukcja umo\u017cliwia \u0142atwe przenoszenie, dzi\u0119ki czemu mata sprawdzi si\u0119 zar\u00f3wno w domu, jak i w podr\u00f3\u017cy. Przeznaczona do u\u0142o\u017cenia na komodzie lub p\u00f3\u0142koprzewijaku, nie posiada dodatkowego usztywnienia, zapewniaj\u0105c komfort podczas przewijania.<\/p>\n<p>Powierzchnia maty wykonana jest z folii PVC wolnej od ftalan\u00f3w, delikatnej dla sk\u00f3ry dziecka, a wn\u0119trze wype\u0142niono puszyst\u0105, antyalergiczn\u0105 w\u0142\u00f3knin\u0105 (100% poliester), co zwi\u0119ksza bezpiecze\u0144stwo i wygod\u0119 maluszka. Produkt wyprodukowano w Polsce z materia\u0142\u00f3w najwy\u017cszej jako\u015bci posiadaj\u0105cych certyfikaty gwarantuj\u0105ce bezpiecze\u0144stwo najm\u0142odszych.<\/p>\n<p>Kolorowy wz\u00f3r Marzyciel nadaje macie przyjazny charakter, a ekologiczny nadruk jest bezpieczny dla dziecka, cho\u0107 przy intensywnym u\u017cytkowaniu mo\u017ce delikatnie blakn\u0105\u0107. Mata powinna by\u0107 stosowana wy\u0142\u0105cznie pod opiek\u0105 osoby doros\u0142ej.<\/p>\n","protected":false},"excerpt":{"rendered":"<p>Mi\u0119kka mata do przewijania niemowl\u0105t ALBERO MIO 423 Marzyciel o wymiarach 70 x 50 cm to praktyczne i bezpieczne rozwi\u0105zanie do codziennej piel\u0119gnacji dziecka. Lekka i por\u0119czna konstrukcja umo\u017cliwia \u0142atwe przenoszenie, dzi\u0119ki czemu mata sprawdzi si\u0119 zar\u00f3wno w domu, jak i w podr\u00f3\u017cy. Przeznaczona do u\u0142o\u017cenia na komodzie lub p\u00f3\u0142koprzewijaku, nie posiada dodatkowego usztywnienia, zapewniaj\u0105c [&hellip;]<\/p>\n","protected":false},"featured_media":11859,"comment_status":"open","ping_status":"closed","template":"","meta":[],"product_brand":[],"product_cat":[75,76,68],"product_tag":[],"class_list":{"0":"post-11860","1":"product","2":"type-product","3":"status-publish","4":"has-post-thumbnail","6":"product_cat-przewijanie-maty-i-podklady","7":"product_cat-dziecko","8":"product_cat-higiena-i-pielegnacja","10":"first","11":"instock","12":"taxable","13":"shipping-taxable","14":"purchasable","15":"product-type-simple"},"_links":{"self":[{"href":"https:\/\/www.bobooaza.pl\/index.php\/wp-json\/wp\/v2\/product\/11860","targetHints":{"allow":["GET"]}}],"collection":[{"href":"https:\/\/www.bobooaza.pl\/index.php\/wp-json\/wp\/v2\/product"}],"about":[{"href":"https:\/\/www.bobooaza.pl\/index.php\/wp-json\/wp\/v2\/types\/product"}],"replies":[{"embeddable":true,"href":"https:\/\/www.bobooaza.pl\/index.php\/wp-json\/wp\/v2\/comments?post=11860"}],"wp:featuredmedia":[{"embeddable":true,"href":"https:\/\/www.bobooaza.pl\/index.php\/wp-json\/wp\/v2\/media\/11859"}],"wp:attachment":[{"href":"https:\/\/www.bobooaza.pl\/index.php\/wp-json\/wp\/v2\/media?parent=11860"}],"wp:term":[{"taxonomy":"product_brand","embeddable":true,"href":"https:\/\/www.bobooaza.pl\/index.php\/wp-json\/wp\/v2\/product_brand?post=11860"},{"taxonomy":"product_cat","embeddable":true,"href":"https:\/\/www.bobooaza.pl\/index.php\/wp-json\/wp\/v2\/product_cat?post=11860"},{"taxonomy":"product_tag","embeddable":true,"href":"https:\/\/www.bobooaza.pl\/index.php\/wp-json\/wp\/v2\/product_tag?post=11860"}],"curies":[{"name":"wp","href":"https:\/\/api.w.org\/{rel}","templated":true}]}}