{"id":11870,"date":"2026-01-11T17:26:07","date_gmt":"2026-01-11T16:26:07","guid":{"rendered":"https:\/\/bobooaza.pl\/index.php\/produkt\/albero-mio-mata-do-przewijania-niemowlat-wloknina-70x50-432-leniwce\/"},"modified":"2026-01-19T21:55:12","modified_gmt":"2026-01-19T20:55:12","slug":"albero-mio-mata-do-przewijania-niemowlat-wloknina-70x50-432-leniwce","status":"publish","type":"product","link":"https:\/\/www.bobooaza.pl\/index.php\/produkt\/albero-mio-mata-do-przewijania-niemowlat-wloknina-70x50-432-leniwce\/","title":{"rendered":"ALBERO MIO Mata do przewijania niemowl\u0105t (w\u0142\u00f3knina) 70&#215;50 432 Leniwce"},"content":{"rendered":"<p>Mi\u0119kka mata do przewijania niemowl\u0105t ALBERO MIO 432 Leniwce o wymiarach 70 x 50 cm to wygodne i bezpieczne rozwi\u0105zanie do codziennej piel\u0119gnacji dziecka. Lekka konstrukcja sprawia, \u017ce mata jest \u0142atwa w przenoszeniu i idealna do zabrania w podr\u00f3\u017c. Przeznaczona do u\u0142o\u017cenia na komodzie lub p\u00f3\u0142koprzewijaku, nie posiada dodatkowego usztywnienia, zapewniaj\u0105c komfortowe i bezpieczne przewijanie.<\/p>\n<p>Powierzchnia maty wykonana jest z folii PVC bez ftalan\u00f3w, delikatnej dla sk\u00f3ry dziecka, a wn\u0119trze wype\u0142niono puszyst\u0105, antyalergiczn\u0105 w\u0142\u00f3knin\u0105 (100% poliester), co gwarantuje wygod\u0119 i bezpiecze\u0144stwo. Produkt wyprodukowano w Polsce z wysokiej jako\u015bci materia\u0142\u00f3w posiadaj\u0105cych certyfikaty potwierdzaj\u0105ce bezpiecze\u0144stwo najm\u0142odszych, zapewniaj\u0105c trwa\u0142o\u015b\u0107 i niezawodno\u015b\u0107.<\/p>\n<p>Uroczy wz\u00f3r Leniwc\u00f3w nadaje macie przyjazny charakter, a ekologiczny nadruk jest bezpieczny dla dziecka, cho\u0107 przy intensywnym u\u017cytkowaniu mo\u017ce delikatnie blakn\u0105\u0107. Mata powinna by\u0107 stosowana wy\u0142\u0105cznie pod sta\u0142\u0105 opiek\u0105 osoby doros\u0142ej.<\/p>\n","protected":false},"excerpt":{"rendered":"<p>Mi\u0119kka mata do przewijania niemowl\u0105t ALBERO MIO 432 Leniwce o wymiarach 70 x 50 cm to wygodne i bezpieczne rozwi\u0105zanie do codziennej piel\u0119gnacji dziecka. Lekka konstrukcja sprawia, \u017ce mata jest \u0142atwa w przenoszeniu i idealna do zabrania w podr\u00f3\u017c. Przeznaczona do u\u0142o\u017cenia na komodzie lub p\u00f3\u0142koprzewijaku, nie posiada dodatkowego usztywnienia, zapewniaj\u0105c komfortowe i bezpieczne przewijanie. [&hellip;]<\/p>\n","protected":false},"featured_media":11869,"comment_status":"open","ping_status":"closed","template":"","meta":[],"product_brand":[],"product_cat":[75,76,68],"product_tag":[],"class_list":{"0":"post-11870","1":"product","2":"type-product","3":"status-publish","4":"has-post-thumbnail","6":"product_cat-przewijanie-maty-i-podklady","7":"product_cat-dziecko","8":"product_cat-higiena-i-pielegnacja","10":"first","11":"instock","12":"taxable","13":"shipping-taxable","14":"purchasable","15":"product-type-simple"},"_links":{"self":[{"href":"https:\/\/www.bobooaza.pl\/index.php\/wp-json\/wp\/v2\/product\/11870","targetHints":{"allow":["GET"]}}],"collection":[{"href":"https:\/\/www.bobooaza.pl\/index.php\/wp-json\/wp\/v2\/product"}],"about":[{"href":"https:\/\/www.bobooaza.pl\/index.php\/wp-json\/wp\/v2\/types\/product"}],"replies":[{"embeddable":true,"href":"https:\/\/www.bobooaza.pl\/index.php\/wp-json\/wp\/v2\/comments?post=11870"}],"wp:featuredmedia":[{"embeddable":true,"href":"https:\/\/www.bobooaza.pl\/index.php\/wp-json\/wp\/v2\/media\/11869"}],"wp:attachment":[{"href":"https:\/\/www.bobooaza.pl\/index.php\/wp-json\/wp\/v2\/media?parent=11870"}],"wp:term":[{"taxonomy":"product_brand","embeddable":true,"href":"https:\/\/www.bobooaza.pl\/index.php\/wp-json\/wp\/v2\/product_brand?post=11870"},{"taxonomy":"product_cat","embeddable":true,"href":"https:\/\/www.bobooaza.pl\/index.php\/wp-json\/wp\/v2\/product_cat?post=11870"},{"taxonomy":"product_tag","embeddable":true,"href":"https:\/\/www.bobooaza.pl\/index.php\/wp-json\/wp\/v2\/product_tag?post=11870"}],"curies":[{"name":"wp","href":"https:\/\/api.w.org\/{rel}","templated":true}]}}