{"id":11876,"date":"2026-01-11T17:26:27","date_gmt":"2026-01-11T16:26:27","guid":{"rendered":"https:\/\/bobooaza.pl\/index.php\/produkt\/chicco-00012050100000-chusteczki-pielegnacyjne-72-szt-0m\/"},"modified":"2026-01-11T17:35:53","modified_gmt":"2026-01-11T16:35:53","slug":"chicco-00012050100000-chusteczki-pielegnacyjne-72-szt-0m","status":"publish","type":"product","link":"https:\/\/www.bobooaza.pl\/index.php\/produkt\/chicco-00012050100000-chusteczki-pielegnacyjne-72-szt-0m\/","title":{"rendered":"CHICCO 00012050100000 Chusteczki piel\u0119gnacyjne 72 szt 0m+"},"content":{"rendered":"<p>Chusteczki piel\u0119gnacyjne CHICCO 00012050100000 zawieraj\u0105 72 sztuki i s\u0105 przeznaczone dla niemowl\u0105t od urodzenia. S\u0105 zapachowe, nie zawieraj\u0105 alkoholu ani myd\u0142a, dzi\u0119ki czemu delikatnie oczyszczaj\u0105 sk\u00f3r\u0119 dziecka. Wykonane z mi\u0119kkiej tkaniny, skutecznie oczyszczaj\u0105, \u0142agodz\u0105 i nawil\u017caj\u0105 d\u0142onie, twarz oraz okolice intymne. Zawieraj\u0105 97% wody i s\u0105 wzbogacone wod\u0105 z lotosu. Produkt zosta\u0142 dermatologicznie przetestowany na sk\u00f3rze wra\u017cliwej.<\/p>\n","protected":false},"excerpt":{"rendered":"<p>Chusteczki piel\u0119gnacyjne CHICCO 00012050100000 zawieraj\u0105 72 sztuki i s\u0105 przeznaczone dla niemowl\u0105t od urodzenia. S\u0105 zapachowe, nie zawieraj\u0105 alkoholu ani myd\u0142a, dzi\u0119ki czemu delikatnie oczyszczaj\u0105 sk\u00f3r\u0119 dziecka. Wykonane z mi\u0119kkiej tkaniny, skutecznie oczyszczaj\u0105, \u0142agodz\u0105 i nawil\u017caj\u0105 d\u0142onie, twarz oraz okolice intymne. Zawieraj\u0105 97% wody i s\u0105 wzbogacone wod\u0105 z lotosu. Produkt zosta\u0142 dermatologicznie przetestowany na [&hellip;]<\/p>\n","protected":false},"featured_media":11875,"comment_status":"open","ping_status":"closed","template":"","meta":[],"product_brand":[],"product_cat":[102,76,68],"product_tag":[],"class_list":{"0":"post-11876","1":"product","2":"type-product","3":"status-publish","4":"has-post-thumbnail","6":"product_cat-chusteczki-nawilzane","7":"product_cat-dziecko","8":"product_cat-higiena-i-pielegnacja","10":"first","11":"instock","12":"taxable","13":"shipping-taxable","14":"purchasable","15":"product-type-simple"},"_links":{"self":[{"href":"https:\/\/www.bobooaza.pl\/index.php\/wp-json\/wp\/v2\/product\/11876","targetHints":{"allow":["GET"]}}],"collection":[{"href":"https:\/\/www.bobooaza.pl\/index.php\/wp-json\/wp\/v2\/product"}],"about":[{"href":"https:\/\/www.bobooaza.pl\/index.php\/wp-json\/wp\/v2\/types\/product"}],"replies":[{"embeddable":true,"href":"https:\/\/www.bobooaza.pl\/index.php\/wp-json\/wp\/v2\/comments?post=11876"}],"wp:featuredmedia":[{"embeddable":true,"href":"https:\/\/www.bobooaza.pl\/index.php\/wp-json\/wp\/v2\/media\/11875"}],"wp:attachment":[{"href":"https:\/\/www.bobooaza.pl\/index.php\/wp-json\/wp\/v2\/media?parent=11876"}],"wp:term":[{"taxonomy":"product_brand","embeddable":true,"href":"https:\/\/www.bobooaza.pl\/index.php\/wp-json\/wp\/v2\/product_brand?post=11876"},{"taxonomy":"product_cat","embeddable":true,"href":"https:\/\/www.bobooaza.pl\/index.php\/wp-json\/wp\/v2\/product_cat?post=11876"},{"taxonomy":"product_tag","embeddable":true,"href":"https:\/\/www.bobooaza.pl\/index.php\/wp-json\/wp\/v2\/product_tag?post=11876"}],"curies":[{"name":"wp","href":"https:\/\/api.w.org\/{rel}","templated":true}]}}