{"id":11881,"date":"2026-01-11T17:26:46","date_gmt":"2026-01-11T16:26:46","guid":{"rendered":"https:\/\/bobooaza.pl\/index.php\/produkt\/akuku-a0031-jednorazowe-chusteczki-nawilzane-woda-70-szt\/"},"modified":"2026-01-11T17:35:54","modified_gmt":"2026-01-11T16:35:54","slug":"akuku-a0031-jednorazowe-chusteczki-nawilzane-woda-70-szt","status":"publish","type":"product","link":"https:\/\/www.bobooaza.pl\/index.php\/produkt\/akuku-a0031-jednorazowe-chusteczki-nawilzane-woda-70-szt\/","title":{"rendered":"AKUKU A0031 Jednorazowe chusteczki nawil\u017cane wod\u0105 70 szt"},"content":{"rendered":"<p>Jednorazowe chusteczki nawil\u017cane AKUKU A0031 zawieraj\u0105 70 sztuk i s\u0105 nawil\u017cane w 99% wod\u0105. Pozosta\u0142e 1% sk\u0142adnik\u00f3w to m.in. gliceryna, sok z li\u015bci aloesu, kwas cytrynowy i jony srebra, kt\u00f3re pomagaj\u0105 chroni\u0107 delikatn\u0105 sk\u00f3r\u0119 dziecka. Chusteczki nie zawieraj\u0105 alkoholu ani perfum, s\u0105 ca\u0142kowicie bezpieczne dla sk\u00f3ry noworodk\u00f3w, a tak\u017ce mog\u0105 by\u0107 stosowane przez doros\u0142ych do codziennej higieny r\u0105k i twarzy. Dzi\u0119ki praktycznemu opakowaniu mo\u017cna je zabra\u0107 na spacer lub w podr\u00f3\u017c. Chusteczki najlepiej wykorzysta\u0107 podczas spaceru, na placu zabaw, przy przewijaniu, przy posi\u0142ku lub na zakupach. Produkt nie jest zabawk\u0105, a opakowanie nale\u017cy przechowywa\u0107 poza zasi\u0119giem dzieci. Chusteczek nie nale\u017cy sp\u0142ukiwa\u0107 w toalecie.<\/p>\n","protected":false},"excerpt":{"rendered":"<p>Jednorazowe chusteczki nawil\u017cane AKUKU A0031 zawieraj\u0105 70 sztuk i s\u0105 nawil\u017cane w 99% wod\u0105. Pozosta\u0142e 1% sk\u0142adnik\u00f3w to m.in. gliceryna, sok z li\u015bci aloesu, kwas cytrynowy i jony srebra, kt\u00f3re pomagaj\u0105 chroni\u0107 delikatn\u0105 sk\u00f3r\u0119 dziecka. Chusteczki nie zawieraj\u0105 alkoholu ani perfum, s\u0105 ca\u0142kowicie bezpieczne dla sk\u00f3ry noworodk\u00f3w, a tak\u017ce mog\u0105 by\u0107 stosowane przez doros\u0142ych do [&hellip;]<\/p>\n","protected":false},"featured_media":11879,"comment_status":"open","ping_status":"closed","template":"","meta":[],"product_brand":[],"product_cat":[102,76,68],"product_tag":[],"class_list":{"0":"post-11881","1":"product","2":"type-product","3":"status-publish","4":"has-post-thumbnail","6":"product_cat-chusteczki-nawilzane","7":"product_cat-dziecko","8":"product_cat-higiena-i-pielegnacja","10":"first","11":"instock","12":"taxable","13":"shipping-taxable","14":"purchasable","15":"product-type-simple"},"_links":{"self":[{"href":"https:\/\/www.bobooaza.pl\/index.php\/wp-json\/wp\/v2\/product\/11881","targetHints":{"allow":["GET"]}}],"collection":[{"href":"https:\/\/www.bobooaza.pl\/index.php\/wp-json\/wp\/v2\/product"}],"about":[{"href":"https:\/\/www.bobooaza.pl\/index.php\/wp-json\/wp\/v2\/types\/product"}],"replies":[{"embeddable":true,"href":"https:\/\/www.bobooaza.pl\/index.php\/wp-json\/wp\/v2\/comments?post=11881"}],"wp:featuredmedia":[{"embeddable":true,"href":"https:\/\/www.bobooaza.pl\/index.php\/wp-json\/wp\/v2\/media\/11879"}],"wp:attachment":[{"href":"https:\/\/www.bobooaza.pl\/index.php\/wp-json\/wp\/v2\/media?parent=11881"}],"wp:term":[{"taxonomy":"product_brand","embeddable":true,"href":"https:\/\/www.bobooaza.pl\/index.php\/wp-json\/wp\/v2\/product_brand?post=11881"},{"taxonomy":"product_cat","embeddable":true,"href":"https:\/\/www.bobooaza.pl\/index.php\/wp-json\/wp\/v2\/product_cat?post=11881"},{"taxonomy":"product_tag","embeddable":true,"href":"https:\/\/www.bobooaza.pl\/index.php\/wp-json\/wp\/v2\/product_tag?post=11881"}],"curies":[{"name":"wp","href":"https:\/\/api.w.org\/{rel}","templated":true}]}}