{"id":11896,"date":"2026-01-11T17:29:50","date_gmt":"2026-01-11T16:29:50","guid":{"rendered":"https:\/\/bobooaza.pl\/index.php\/produkt\/akuku-a0663-recznik-kapielowy-frotte-z-kapturkiem-niebieski\/"},"modified":"2026-02-10T12:40:19","modified_gmt":"2026-02-10T11:40:19","slug":"akuku-a0663-recznik-kapielowy-frotte-z-kapturkiem-niebieski","status":"publish","type":"product","link":"https:\/\/www.bobooaza.pl\/index.php\/produkt\/akuku-a0663-recznik-kapielowy-frotte-z-kapturkiem-niebieski\/","title":{"rendered":"AKUKU A0663 R\u0119cznik k\u0105pielowy frotte z kapturkiem niebieski"},"content":{"rendered":"<p>R\u0119cznik k\u0105pielowy Akuku A0663 z kapturkiem w kolorze niebieskim w rozmiarze 100\u00d7100 cm wykonany jest z puszystej bawe\u0142ny frotte. Doskonale wch\u0142ania wilgo\u0107 i chroni dziecko przed wych\u0142odzeniem. R\u0119cznik jest mi\u0119kki i delikatny, nie podra\u017cnia sk\u00f3ry, a lu\u017any fason nie kr\u0119puje ruch\u00f3w. Wszyty kapturek chroni mokr\u0105 g\u0142ow\u0119. Produkt nadaje si\u0119 zar\u00f3wno dla noworodk\u00f3w, jak i starszych dzieci. Zaleca si\u0119 przechowywa\u0107 go w miejscu niedost\u0119pnym dla dziecka, a spos\u00f3b prania znajduje si\u0119 na wszywce. Sk\u0142ad 100% bawe\u0142na, przeznaczony dla dzieci 0m+.<\/p>\n","protected":false},"excerpt":{"rendered":"<p>R\u0119cznik k\u0105pielowy Akuku A0663 z kapturkiem w kolorze niebieskim w rozmiarze 100\u00d7100 cm wykonany jest z puszystej bawe\u0142ny frotte. Doskonale wch\u0142ania wilgo\u0107 i chroni dziecko przed wych\u0142odzeniem. R\u0119cznik jest mi\u0119kki i delikatny, nie podra\u017cnia sk\u00f3ry, a lu\u017any fason nie kr\u0119puje ruch\u00f3w. Wszyty kapturek chroni mokr\u0105 g\u0142ow\u0119. Produkt nadaje si\u0119 zar\u00f3wno dla noworodk\u00f3w, jak i starszych [&hellip;]<\/p>\n","protected":false},"featured_media":11894,"comment_status":"open","ping_status":"closed","template":"","meta":[],"product_brand":[],"product_cat":[74,73,76,68,82],"product_tag":[],"class_list":{"0":"post-11896","1":"product","2":"type-product","3":"status-publish","4":"has-post-thumbnail","6":"product_cat-akcesoria-do-kapieli","7":"product_cat-kapiel","8":"product_cat-dziecko","9":"product_cat-higiena-i-pielegnacja","10":"product_cat-reczniki-kapielowe","12":"first","13":"instock","14":"taxable","15":"shipping-taxable","16":"purchasable","17":"product-type-simple"},"_links":{"self":[{"href":"https:\/\/www.bobooaza.pl\/index.php\/wp-json\/wp\/v2\/product\/11896","targetHints":{"allow":["GET"]}}],"collection":[{"href":"https:\/\/www.bobooaza.pl\/index.php\/wp-json\/wp\/v2\/product"}],"about":[{"href":"https:\/\/www.bobooaza.pl\/index.php\/wp-json\/wp\/v2\/types\/product"}],"replies":[{"embeddable":true,"href":"https:\/\/www.bobooaza.pl\/index.php\/wp-json\/wp\/v2\/comments?post=11896"}],"wp:featuredmedia":[{"embeddable":true,"href":"https:\/\/www.bobooaza.pl\/index.php\/wp-json\/wp\/v2\/media\/11894"}],"wp:attachment":[{"href":"https:\/\/www.bobooaza.pl\/index.php\/wp-json\/wp\/v2\/media?parent=11896"}],"wp:term":[{"taxonomy":"product_brand","embeddable":true,"href":"https:\/\/www.bobooaza.pl\/index.php\/wp-json\/wp\/v2\/product_brand?post=11896"},{"taxonomy":"product_cat","embeddable":true,"href":"https:\/\/www.bobooaza.pl\/index.php\/wp-json\/wp\/v2\/product_cat?post=11896"},{"taxonomy":"product_tag","embeddable":true,"href":"https:\/\/www.bobooaza.pl\/index.php\/wp-json\/wp\/v2\/product_tag?post=11896"}],"curies":[{"name":"wp","href":"https:\/\/api.w.org\/{rel}","templated":true}]}}