{"id":11899,"date":"2026-01-11T17:29:55","date_gmt":"2026-01-11T16:29:55","guid":{"rendered":"https:\/\/bobooaza.pl\/index.php\/produkt\/akuku-a0664-recznik-kapielowy-frotte-z-kapturkiem-roz\/"},"modified":"2026-02-10T12:40:21","modified_gmt":"2026-02-10T11:40:21","slug":"akuku-a0664-recznik-kapielowy-frotte-z-kapturkiem-roz","status":"publish","type":"product","link":"https:\/\/www.bobooaza.pl\/index.php\/produkt\/akuku-a0664-recznik-kapielowy-frotte-z-kapturkiem-roz\/","title":{"rendered":"AKUKU A0664 R\u0119cznik k\u0105pielowy frotte z kapturkiem r\u00f3\u017c"},"content":{"rendered":"<p>R\u0119cznik k\u0105pielowy Akuku A0664 w rozmiarze 100\u00d7100 cm w kolorze r\u00f3\u017cowym z motywem gwiazdek to okrycie k\u0105pielowe z kapturkiem wykonane z puszystej bawe\u0142ny frotte. Jest mi\u0119kki i delikatny, doskonale wch\u0142ania wod\u0119 i chroni dziecko przed wych\u0142odzeniem po k\u0105pieli. Lu\u017any fason nie ogranicza ruch\u00f3w, a kapturek skutecznie osusza g\u0142ow\u0119 maluszka. R\u0119cznik nadaje si\u0119 zar\u00f3wno dla noworodk\u00f3w, jak i starszych dzieci. Produkt nie jest zabawk\u0105, nale\u017cy przechowywa\u0107 go w miejscu niedost\u0119pnym dla dziecka. Sk\u0142ad to 100% bawe\u0142na, pranie w temperaturze 40\u00b0C.<\/p>\n","protected":false},"excerpt":{"rendered":"<p>R\u0119cznik k\u0105pielowy Akuku A0664 w rozmiarze 100\u00d7100 cm w kolorze r\u00f3\u017cowym z motywem gwiazdek to okrycie k\u0105pielowe z kapturkiem wykonane z puszystej bawe\u0142ny frotte. Jest mi\u0119kki i delikatny, doskonale wch\u0142ania wod\u0119 i chroni dziecko przed wych\u0142odzeniem po k\u0105pieli. Lu\u017any fason nie ogranicza ruch\u00f3w, a kapturek skutecznie osusza g\u0142ow\u0119 maluszka. R\u0119cznik nadaje si\u0119 zar\u00f3wno dla noworodk\u00f3w, [&hellip;]<\/p>\n","protected":false},"featured_media":11897,"comment_status":"open","ping_status":"closed","template":"","meta":[],"product_brand":[],"product_cat":[74,73,76,68,82],"product_tag":[],"class_list":{"0":"post-11899","1":"product","2":"type-product","3":"status-publish","4":"has-post-thumbnail","6":"product_cat-akcesoria-do-kapieli","7":"product_cat-kapiel","8":"product_cat-dziecko","9":"product_cat-higiena-i-pielegnacja","10":"product_cat-reczniki-kapielowe","12":"first","13":"instock","14":"taxable","15":"shipping-taxable","16":"purchasable","17":"product-type-simple"},"_links":{"self":[{"href":"https:\/\/www.bobooaza.pl\/index.php\/wp-json\/wp\/v2\/product\/11899","targetHints":{"allow":["GET"]}}],"collection":[{"href":"https:\/\/www.bobooaza.pl\/index.php\/wp-json\/wp\/v2\/product"}],"about":[{"href":"https:\/\/www.bobooaza.pl\/index.php\/wp-json\/wp\/v2\/types\/product"}],"replies":[{"embeddable":true,"href":"https:\/\/www.bobooaza.pl\/index.php\/wp-json\/wp\/v2\/comments?post=11899"}],"wp:featuredmedia":[{"embeddable":true,"href":"https:\/\/www.bobooaza.pl\/index.php\/wp-json\/wp\/v2\/media\/11897"}],"wp:attachment":[{"href":"https:\/\/www.bobooaza.pl\/index.php\/wp-json\/wp\/v2\/media?parent=11899"}],"wp:term":[{"taxonomy":"product_brand","embeddable":true,"href":"https:\/\/www.bobooaza.pl\/index.php\/wp-json\/wp\/v2\/product_brand?post=11899"},{"taxonomy":"product_cat","embeddable":true,"href":"https:\/\/www.bobooaza.pl\/index.php\/wp-json\/wp\/v2\/product_cat?post=11899"},{"taxonomy":"product_tag","embeddable":true,"href":"https:\/\/www.bobooaza.pl\/index.php\/wp-json\/wp\/v2\/product_tag?post=11899"}],"curies":[{"name":"wp","href":"https:\/\/api.w.org\/{rel}","templated":true}]}}