{"id":11903,"date":"2026-01-11T19:43:38","date_gmt":"2026-01-11T18:43:38","guid":{"rendered":"https:\/\/bobooaza.pl\/index.php\/produkt\/chicco-00010171020100-izotoniczny-roztwor-soli-fizjologicznej-2ml-10-sztuk\/"},"modified":"2026-01-19T21:55:17","modified_gmt":"2026-01-19T20:55:17","slug":"chicco-00010171020100-izotoniczny-roztwor-soli-fizjologicznej-2ml-10-sztuk","status":"publish","type":"product","link":"https:\/\/www.bobooaza.pl\/index.php\/produkt\/chicco-00010171020100-izotoniczny-roztwor-soli-fizjologicznej-2ml-10-sztuk\/","title":{"rendered":"CHICCO 00010171020100 Izotoniczny roztw\u00f3r soli fizjologicznej 2ml 10 sztuk"},"content":{"rendered":"<p>Izotoniczny roztw\u00f3r soli fizjologicznej Chicco to delikatne i skuteczne rozwi\u0105zanie do codziennej higieny nosa i oczu niemowl\u0105t oraz ma\u0142ych dzieci. Regularne stosowanie pomaga nawil\u017ca\u0107 \u015bluz\u00f3wk\u0119 nosa, u\u0142atwia usuwanie nadmiaru wydzieliny i wspiera swobodne oddychanie, co jest szczeg\u00f3lnie wa\u017cne podczas przezi\u0119bie\u0144 i w okresie zwi\u0119kszonej sucho\u015bci powietrza.<\/p>\n<p>Preparat mo\u017ce by\u0107 r\u00f3wnie\u017c bezpiecznie u\u017cywany do zewn\u0119trznego oczyszczania oczu poprzez nas\u0105czenie ja\u0142owej gazy oraz do terapii aerozolowej jako roztw\u00f3r do inhalacji. Praktyczne, jednorazowe ampu\u0142ki o pojemno\u015bci 2 ml zapewniaj\u0105 higien\u0119 i wygod\u0119 stosowania w domu oraz poza nim. Opakowanie zawiera 10 sztuk, idealnych do codziennej piel\u0119gnacji najm\u0142odszych.<\/p>\n","protected":false},"excerpt":{"rendered":"<p>Izotoniczny roztw\u00f3r soli fizjologicznej Chicco to delikatne i skuteczne rozwi\u0105zanie do codziennej higieny nosa i oczu niemowl\u0105t oraz ma\u0142ych dzieci. Regularne stosowanie pomaga nawil\u017ca\u0107 \u015bluz\u00f3wk\u0119 nosa, u\u0142atwia usuwanie nadmiaru wydzieliny i wspiera swobodne oddychanie, co jest szczeg\u00f3lnie wa\u017cne podczas przezi\u0119bie\u0144 i w okresie zwi\u0119kszonej sucho\u015bci powietrza. Preparat mo\u017ce by\u0107 r\u00f3wnie\u017c bezpiecznie u\u017cywany do zewn\u0119trznego oczyszczania [&hellip;]<\/p>\n","protected":false},"featured_media":11902,"comment_status":"open","ping_status":"closed","template":"","meta":[],"product_brand":[],"product_cat":[137,76,68,139,109],"product_tag":[],"class_list":{"0":"post-11903","1":"product","2":"type-product","3":"status-publish","4":"has-post-thumbnail","6":"product_cat-aspiratory","7":"product_cat-dziecko","8":"product_cat-higiena-i-pielegnacja","9":"product_cat-sol-fizjologiczna","10":"product_cat-zdrowie","12":"first","13":"instock","14":"taxable","15":"shipping-taxable","16":"purchasable","17":"product-type-simple"},"_links":{"self":[{"href":"https:\/\/www.bobooaza.pl\/index.php\/wp-json\/wp\/v2\/product\/11903","targetHints":{"allow":["GET"]}}],"collection":[{"href":"https:\/\/www.bobooaza.pl\/index.php\/wp-json\/wp\/v2\/product"}],"about":[{"href":"https:\/\/www.bobooaza.pl\/index.php\/wp-json\/wp\/v2\/types\/product"}],"replies":[{"embeddable":true,"href":"https:\/\/www.bobooaza.pl\/index.php\/wp-json\/wp\/v2\/comments?post=11903"}],"wp:featuredmedia":[{"embeddable":true,"href":"https:\/\/www.bobooaza.pl\/index.php\/wp-json\/wp\/v2\/media\/11902"}],"wp:attachment":[{"href":"https:\/\/www.bobooaza.pl\/index.php\/wp-json\/wp\/v2\/media?parent=11903"}],"wp:term":[{"taxonomy":"product_brand","embeddable":true,"href":"https:\/\/www.bobooaza.pl\/index.php\/wp-json\/wp\/v2\/product_brand?post=11903"},{"taxonomy":"product_cat","embeddable":true,"href":"https:\/\/www.bobooaza.pl\/index.php\/wp-json\/wp\/v2\/product_cat?post=11903"},{"taxonomy":"product_tag","embeddable":true,"href":"https:\/\/www.bobooaza.pl\/index.php\/wp-json\/wp\/v2\/product_tag?post=11903"}],"curies":[{"name":"wp","href":"https:\/\/api.w.org\/{rel}","templated":true}]}}