{"id":11911,"date":"2026-01-11T19:53:35","date_gmt":"2026-01-11T18:53:35","guid":{"rendered":"https:\/\/bobooaza.pl\/index.php\/produkt\/katarek-aspirator-complete-secure-20-amp-naci\/"},"modified":"2026-01-19T21:55:18","modified_gmt":"2026-01-19T20:55:18","slug":"katarek-aspirator-complete-secure-20-amp-naci","status":"publish","type":"product","link":"https:\/\/www.bobooaza.pl\/index.php\/produkt\/katarek-aspirator-complete-secure-20-amp-naci\/","title":{"rendered":"KATAREK Aspirator COMPLETE Secure+ (20 amp.NaCI)"},"content":{"rendered":"<p>Katarek Complete Secure+ to kompleksowy zestaw do skutecznego i bezpiecznego usuwania kataru u niemowl\u0105t i ma\u0142ych dzieci, kt\u00f3ry sprawdzi si\u0119 ju\u017c od pierwszych dni \u017cycia. W jednym praktycznym opakowaniu znajduje si\u0119 aspirator kataru pod\u0142\u0105czany do domowego odkurzacza, 20 ampu\u0142ek soli fizjologicznej Katarek Secure+ oraz komplet niezb\u0119dnych akcesori\u00f3w, co pozwala na przeprowadzenie pe\u0142nej i prawid\u0142owej aspiracji nosa dziecka.<\/p>\n<p>Aspirator wykorzystuje kontrolowan\u0105 moc ss\u0105c\u0105 odkurzacza, kt\u00f3ra jest redukowana do warto\u015bci bezpiecznych dla najm\u0142odszych, dzi\u0119ki czemu skutecznie usuwa zalegaj\u0105c\u0105 wydzielin\u0119 i u\u0142atwia dziecku oddychanie. Rozkr\u0119cana komora umo\u017cliwia \u0142atwe i dok\u0142adne czyszczenie po ka\u017cdym u\u017cyciu, a do\u0142\u0105czone dwie ko\u0144c\u00f3wki zwi\u0119kszaj\u0105 higien\u0119, szczeg\u00f3lnie gdy zestaw u\u017cywany jest przez wi\u0119cej ni\u017c jedno dziecko. Szczoteczka do czyszczenia dodatkowo wspiera utrzymanie aspiratora w idealnym stanie.<\/p>\n<p>Uzupe\u0142nieniem zestawu jest s\u00f3l fizjologiczna Katarek Secure+ w jednorazowych ampu\u0142kach o pojemno\u015bci 5 ml. Innowacyjny aplikator o zaokr\u0105glonym zako\u0144czeniu nie posiada ostrych kraw\u0119dzi, co zwi\u0119ksza bezpiecze\u0144stwo stosowania i precyzj\u0119 aplikacji. S\u00f3l fizjologiczna pomaga rozrzedzi\u0107 wydzielin\u0119 przed aspiracj\u0105 oraz nawil\u017ca \u015bluz\u00f3wk\u0119 nosa po jej zako\u0144czeniu, wspieraj\u0105c komfort i ochron\u0119 delikatnych dr\u00f3g oddechowych dziecka.<\/p>\n<p>Ca\u0142o\u015b\u0107 zapakowana jest w wytrzyma\u0142e, por\u0119czne pude\u0142ko w formie apteczki, kt\u00f3re u\u0142atwia przechowywanie i transport zestawu w domu, na wyjazdach i wakacjach. Katarek Complete Secure+ to niezast\u0105pione rozwi\u0105zanie dla rodzic\u00f3w, kt\u00f3rzy chc\u0105 szybko, skutecznie i bezpiecznie pom\u00f3c dziecku w walce z katarem oraz zadba\u0107 o swobodne oddychanie ka\u017cdego dnia.<\/p>\n","protected":false},"excerpt":{"rendered":"<p>Katarek Complete Secure+ to kompleksowy zestaw do skutecznego i bezpiecznego usuwania kataru u niemowl\u0105t i ma\u0142ych dzieci, kt\u00f3ry sprawdzi si\u0119 ju\u017c od pierwszych dni \u017cycia. W jednym praktycznym opakowaniu znajduje si\u0119 aspirator kataru pod\u0142\u0105czany do domowego odkurzacza, 20 ampu\u0142ek soli fizjologicznej Katarek Secure+ oraz komplet niezb\u0119dnych akcesori\u00f3w, co pozwala na przeprowadzenie pe\u0142nej i prawid\u0142owej aspiracji [&hellip;]<\/p>\n","protected":false},"featured_media":11910,"comment_status":"open","ping_status":"closed","template":"","meta":[],"product_brand":[],"product_cat":[137,138,76,68,109],"product_tag":[],"class_list":{"0":"post-11911","1":"product","2":"type-product","3":"status-publish","4":"has-post-thumbnail","6":"product_cat-aspiratory","7":"product_cat-aspiratory-i-inhalatory","8":"product_cat-dziecko","9":"product_cat-higiena-i-pielegnacja","10":"product_cat-zdrowie","12":"first","13":"instock","14":"taxable","15":"shipping-taxable","16":"purchasable","17":"product-type-simple"},"_links":{"self":[{"href":"https:\/\/www.bobooaza.pl\/index.php\/wp-json\/wp\/v2\/product\/11911","targetHints":{"allow":["GET"]}}],"collection":[{"href":"https:\/\/www.bobooaza.pl\/index.php\/wp-json\/wp\/v2\/product"}],"about":[{"href":"https:\/\/www.bobooaza.pl\/index.php\/wp-json\/wp\/v2\/types\/product"}],"replies":[{"embeddable":true,"href":"https:\/\/www.bobooaza.pl\/index.php\/wp-json\/wp\/v2\/comments?post=11911"}],"wp:featuredmedia":[{"embeddable":true,"href":"https:\/\/www.bobooaza.pl\/index.php\/wp-json\/wp\/v2\/media\/11910"}],"wp:attachment":[{"href":"https:\/\/www.bobooaza.pl\/index.php\/wp-json\/wp\/v2\/media?parent=11911"}],"wp:term":[{"taxonomy":"product_brand","embeddable":true,"href":"https:\/\/www.bobooaza.pl\/index.php\/wp-json\/wp\/v2\/product_brand?post=11911"},{"taxonomy":"product_cat","embeddable":true,"href":"https:\/\/www.bobooaza.pl\/index.php\/wp-json\/wp\/v2\/product_cat?post=11911"},{"taxonomy":"product_tag","embeddable":true,"href":"https:\/\/www.bobooaza.pl\/index.php\/wp-json\/wp\/v2\/product_tag?post=11911"}],"curies":[{"name":"wp","href":"https:\/\/api.w.org\/{rel}","templated":true}]}}